{"id":1593,"date":"2019-08-30T13:15:05","date_gmt":"2019-08-30T16:15:05","guid":{"rendered":"http:\/\/siye.com.ar\/?page_id=1593"},"modified":"2023-07-04T16:45:31","modified_gmt":"2023-07-04T19:45:31","slug":"departamento-laprida","status":"publish","type":"page","link":"https:\/\/siye.com.ar\/index.php\/departamento-laprida\/","title":{"rendered":"Departamento LPRD"},"content":{"rendered":"\t\t<div data-elementor-type=\"wp-post\" data-elementor-id=\"1593\" class=\"elementor elementor-1593\">\n\t\t\t\t\t\t<section class=\"elementor-section elementor-top-section elementor-element elementor-element-5e137d3 elementor-section-boxed elementor-section-height-default elementor-section-height-default\" data-id=\"5e137d3\" data-element_type=\"section\">\n\t\t\t\t\t\t<div class=\"elementor-container elementor-column-gap-default\">\n\t\t\t\t\t<div class=\"elementor-column elementor-col-100 elementor-top-column elementor-element elementor-element-a049950\" data-id=\"a049950\" data-element_type=\"column\">\n\t\t\t<div class=\"elementor-widget-wrap elementor-element-populated\">\n\t\t\t\t\t\t<div class=\"elementor-element elementor-element-290fb1a elementor-widget elementor-widget-heading\" data-id=\"290fb1a\" data-element_type=\"widget\" data-widget_type=\"heading.default\">\n\t\t\t\t<div class=\"elementor-widget-container\">\n\t\t\t<h2 class=\"elementor-heading-title elementor-size-default\">- DEPARTAMENTO LPRD -<\/h2>\t\t<\/div>\n\t\t\t\t<\/div>\n\t\t\t\t<div class=\"elementor-element elementor-element-6b2e4ee elementor-widget-divider--view-line elementor-widget elementor-widget-divider\" data-id=\"6b2e4ee\" data-element_type=\"widget\" data-widget_type=\"divider.default\">\n\t\t\t\t<div class=\"elementor-widget-container\">\n\t\t\t\t\t<div class=\"elementor-divider\">\n\t\t\t<span class=\"elementor-divider-separator\">\n\t\t\t\t\t\t<\/span>\n\t\t<\/div>\n\t\t\t\t<\/div>\n\t\t\t\t<\/div>\n\t\t\t\t\t<\/div>\n\t\t<\/div>\n\t\t\t\t\t<\/div>\n\t\t<\/section>\n\t\t\t\t<section class=\"elementor-section elementor-top-section elementor-element elementor-element-f60341a elementor-section-boxed elementor-section-height-default elementor-section-height-default\" data-id=\"f60341a\" data-element_type=\"section\">\n\t\t\t\t\t\t<div class=\"elementor-container elementor-column-gap-default\">\n\t\t\t\t\t<div class=\"elementor-column elementor-col-100 elementor-top-column elementor-element elementor-element-8d1d746\" data-id=\"8d1d746\" data-element_type=\"column\">\n\t\t\t<div class=\"elementor-widget-wrap elementor-element-populated\">\n\t\t\t\t\t\t<div class=\"elementor-element elementor-element-8557d63 elementor-widget elementor-widget-text-editor\" data-id=\"8557d63\" data-element_type=\"widget\" data-widget_type=\"text-editor.default\">\n\t\t\t\t<div class=\"elementor-widget-container\">\n\t\t\t\t\t\t\t<ul><li>Proyecto, c\u00e1lculo estructural, construcci\u00f3n y direcci\u00f3n de obra: <strong>Slepoy estudio + SIYE S.A.<\/strong><\/li><li>Ubicaci\u00f3n: <strong>C.A.B.A.<\/strong><\/li><li>A\u00f1o de finalizaci\u00f3n: <strong>2014.<\/strong><\/li><li>Categor\u00eda:<strong> remodelaci\u00f3n, reciclaje y arquitectura interior.<\/strong><\/li><\/ul>\t\t\t\t\t\t<\/div>\n\t\t\t\t<\/div>\n\t\t\t\t\t<\/div>\n\t\t<\/div>\n\t\t\t\t\t<\/div>\n\t\t<\/section>\n\t\t\t\t<section class=\"elementor-section elementor-top-section elementor-element elementor-element-5e3e5d9 elementor-section-boxed elementor-section-height-default elementor-section-height-default\" data-id=\"5e3e5d9\" data-element_type=\"section\">\n\t\t\t\t\t\t<div class=\"elementor-container elementor-column-gap-default\">\n\t\t\t\t\t<div class=\"elementor-column elementor-col-100 elementor-top-column elementor-element elementor-element-5b43410\" data-id=\"5b43410\" data-element_type=\"column\">\n\t\t\t<div class=\"elementor-widget-wrap elementor-element-populated\">\n\t\t\t\t\t\t<div class=\"elementor-element elementor-element-aef3d55 elementor-widget elementor-widget-shortcode\" data-id=\"aef3d55\" data-element_type=\"widget\" data-widget_type=\"shortcode.default\">\n\t\t\t\t<div class=\"elementor-widget-container\">\n\t\t\t\t\t<div class=\"elementor-shortcode\"><!-- Final Tiles Grid Gallery for WordPress v3.5.8 free --><style>#ftg-3232 .tile .icon { color:#ffffff; }#ftg-3232 .ftg-items .loading-bar i { background:#666; }#ftg-3232 .ftg-items .loading-bar { background:#fff; }#ftg-3232 .tile .icon { font-size:12px; }#ftg-3232 .tile .icon { margin: -6px 0 0 -6px; }#ftg-3232 .tile .caption-block .text-wrapper span.text { font-size:12px; }#ftg-3232 .tile .caption-outside .text-wrapper span.text { font-size:12px; }#ftg-3232 .tile .caption-block .text-wrapper span.title { font-size:14px; }#ftg-3232 .tile .caption-outside .text-wrapper span.title { font-size:14px; }#ftg-3232 .tile { background-color: transparent; }#ftg-3232 .tile .caption-block .text-wrapper span.text { color: #ffffff; }#ftg-3232 .tile .caption-block .text-wrapper span.title { color: #ffffff; }#ftg-3232 .tile .caption-outside .text-wrapper span.text { color: #ffffff; }#ftg-3232 .tile .caption-outside .text-wrapper span.title { color: #ffffff; }#ftg-3232 .tile .ftg-social a { color: #ffffff; }#ftg-3232 .tile .caption-block { transition-duration:0.25s; }#ftg-3232 .tile .tile-inner:before { background-color: #000000; }#ftg-3232 .tile .tile-inner:before { background-color: rgba(0, 0, 0, 0.8); }#ftg-3232 .tile:hover img {-moz-transform: -moz-rotate(0deg) -moz-scale(0) ;-webkit-transform: -webkit-rotate(0deg) -webkit-scale(0) ;-o-transform: -o-rotate(0deg) -o-scale(0) ;-ms-transform: -ms-rotate(0deg) -ms-scale(0) ;transform: rotate(0deg) scale(0) ;}<\/style><a name='32'><\/a><div class='final-tiles-gallery  ftg-hover-enabled caption-inside  caption-none caption-middle caption-center' id='ftg-3232' style='width:100%'><div class='ftg-items'><div class='loading-bar'><i><\/i><\/div><div  class='tile ftg-preload  '><a title=\"\" data-lightbox='ftg-3232' rel='ftg-3232'  class=' tile-inner  ftg-lightbox' href='https:\/\/siye.com.ar\/wp-content\/uploads\/2023\/06\/20230119_190410-1024x577.jpg' ><img alt='' class='item skip-lazy' data-class='item' data-ftg-source='https:\/\/siye.com.ar\/wp-content\/uploads\/2023\/06\/20230119_190410-1024x577.jpg' src='https:\/\/siye.com.ar\/wp-content\/uploads\/2023\/06\/20230119_190410-1024x577.jpg' width='1024' height='577' \/><\/a><div class='ftg-social'><\/div><\/div><div  class='tile ftg-preload  '><a title=\"\" data-lightbox='ftg-3232' rel='ftg-3232'  class=' tile-inner  ftg-lightbox' href='https:\/\/siye.com.ar\/wp-content\/uploads\/2023\/06\/20230119_190128-768x1024.jpg' ><img alt='' class='item skip-lazy' data-class='item' data-ftg-source='https:\/\/siye.com.ar\/wp-content\/uploads\/2023\/06\/20230119_190128-768x1024.jpg' src='https:\/\/siye.com.ar\/wp-content\/uploads\/2023\/06\/20230119_190128-768x1024.jpg' width='768' height='1024' \/><\/a><div class='ftg-social'><\/div><\/div><div  class='tile ftg-preload  '><a title=\"\" data-lightbox='ftg-3232' rel='ftg-3232'  class=' tile-inner  ftg-lightbox' href='https:\/\/siye.com.ar\/wp-content\/uploads\/2023\/06\/20230119_185958-1024x768.jpg' ><img alt='' class='item skip-lazy' data-class='item' data-ftg-source='https:\/\/siye.com.ar\/wp-content\/uploads\/2023\/06\/20230119_185958-1024x768.jpg' src='https:\/\/siye.com.ar\/wp-content\/uploads\/2023\/06\/20230119_185958-1024x768.jpg' width='1024' height='768' \/><\/a><div class='ftg-social'><\/div><\/div><div  class='tile ftg-preload  '><a title=\"\" data-lightbox='ftg-3232' rel='ftg-3232'  class=' tile-inner  ftg-lightbox' href='https:\/\/siye.com.ar\/wp-content\/uploads\/2019\/08\/siye-arquitectura-vivienda-.unifamiliar-departamento-Laprida-foto-11.jpg' ><img alt='' class='item skip-lazy' data-class='item' data-ftg-source='http:\/\/siye.com.ar\/wp-content\/uploads\/2019\/08\/siye-arquitectura-vivienda-.unifamiliar-departamento-Laprida-foto-11.jpg' src='http:\/\/siye.com.ar\/wp-content\/uploads\/2019\/08\/siye-arquitectura-vivienda-.unifamiliar-departamento-Laprida-foto-11.jpg' width='600' height='400' \/><\/a><div class='ftg-social'><\/div><\/div><div  class='tile ftg-preload  '><a title=\"\" data-lightbox='ftg-3232' rel='ftg-3232'  class=' tile-inner  ftg-lightbox' href='https:\/\/siye.com.ar\/wp-content\/uploads\/2023\/06\/20230119_182754-640x1024.jpg' ><img alt='' class='item skip-lazy' data-class='item' data-ftg-source='https:\/\/siye.com.ar\/wp-content\/uploads\/2023\/06\/20230119_182754-640x1024.jpg' src='https:\/\/siye.com.ar\/wp-content\/uploads\/2023\/06\/20230119_182754-640x1024.jpg' width='640' height='1024' \/><\/a><div class='ftg-social'><\/div><\/div><div  class='tile ftg-preload  '><a title=\"\" data-lightbox='ftg-3232' rel='ftg-3232'  class=' tile-inner  ftg-lightbox' href='https:\/\/siye.com.ar\/wp-content\/uploads\/2019\/08\/siye-arquitectura-vivienda-.unifamiliar-departamento-Laprida-foto-12.jpg' ><img alt='' class='item skip-lazy' data-class='item' data-ftg-source='http:\/\/siye.com.ar\/wp-content\/uploads\/2019\/08\/siye-arquitectura-vivienda-.unifamiliar-departamento-Laprida-foto-12.jpg' src='http:\/\/siye.com.ar\/wp-content\/uploads\/2019\/08\/siye-arquitectura-vivienda-.unifamiliar-departamento-Laprida-foto-12.jpg' width='600' height='400' \/><\/a><div class='ftg-social'><\/div><\/div><div  class='tile ftg-preload  '><a title=\"\" data-lightbox='ftg-3232' rel='ftg-3232'  class=' tile-inner  ftg-lightbox' href='https:\/\/siye.com.ar\/wp-content\/uploads\/2023\/06\/20230119_182606-577x1024.jpg' ><img alt='' class='item skip-lazy' data-class='item' data-ftg-source='https:\/\/siye.com.ar\/wp-content\/uploads\/2023\/06\/20230119_182606-577x1024.jpg' src='https:\/\/siye.com.ar\/wp-content\/uploads\/2023\/06\/20230119_182606-577x1024.jpg' width='577' height='1024' \/><\/a><div class='ftg-social'><\/div><\/div><div  class='tile ftg-preload  '><a title=\"\" data-lightbox='ftg-3232' rel='ftg-3232'  class=' tile-inner  ftg-lightbox' href='https:\/\/siye.com.ar\/wp-content\/uploads\/2019\/08\/siye-arquitectura-vivienda-.unifamiliar-departamento-Laprida-foto-10.jpg' ><img alt='' class='item skip-lazy' data-class='item' data-ftg-source='http:\/\/siye.com.ar\/wp-content\/uploads\/2019\/08\/siye-arquitectura-vivienda-.unifamiliar-departamento-Laprida-foto-10.jpg' src='http:\/\/siye.com.ar\/wp-content\/uploads\/2019\/08\/siye-arquitectura-vivienda-.unifamiliar-departamento-Laprida-foto-10.jpg' width='600' height='400' \/><\/a><div class='ftg-social'><\/div><\/div><div  class='tile ftg-preload  '><a title=\"\" data-lightbox='ftg-3232' rel='ftg-3232'  class=' tile-inner  ftg-lightbox' href='https:\/\/siye.com.ar\/wp-content\/uploads\/2019\/08\/siye-arquitectura-vivienda-.unifamiliar-departamento-Laprida-foto-1.jpg' ><img alt='' class='item skip-lazy' data-class='item' data-ftg-source='http:\/\/siye.com.ar\/wp-content\/uploads\/2019\/08\/siye-arquitectura-vivienda-.unifamiliar-departamento-Laprida-foto-1.jpg' src='http:\/\/siye.com.ar\/wp-content\/uploads\/2019\/08\/siye-arquitectura-vivienda-.unifamiliar-departamento-Laprida-foto-1.jpg' width='600' height='900' \/><\/a><div class='ftg-social'><\/div><\/div><div  class='tile ftg-preload  '><a title=\"\" data-lightbox='ftg-3232' rel='ftg-3232'  class=' tile-inner  ftg-lightbox' href='https:\/\/siye.com.ar\/wp-content\/uploads\/2019\/08\/siye-arquitectura-vivienda-.unifamiliar-departamento-Laprida-foto-8.jpg' ><img alt='' class='item skip-lazy' data-class='item' data-ftg-source='http:\/\/siye.com.ar\/wp-content\/uploads\/2019\/08\/siye-arquitectura-vivienda-.unifamiliar-departamento-Laprida-foto-8.jpg' src='http:\/\/siye.com.ar\/wp-content\/uploads\/2019\/08\/siye-arquitectura-vivienda-.unifamiliar-departamento-Laprida-foto-8.jpg' width='600' height='900' \/><\/a><div class='ftg-social'><\/div><\/div><div  class='tile ftg-preload  '><a title=\"\" data-lightbox='ftg-3232' rel='ftg-3232'  class=' tile-inner  ftg-lightbox' href='https:\/\/siye.com.ar\/wp-content\/uploads\/2019\/08\/siye-arquitectura-vivienda-.unifamiliar-departamento-Laprida-foto-9.jpg' ><img alt='' class='item skip-lazy' data-class='item' data-ftg-source='http:\/\/siye.com.ar\/wp-content\/uploads\/2019\/08\/siye-arquitectura-vivienda-.unifamiliar-departamento-Laprida-foto-9.jpg' src='http:\/\/siye.com.ar\/wp-content\/uploads\/2019\/08\/siye-arquitectura-vivienda-.unifamiliar-departamento-Laprida-foto-9.jpg' width='600' height='400' \/><\/a><div class='ftg-social'><\/div><\/div><div  class='tile ftg-preload  '><a title=\"\" data-lightbox='ftg-3232' rel='ftg-3232'  class=' tile-inner  ftg-lightbox' href='https:\/\/siye.com.ar\/wp-content\/uploads\/2019\/08\/siye-arquitectura-vivienda-.unifamiliar-departamento-Laprida-foto-3.jpg' ><img alt='' class='item skip-lazy' data-class='item' data-ftg-source='http:\/\/siye.com.ar\/wp-content\/uploads\/2019\/08\/siye-arquitectura-vivienda-.unifamiliar-departamento-Laprida-foto-3.jpg' src='http:\/\/siye.com.ar\/wp-content\/uploads\/2019\/08\/siye-arquitectura-vivienda-.unifamiliar-departamento-Laprida-foto-3.jpg' width='600' height='900' \/><\/a><div class='ftg-social'><\/div><\/div><div  class='tile ftg-preload  '><a title=\"\" data-lightbox='ftg-3232' rel='ftg-3232'  class=' tile-inner  ftg-lightbox' href='https:\/\/siye.com.ar\/wp-content\/uploads\/2019\/08\/siye-arquitectura-vivienda-.unifamiliar-departamento-Laprida-foto-2.jpg' ><img alt='' class='item skip-lazy' data-class='item' data-ftg-source='http:\/\/siye.com.ar\/wp-content\/uploads\/2019\/08\/siye-arquitectura-vivienda-.unifamiliar-departamento-Laprida-foto-2.jpg' src='http:\/\/siye.com.ar\/wp-content\/uploads\/2019\/08\/siye-arquitectura-vivienda-.unifamiliar-departamento-Laprida-foto-2.jpg' width='600' height='900' \/><\/a><div class='ftg-social'><\/div><\/div><div  class='tile ftg-preload  '><a title=\"\" data-lightbox='ftg-3232' rel='ftg-3232'  class=' tile-inner  ftg-lightbox' href='https:\/\/siye.com.ar\/wp-content\/uploads\/2019\/08\/siye-arquitectura-vivienda-.unifamiliar-departamento-Laprida-foto-5.jpg' ><img alt='' class='item skip-lazy' data-class='item' data-ftg-source='http:\/\/siye.com.ar\/wp-content\/uploads\/2019\/08\/siye-arquitectura-vivienda-.unifamiliar-departamento-Laprida-foto-5.jpg' src='http:\/\/siye.com.ar\/wp-content\/uploads\/2019\/08\/siye-arquitectura-vivienda-.unifamiliar-departamento-Laprida-foto-5.jpg' width='600' height='900' \/><\/a><div class='ftg-social'><\/div><\/div><div  class='tile ftg-preload  '><a title=\"\" data-lightbox='ftg-3232' rel='ftg-3232'  class=' tile-inner  ftg-lightbox' href='https:\/\/siye.com.ar\/wp-content\/uploads\/2019\/08\/siye-arquitectura-vivienda-.unifamiliar-departamento-Laprida-foto-4.jpg' ><img alt='' class='item skip-lazy' data-class='item' data-ftg-source='http:\/\/siye.com.ar\/wp-content\/uploads\/2019\/08\/siye-arquitectura-vivienda-.unifamiliar-departamento-Laprida-foto-4.jpg' src='http:\/\/siye.com.ar\/wp-content\/uploads\/2019\/08\/siye-arquitectura-vivienda-.unifamiliar-departamento-Laprida-foto-4.jpg' width='600' height='900' \/><\/a><div class='ftg-social'><\/div><\/div><div  class='tile ftg-preload  '><a title=\"\" data-lightbox='ftg-3232' rel='ftg-3232'  class=' tile-inner  ftg-lightbox' href='https:\/\/siye.com.ar\/wp-content\/uploads\/2019\/08\/siye-arquitectura-vivienda-.unifamiliar-departamento-Laprida-foto-7.jpg' ><img alt='' class='item skip-lazy' data-class='item' data-ftg-source='http:\/\/siye.com.ar\/wp-content\/uploads\/2019\/08\/siye-arquitectura-vivienda-.unifamiliar-departamento-Laprida-foto-7.jpg' src='http:\/\/siye.com.ar\/wp-content\/uploads\/2019\/08\/siye-arquitectura-vivienda-.unifamiliar-departamento-Laprida-foto-7.jpg' width='600' height='900' \/><\/a><div class='ftg-social'><\/div><\/div><div  class='tile ftg-preload  '><a title=\"\" data-lightbox='ftg-3232' rel='ftg-3232'  class=' tile-inner  ftg-lightbox' href='https:\/\/siye.com.ar\/wp-content\/uploads\/2023\/06\/20230119_160902-768x1024.jpg' ><img alt='' class='item skip-lazy' data-class='item' data-ftg-source='https:\/\/siye.com.ar\/wp-content\/uploads\/2023\/06\/20230119_160902-768x1024.jpg' src='https:\/\/siye.com.ar\/wp-content\/uploads\/2023\/06\/20230119_160902-768x1024.jpg' width='768' height='1024' \/><\/a><div class='ftg-social'><\/div><\/div><div  class='tile ftg-preload  '><a title=\"\" data-lightbox='ftg-3232' rel='ftg-3232'  class=' tile-inner  ftg-lightbox' href='https:\/\/siye.com.ar\/wp-content\/uploads\/2023\/06\/20230119_161107-1024x577.jpg' ><img alt='' class='item skip-lazy' data-class='item' data-ftg-source='https:\/\/siye.com.ar\/wp-content\/uploads\/2023\/06\/20230119_161107-1024x577.jpg' src='https:\/\/siye.com.ar\/wp-content\/uploads\/2023\/06\/20230119_161107-1024x577.jpg' width='1024' height='577' \/><\/a><div class='ftg-social'><\/div><\/div><div  class='tile ftg-preload  '><a title=\"\" data-lightbox='ftg-3232' rel='ftg-3232'  class=' tile-inner  ftg-lightbox' href='https:\/\/siye.com.ar\/wp-content\/uploads\/2023\/06\/20230119_134053-1024x577.jpg' ><img alt='' class='item skip-lazy' data-class='item' data-ftg-source='https:\/\/siye.com.ar\/wp-content\/uploads\/2023\/06\/20230119_134053-1024x577.jpg' src='https:\/\/siye.com.ar\/wp-content\/uploads\/2023\/06\/20230119_134053-1024x577.jpg' width='1024' height='577' \/><\/a><div class='ftg-social'><\/div><\/div><div  class='tile ftg-preload  '><a title=\"\" data-lightbox='ftg-3232' rel='ftg-3232'  class=' tile-inner  ftg-lightbox' href='https:\/\/siye.com.ar\/wp-content\/uploads\/2023\/06\/20230119_134312-768x1024.jpg' ><img alt='' class='item skip-lazy' data-class='item' data-ftg-source='https:\/\/siye.com.ar\/wp-content\/uploads\/2023\/06\/20230119_134312-768x1024.jpg' src='https:\/\/siye.com.ar\/wp-content\/uploads\/2023\/06\/20230119_134312-768x1024.jpg' width='768' height='1024' \/><\/a><div class='ftg-social'><\/div><\/div><div  class='tile ftg-preload  '><a title=\"\" data-lightbox='ftg-3232' rel='ftg-3232'  class=' tile-inner  ftg-lightbox' href='https:\/\/siye.com.ar\/wp-content\/uploads\/2019\/08\/siye-arquitectura-vivienda-.unifamiliar-departamento-Laprida-foto-6.jpg' ><img alt='' class='item skip-lazy' data-class='item' data-ftg-source='http:\/\/siye.com.ar\/wp-content\/uploads\/2019\/08\/siye-arquitectura-vivienda-.unifamiliar-departamento-Laprida-foto-6.jpg' src='http:\/\/siye.com.ar\/wp-content\/uploads\/2019\/08\/siye-arquitectura-vivienda-.unifamiliar-departamento-Laprida-foto-6.jpg' width='600' height='900' \/><\/a><div class='ftg-social'><\/div><\/div><\/div><\/div><script type='text\/javascript'>jQuery('#ftg-3232 img.item').removeAttr('src');jQuery(document).ready(function () {setTimeout(function () {jQuery('#ftg-3232').finalTilesGallery({minTileWidth: 250,margin: 10,loadMethod: 'sequential',nonce: '970cd7b497',galleryId: '32',setupFilters: true,layout: 'columns',debug: false,gridSize: 25,disableGridSizeBelow:800,allowEnlargement: true,columns: [[4000, 2],[1024, 2],[800, 2],[480, 2],[320, 2]],selectedFilter: 'n-a'});jQuery(function () {(function () {var rel = '';jQuery('#ftg-3232 .ftg-lightbox').click(function (e) {rel = jQuery(this).attr('rel');jQuery('#ftg-3232 .ftg-current').removeClass('ftg-current');jQuery('#ftg-3232 [rel=\"'+rel+'\"]').addClass('ftg-current');});})();});}, 0);});<\/script><\/div>\n\t\t\t\t<\/div>\n\t\t\t\t<\/div>\n\t\t\t\t\t<\/div>\n\t\t<\/div>\n\t\t\t\t\t<\/div>\n\t\t<\/section>\n\t\t\t\t<section class=\"elementor-section elementor-top-section elementor-element elementor-element-7293c527 elementor-section-boxed elementor-section-height-default elementor-section-height-default\" data-id=\"7293c527\" data-element_type=\"section\">\n\t\t\t\t\t\t<div class=\"elementor-container elementor-column-gap-default\">\n\t\t\t\t\t<div class=\"elementor-column elementor-col-50 elementor-top-column elementor-element elementor-element-1332cebc\" data-id=\"1332cebc\" data-element_type=\"column\">\n\t\t\t<div class=\"elementor-widget-wrap elementor-element-populated\">\n\t\t\t\t\t\t<div class=\"elementor-element elementor-element-74c8696e elementor-view-default elementor-widget elementor-widget-icon\" data-id=\"74c8696e\" data-element_type=\"widget\" data-widget_type=\"icon.default\">\n\t\t\t\t<div class=\"elementor-widget-container\">\n\t\t\t\t\t<div class=\"elementor-icon-wrapper\">\n\t\t\t<a class=\"elementor-icon\" href=\"https:\/\/siye.com.ar\/index.php\/unifamiliar\/\">\n\t\t\t<i aria-hidden=\"true\" class=\"fas fa-chevron-left\"><\/i>\t\t\t<\/a>\n\t\t<\/div>\n\t\t\t\t<\/div>\n\t\t\t\t<\/div>\n\t\t\t\t\t<\/div>\n\t\t<\/div>\n\t\t\t\t<div class=\"elementor-column elementor-col-50 elementor-top-column elementor-element elementor-element-e6e9376\" data-id=\"e6e9376\" data-element_type=\"column\">\n\t\t\t<div class=\"elementor-widget-wrap elementor-element-populated\">\n\t\t\t\t\t\t<div class=\"elementor-element elementor-element-65ff31b7 elementor-widget elementor-widget-heading\" data-id=\"65ff31b7\" data-element_type=\"widget\" data-widget_type=\"heading.default\">\n\t\t\t\t<div class=\"elementor-widget-container\">\n\t\t\t<h5 class=\"elementor-heading-title elementor-size-default\"><a href=\"https:\/\/siye.com.ar\/index.php\/unifamiliar\/\">volver<\/a><\/h5>\t\t<\/div>\n\t\t\t\t<\/div>\n\t\t\t\t\t<\/div>\n\t\t<\/div>\n\t\t\t\t\t<\/div>\n\t\t<\/section>\n\t\t\t\t<\/div>\n\t\t","protected":false},"excerpt":{"rendered":"<p>&#8211; DEPARTAMENTO LPRD &#8211; Proyecto, c\u00e1lculo estructural, construcci\u00f3n y direcci\u00f3n de obra: Slepoy estudio + SIYE S.A. Ubicaci\u00f3n: C.A.B.A. A\u00f1o [&hellip;]<\/p>\n","protected":false},"author":1,"featured_media":0,"parent":0,"menu_order":0,"comment_status":"closed","ping_status":"closed","template":"page-templates\/template_page-builder.php","meta":{"_joinchat":[]},"_links":{"self":[{"href":"https:\/\/siye.com.ar\/index.php\/wp-json\/wp\/v2\/pages\/1593"}],"collection":[{"href":"https:\/\/siye.com.ar\/index.php\/wp-json\/wp\/v2\/pages"}],"about":[{"href":"https:\/\/siye.com.ar\/index.php\/wp-json\/wp\/v2\/types\/page"}],"author":[{"embeddable":true,"href":"https:\/\/siye.com.ar\/index.php\/wp-json\/wp\/v2\/users\/1"}],"replies":[{"embeddable":true,"href":"https:\/\/siye.com.ar\/index.php\/wp-json\/wp\/v2\/comments?post=1593"}],"version-history":[{"count":0,"href":"https:\/\/siye.com.ar\/index.php\/wp-json\/wp\/v2\/pages\/1593\/revisions"}],"wp:attachment":[{"href":"https:\/\/siye.com.ar\/index.php\/wp-json\/wp\/v2\/media?parent=1593"}],"curies":[{"name":"wp","href":"https:\/\/api.w.org\/{rel}","templated":true}]}}