{"id":1779,"date":"2023-06-23T15:23:18","date_gmt":"2023-06-23T18:23:18","guid":{"rendered":"https:\/\/siye.com.ar\/?page_id=1779"},"modified":"2023-07-04T16:51:56","modified_gmt":"2023-07-04T19:51:56","slug":"consultorio-imas","status":"publish","type":"page","link":"https:\/\/siye.com.ar\/index.php\/consultorio-imas\/","title":{"rendered":"Consultorio IMAS"},"content":{"rendered":"\t\t<div data-elementor-type=\"wp-page\" data-elementor-id=\"1779\" class=\"elementor elementor-1779\">\n\t\t\t\t\t\t<section class=\"elementor-section elementor-top-section elementor-element elementor-element-3d592016 elementor-section-boxed elementor-section-height-default elementor-section-height-default\" data-id=\"3d592016\" data-element_type=\"section\">\n\t\t\t\t\t\t<div class=\"elementor-container elementor-column-gap-default\">\n\t\t\t\t\t<div class=\"elementor-column elementor-col-100 elementor-top-column elementor-element elementor-element-5c5402bd\" data-id=\"5c5402bd\" data-element_type=\"column\">\n\t\t\t<div class=\"elementor-widget-wrap elementor-element-populated\">\n\t\t\t\t\t\t<div class=\"elementor-element elementor-element-d078471 elementor-widget elementor-widget-heading\" data-id=\"d078471\" data-element_type=\"widget\" data-widget_type=\"heading.default\">\n\t\t\t\t<div class=\"elementor-widget-container\">\n\t\t\t<h2 class=\"elementor-heading-title elementor-size-default\">- CONSULTORIO IMAS -<\/h2>\t\t<\/div>\n\t\t\t\t<\/div>\n\t\t\t\t\t<\/div>\n\t\t<\/div>\n\t\t\t\t\t<\/div>\n\t\t<\/section>\n\t\t\t\t<section class=\"elementor-section elementor-top-section elementor-element elementor-element-4ef65522 elementor-section-boxed elementor-section-height-default elementor-section-height-default\" data-id=\"4ef65522\" data-element_type=\"section\">\n\t\t\t\t\t\t<div class=\"elementor-container elementor-column-gap-default\">\n\t\t\t\t\t<div class=\"elementor-column elementor-col-100 elementor-top-column elementor-element elementor-element-5170cf84\" data-id=\"5170cf84\" data-element_type=\"column\">\n\t\t\t<div class=\"elementor-widget-wrap elementor-element-populated\">\n\t\t\t\t\t\t<div class=\"elementor-element elementor-element-66363f94 elementor-widget-divider--view-line elementor-widget elementor-widget-divider\" data-id=\"66363f94\" data-element_type=\"widget\" data-widget_type=\"divider.default\">\n\t\t\t\t<div class=\"elementor-widget-container\">\n\t\t\t\t\t<div class=\"elementor-divider\">\n\t\t\t<span class=\"elementor-divider-separator\">\n\t\t\t\t\t\t<\/span>\n\t\t<\/div>\n\t\t\t\t<\/div>\n\t\t\t\t<\/div>\n\t\t\t\t<div class=\"elementor-element elementor-element-55f6c73d elementor-widget elementor-widget-text-editor\" data-id=\"55f6c73d\" data-element_type=\"widget\" data-widget_type=\"text-editor.default\">\n\t\t\t\t<div class=\"elementor-widget-container\">\n\t\t\t\t\t\t\t<ul><li>Proyecto, construcci\u00f3n y direcci\u00f3n de obra: <strong>Slepoy estudio + SIYE S.A.<\/strong><\/li><li>Ubicaci\u00f3n:<strong>\u00a0Balvanera, C.A.B.A.<\/strong><\/li><li>A\u00f1o de finalizaci\u00f3n: <strong>2021.<\/strong><\/li><li>Categor\u00eda: <strong>remodelaci\u00f3n y arquitectura interior.<\/strong><\/li><\/ul>\t\t\t\t\t\t<\/div>\n\t\t\t\t<\/div>\n\t\t\t\t<div class=\"elementor-element elementor-element-92a223b elementor-widget elementor-widget-shortcode\" data-id=\"92a223b\" data-element_type=\"widget\" data-widget_type=\"shortcode.default\">\n\t\t\t\t<div class=\"elementor-widget-container\">\n\t\t\t\t\t<div class=\"elementor-shortcode\"><!-- Final Tiles Grid Gallery for WordPress v3.5.8 free --><style>#ftg-22 .tile .icon { color:#ffffff; }#ftg-22 .ftg-items .loading-bar i { background:#666; }#ftg-22 .ftg-items .loading-bar { background:#fff; }#ftg-22 .tile .icon { font-size:12px; }#ftg-22 .tile .icon { margin: -6px 0 0 -6px; }#ftg-22 .tile .caption-block .text-wrapper span.text { font-size:12px; }#ftg-22 .tile .caption-outside .text-wrapper span.text { font-size:12px; }#ftg-22 .tile .caption-block .text-wrapper span.title { font-size:14px; }#ftg-22 .tile .caption-outside .text-wrapper span.title { font-size:14px; }#ftg-22 .tile { background-color: transparent; }#ftg-22 .tile .caption-block .text-wrapper span.text { color: #ffffff; }#ftg-22 .tile .caption-block .text-wrapper span.title { color: #ffffff; }#ftg-22 .tile .caption-outside .text-wrapper span.text { color: #ffffff; }#ftg-22 .tile .caption-outside .text-wrapper span.title { color: #ffffff; }#ftg-22 .tile .ftg-social a { color: #ffffff; }#ftg-22 .tile .caption-block { transition-duration:0.25s; }#ftg-22 .tile .tile-inner:before { background-color: #000000; }#ftg-22 .tile .tile-inner:before { background-color: rgba(0, 0, 0, 0.8); }#ftg-22 .tile:hover img {-moz-transform: -moz-rotate(0deg) -moz-scale(0) ;-webkit-transform: -webkit-rotate(0deg) -webkit-scale(0) ;-o-transform: -o-rotate(0deg) -o-scale(0) ;-ms-transform: -ms-rotate(0deg) -ms-scale(0) ;transform: rotate(0deg) scale(0) ;}<\/style><a name='2'><\/a><div class='final-tiles-gallery  ftg-hover-enabled caption-inside  caption-none caption-middle caption-center' id='ftg-22' style='width:100%'><div class='ftg-items'><div class='loading-bar'><i><\/i><\/div><div  class='tile ftg-preload  '><a title=\"\" data-lightbox='ftg-22' rel='ftg-22'  class=' tile-inner  ftg-lightbox' href='https:\/\/siye.com.ar\/wp-content\/uploads\/2023\/06\/1-Consultorio-Cordoba_18-1-1024x682.jpg' ><img alt='' class='item skip-lazy' data-class='item' data-ftg-source='https:\/\/siye.com.ar\/wp-content\/uploads\/2023\/06\/1-Consultorio-Cordoba_18-1-1024x682.jpg' src='https:\/\/siye.com.ar\/wp-content\/uploads\/2023\/06\/1-Consultorio-Cordoba_18-1-1024x682.jpg' width='1024' height='682' \/><\/a><div class='ftg-social'><\/div><\/div><div  class='tile ftg-preload  '><a title=\"\" data-lightbox='ftg-22' rel='ftg-22'  class=' tile-inner  ftg-lightbox' href='https:\/\/siye.com.ar\/wp-content\/uploads\/2023\/06\/2-Consultorio-Cordoba_25_-768x1024.jpg' ><img alt='' class='item skip-lazy' data-class='item' data-ftg-source='https:\/\/siye.com.ar\/wp-content\/uploads\/2023\/06\/2-Consultorio-Cordoba_25_-768x1024.jpg' src='https:\/\/siye.com.ar\/wp-content\/uploads\/2023\/06\/2-Consultorio-Cordoba_25_-768x1024.jpg' width='768' height='1024' \/><\/a><div class='ftg-social'><\/div><\/div><div  class='tile ftg-preload  '><a title=\"\" data-lightbox='ftg-22' rel='ftg-22'  class=' tile-inner  ftg-lightbox' href='https:\/\/siye.com.ar\/wp-content\/uploads\/2023\/06\/3-Consultorio-Cordoba_14-1024x682.jpg' ><img alt='' class='item skip-lazy' data-class='item' data-ftg-source='https:\/\/siye.com.ar\/wp-content\/uploads\/2023\/06\/3-Consultorio-Cordoba_14-1024x682.jpg' src='https:\/\/siye.com.ar\/wp-content\/uploads\/2023\/06\/3-Consultorio-Cordoba_14-1024x682.jpg' width='1024' height='682' \/><\/a><div class='ftg-social'><\/div><\/div><div  class='tile ftg-preload  '><a title=\"\" data-lightbox='ftg-22' rel='ftg-22'  class=' tile-inner  ftg-lightbox' href='https:\/\/siye.com.ar\/wp-content\/uploads\/2023\/06\/4-Consultorio-Cordoba_12-1024x682.jpg' ><img alt='' class='item skip-lazy' data-class='item' data-ftg-source='https:\/\/siye.com.ar\/wp-content\/uploads\/2023\/06\/4-Consultorio-Cordoba_12-1024x682.jpg' src='https:\/\/siye.com.ar\/wp-content\/uploads\/2023\/06\/4-Consultorio-Cordoba_12-1024x682.jpg' width='1024' height='682' \/><\/a><div class='ftg-social'><\/div><\/div><div  class='tile ftg-preload  '><a title=\"\" data-lightbox='ftg-22' rel='ftg-22'  class=' tile-inner  ftg-lightbox' href='https:\/\/siye.com.ar\/wp-content\/uploads\/2023\/06\/5-Consultorio-Cordoba_19-1024x682.jpg' ><img alt='' class='item skip-lazy' data-class='item' data-ftg-source='https:\/\/siye.com.ar\/wp-content\/uploads\/2023\/06\/5-Consultorio-Cordoba_19-1024x682.jpg' src='https:\/\/siye.com.ar\/wp-content\/uploads\/2023\/06\/5-Consultorio-Cordoba_19-1024x682.jpg' width='1024' height='682' \/><\/a><div class='ftg-social'><\/div><\/div><div  class='tile ftg-preload  '><a title=\"\" data-lightbox='ftg-22' rel='ftg-22'  class=' tile-inner  ftg-lightbox' href='https:\/\/siye.com.ar\/wp-content\/uploads\/2023\/06\/6-Consultorio-Cordoba_3-1024x682.jpg' ><img alt='' class='item skip-lazy' data-class='item' data-ftg-source='https:\/\/siye.com.ar\/wp-content\/uploads\/2023\/06\/6-Consultorio-Cordoba_3-1024x682.jpg' src='https:\/\/siye.com.ar\/wp-content\/uploads\/2023\/06\/6-Consultorio-Cordoba_3-1024x682.jpg' width='1024' height='682' \/><\/a><div class='ftg-social'><\/div><\/div><div  class='tile ftg-preload  '><a title=\"\" data-lightbox='ftg-22' rel='ftg-22'  class=' tile-inner  ftg-lightbox' href='https:\/\/siye.com.ar\/wp-content\/uploads\/2023\/06\/7-Consultorio-Cordoba_4-1024x682.jpg' ><img alt='' class='item skip-lazy' data-class='item' data-ftg-source='https:\/\/siye.com.ar\/wp-content\/uploads\/2023\/06\/7-Consultorio-Cordoba_4-1024x682.jpg' src='https:\/\/siye.com.ar\/wp-content\/uploads\/2023\/06\/7-Consultorio-Cordoba_4-1024x682.jpg' width='1024' height='682' \/><\/a><div class='ftg-social'><\/div><\/div><div  class='tile ftg-preload  '><a title=\"\" data-lightbox='ftg-22' rel='ftg-22'  class=' tile-inner  ftg-lightbox' href='https:\/\/siye.com.ar\/wp-content\/uploads\/2023\/06\/8-Consultorio-Cordoba_6-1024x682.jpg' ><img alt='' class='item skip-lazy' data-class='item' data-ftg-source='https:\/\/siye.com.ar\/wp-content\/uploads\/2023\/06\/8-Consultorio-Cordoba_6-1024x682.jpg' src='https:\/\/siye.com.ar\/wp-content\/uploads\/2023\/06\/8-Consultorio-Cordoba_6-1024x682.jpg' width='1024' height='682' \/><\/a><div class='ftg-social'><\/div><\/div><\/div><\/div><script type='text\/javascript'>jQuery('#ftg-22 img.item').removeAttr('src');jQuery(document).ready(function () {setTimeout(function () {jQuery('#ftg-22').finalTilesGallery({minTileWidth: 250,margin: 10,loadMethod: 'sequential',nonce: '45c2b80d9f',galleryId: '2',setupFilters: true,layout: 'columns',debug: false,gridSize: 25,disableGridSizeBelow:800,allowEnlargement: true,columns: [[4000, 2],[1024, 2],[800, 2],[480, 2],[320, 2]],selectedFilter: 'n-a'});jQuery(function () {(function () {var rel = '';jQuery('#ftg-22 .ftg-lightbox').click(function (e) {rel = jQuery(this).attr('rel');jQuery('#ftg-22 .ftg-current').removeClass('ftg-current');jQuery('#ftg-22 [rel=\"'+rel+'\"]').addClass('ftg-current');});})();});}, 0);});<\/script><\/div>\n\t\t\t\t<\/div>\n\t\t\t\t<\/div>\n\t\t\t\t\t<\/div>\n\t\t<\/div>\n\t\t\t\t\t<\/div>\n\t\t<\/section>\n\t\t\t\t<section class=\"elementor-section elementor-top-section elementor-element elementor-element-3d2301f9 elementor-section-boxed elementor-section-height-default elementor-section-height-default\" data-id=\"3d2301f9\" data-element_type=\"section\">\n\t\t\t\t\t\t<div class=\"elementor-container elementor-column-gap-default\">\n\t\t\t\t\t<div class=\"elementor-column elementor-col-50 elementor-top-column elementor-element elementor-element-32b13c78\" data-id=\"32b13c78\" data-element_type=\"column\">\n\t\t\t<div class=\"elementor-widget-wrap elementor-element-populated\">\n\t\t\t\t\t\t<div class=\"elementor-element elementor-element-79764bf6 elementor-view-default elementor-widget elementor-widget-icon\" data-id=\"79764bf6\" data-element_type=\"widget\" data-widget_type=\"icon.default\">\n\t\t\t\t<div class=\"elementor-widget-container\">\n\t\t\t\t\t<div class=\"elementor-icon-wrapper\">\n\t\t\t<a class=\"elementor-icon\" href=\"https:\/\/siye.com.ar\/index.php\/arquitectura-medica-obra\/\" rel=\"nofollow\">\n\t\t\t<i aria-hidden=\"true\" class=\"fas fa-chevron-left\"><\/i>\t\t\t<\/a>\n\t\t<\/div>\n\t\t\t\t<\/div>\n\t\t\t\t<\/div>\n\t\t\t\t\t<\/div>\n\t\t<\/div>\n\t\t\t\t<div class=\"elementor-column elementor-col-50 elementor-top-column elementor-element elementor-element-49a52edd\" data-id=\"49a52edd\" data-element_type=\"column\">\n\t\t\t<div class=\"elementor-widget-wrap elementor-element-populated\">\n\t\t\t\t\t\t<div class=\"elementor-element elementor-element-63dc7603 elementor-widget elementor-widget-heading\" data-id=\"63dc7603\" data-element_type=\"widget\" data-widget_type=\"heading.default\">\n\t\t\t\t<div class=\"elementor-widget-container\">\n\t\t\t<h5 class=\"elementor-heading-title elementor-size-default\"><a href=\"https:\/\/siye.com.ar\/index.php\/arquitectura-medica-obra\/\" rel=\"nofollow\">volver<\/a><\/h5>\t\t<\/div>\n\t\t\t\t<\/div>\n\t\t\t\t\t<\/div>\n\t\t<\/div>\n\t\t\t\t\t<\/div>\n\t\t<\/section>\n\t\t\t\t<section class=\"elementor-section elementor-top-section elementor-element elementor-element-2ec509c0 elementor-section-boxed elementor-section-height-default elementor-section-height-default\" data-id=\"2ec509c0\" data-element_type=\"section\">\n\t\t\t\t\t\t<div class=\"elementor-container elementor-column-gap-default\">\n\t\t\t\t\t<div class=\"elementor-column elementor-col-100 elementor-top-column elementor-element elementor-element-50e80227\" data-id=\"50e80227\" data-element_type=\"column\">\n\t\t\t<div class=\"elementor-widget-wrap elementor-element-populated\">\n\t\t\t\t\t\t<div class=\"elementor-element elementor-element-54d50b11 elementor-widget elementor-widget-spacer\" data-id=\"54d50b11\" data-element_type=\"widget\" data-widget_type=\"spacer.default\">\n\t\t\t\t<div class=\"elementor-widget-container\">\n\t\t\t\t\t<div class=\"elementor-spacer\">\n\t\t\t<div class=\"elementor-spacer-inner\"><\/div>\n\t\t<\/div>\n\t\t\t\t<\/div>\n\t\t\t\t<\/div>\n\t\t\t\t\t<\/div>\n\t\t<\/div>\n\t\t\t\t\t<\/div>\n\t\t<\/section>\n\t\t\t\t<\/div>\n\t\t","protected":false},"excerpt":{"rendered":"<p>&#8211; CONSULTORIO IMAS &#8211; Proyecto, construcci\u00f3n y direcci\u00f3n de obra: Slepoy estudio + SIYE S.A. Ubicaci\u00f3n:\u00a0Balvanera, C.A.B.A. A\u00f1o de finalizaci\u00f3n: [&hellip;]<\/p>\n","protected":false},"author":1,"featured_media":0,"parent":0,"menu_order":0,"comment_status":"closed","ping_status":"closed","template":"page-templates\/template_page-builder.php","meta":{"_joinchat":[]},"_links":{"self":[{"href":"https:\/\/siye.com.ar\/index.php\/wp-json\/wp\/v2\/pages\/1779"}],"collection":[{"href":"https:\/\/siye.com.ar\/index.php\/wp-json\/wp\/v2\/pages"}],"about":[{"href":"https:\/\/siye.com.ar\/index.php\/wp-json\/wp\/v2\/types\/page"}],"author":[{"embeddable":true,"href":"https:\/\/siye.com.ar\/index.php\/wp-json\/wp\/v2\/users\/1"}],"replies":[{"embeddable":true,"href":"https:\/\/siye.com.ar\/index.php\/wp-json\/wp\/v2\/comments?post=1779"}],"version-history":[{"count":0,"href":"https:\/\/siye.com.ar\/index.php\/wp-json\/wp\/v2\/pages\/1779\/revisions"}],"wp:attachment":[{"href":"https:\/\/siye.com.ar\/index.php\/wp-json\/wp\/v2\/media?parent=1779"}],"curies":[{"name":"wp","href":"https:\/\/api.w.org\/{rel}","templated":true}]}}