{"id":1936,"date":"2023-06-26T15:25:15","date_gmt":"2023-06-26T18:25:15","guid":{"rendered":"https:\/\/siye.com.ar\/?page_id=1936"},"modified":"2023-07-04T16:46:04","modified_gmt":"2023-07-04T19:46:04","slug":"departamento-cbll","status":"publish","type":"page","link":"https:\/\/siye.com.ar\/index.php\/departamento-cbll\/","title":{"rendered":"Departamento CBLL"},"content":{"rendered":"\t\t<div data-elementor-type=\"wp-page\" data-elementor-id=\"1936\" class=\"elementor elementor-1936\">\n\t\t\t\t\t\t<section class=\"elementor-section elementor-top-section elementor-element elementor-element-319c548c elementor-section-boxed elementor-section-height-default elementor-section-height-default\" data-id=\"319c548c\" data-element_type=\"section\">\n\t\t\t\t\t\t<div class=\"elementor-container elementor-column-gap-default\">\n\t\t\t\t\t<div class=\"elementor-column elementor-col-100 elementor-top-column elementor-element elementor-element-6f15573\" data-id=\"6f15573\" data-element_type=\"column\">\n\t\t\t<div class=\"elementor-widget-wrap elementor-element-populated\">\n\t\t\t\t\t\t<div class=\"elementor-element elementor-element-5ae39990 elementor-widget elementor-widget-heading\" data-id=\"5ae39990\" data-element_type=\"widget\" data-widget_type=\"heading.default\">\n\t\t\t\t<div class=\"elementor-widget-container\">\n\t\t\t<h2 class=\"elementor-heading-title elementor-size-default\">- DEPARTAMENTO CBLL -<\/h2>\t\t<\/div>\n\t\t\t\t<\/div>\n\t\t\t\t\t<\/div>\n\t\t<\/div>\n\t\t\t\t\t<\/div>\n\t\t<\/section>\n\t\t\t\t<section class=\"elementor-section elementor-top-section elementor-element elementor-element-4386699b elementor-section-boxed elementor-section-height-default elementor-section-height-default\" data-id=\"4386699b\" data-element_type=\"section\">\n\t\t\t\t\t\t<div class=\"elementor-container elementor-column-gap-default\">\n\t\t\t\t\t<div class=\"elementor-column elementor-col-100 elementor-top-column elementor-element elementor-element-76ec75c5\" data-id=\"76ec75c5\" data-element_type=\"column\">\n\t\t\t<div class=\"elementor-widget-wrap elementor-element-populated\">\n\t\t\t\t\t\t<div class=\"elementor-element elementor-element-637a26fb elementor-widget-divider--view-line elementor-widget elementor-widget-divider\" data-id=\"637a26fb\" data-element_type=\"widget\" data-widget_type=\"divider.default\">\n\t\t\t\t<div class=\"elementor-widget-container\">\n\t\t\t\t\t<div class=\"elementor-divider\">\n\t\t\t<span class=\"elementor-divider-separator\">\n\t\t\t\t\t\t<\/span>\n\t\t<\/div>\n\t\t\t\t<\/div>\n\t\t\t\t<\/div>\n\t\t\t\t<div class=\"elementor-element elementor-element-5b03aa5d elementor-widget elementor-widget-text-editor\" data-id=\"5b03aa5d\" data-element_type=\"widget\" data-widget_type=\"text-editor.default\">\n\t\t\t\t<div class=\"elementor-widget-container\">\n\t\t\t\t\t\t\t<ul><li>Proyecto, construcci\u00f3n y direcci\u00f3n de obra: <strong>Slepoy estudio + SIYE S.A.<\/strong><\/li><li>Ubicaci\u00f3n: <strong>Palermo,<\/strong> <strong>C.A.B.A.<\/strong><\/li><li>A\u00f1o de finalizaci\u00f3n: <strong>2021.<\/strong><\/li><li>Categor\u00eda:<strong> remodelaci\u00f3n y arquitectura interior.<\/strong><\/li><\/ul>\t\t\t\t\t\t<\/div>\n\t\t\t\t<\/div>\n\t\t\t\t\t<\/div>\n\t\t<\/div>\n\t\t\t\t\t<\/div>\n\t\t<\/section>\n\t\t\t\t<section class=\"elementor-section elementor-top-section elementor-element elementor-element-44d23246 elementor-section-boxed elementor-section-height-default elementor-section-height-default\" data-id=\"44d23246\" data-element_type=\"section\">\n\t\t\t\t\t\t<div class=\"elementor-container elementor-column-gap-default\">\n\t\t\t\t\t<div class=\"elementor-column elementor-col-100 elementor-top-column elementor-element elementor-element-70775ed8\" data-id=\"70775ed8\" data-element_type=\"column\">\n\t\t\t<div class=\"elementor-widget-wrap elementor-element-populated\">\n\t\t\t\t\t\t<div class=\"elementor-element elementor-element-28bc077 elementor-widget elementor-widget-shortcode\" data-id=\"28bc077\" data-element_type=\"widget\" data-widget_type=\"shortcode.default\">\n\t\t\t\t<div class=\"elementor-widget-container\">\n\t\t\t\t\t<div class=\"elementor-shortcode\"><!-- Final Tiles Grid Gallery for WordPress v3.5.8 free --><style>#ftg-3838 .tile .icon { color:#ffffff; }#ftg-3838 .ftg-items .loading-bar i { background:#666; }#ftg-3838 .ftg-items .loading-bar { background:#fff; }#ftg-3838 .tile .icon { font-size:12px; }#ftg-3838 .tile .icon { margin: -6px 0 0 -6px; }#ftg-3838 .tile .caption-block .text-wrapper span.text { font-size:12px; }#ftg-3838 .tile .caption-outside .text-wrapper span.text { font-size:12px; }#ftg-3838 .tile .caption-block .text-wrapper span.title { font-size:14px; }#ftg-3838 .tile .caption-outside .text-wrapper span.title { font-size:14px; }#ftg-3838 .tile { background-color: transparent; }#ftg-3838 .tile .caption-block .text-wrapper span.text { color: #ffffff; }#ftg-3838 .tile .caption-block .text-wrapper span.title { color: #ffffff; }#ftg-3838 .tile .caption-outside .text-wrapper span.text { color: #ffffff; }#ftg-3838 .tile .caption-outside .text-wrapper span.title { color: #ffffff; }#ftg-3838 .tile .ftg-social a { color: #ffffff; }#ftg-3838 .tile .caption-block { transition-duration:0.25s; }#ftg-3838 .tile .tile-inner:before { background-color: #000000; }#ftg-3838 .tile .tile-inner:before { background-color: rgba(0, 0, 0, 0.8); }#ftg-3838 .tile:hover img {-moz-transform: -moz-rotate(0deg) -moz-scale(0) ;-webkit-transform: -webkit-rotate(0deg) -webkit-scale(0) ;-o-transform: -o-rotate(0deg) -o-scale(0) ;-ms-transform: -ms-rotate(0deg) -ms-scale(0) ;transform: rotate(0deg) scale(0) ;}<\/style><a name='38'><\/a><div class='final-tiles-gallery  ftg-hover-enabled caption-inside  caption-none caption-middle caption-center' id='ftg-3838' style='width:100%'><div class='ftg-items'><div class='loading-bar'><i><\/i><\/div><div  class='tile ftg-preload  '><a title=\"\" data-lightbox='ftg-3838' rel='ftg-3838'  class=' tile-inner  ftg-lightbox' href='https:\/\/siye.com.ar\/wp-content\/uploads\/2023\/06\/20211224_124045-577x1024.jpg' ><img alt='' class='item skip-lazy' data-class='item' data-ftg-source='https:\/\/siye.com.ar\/wp-content\/uploads\/2023\/06\/20211224_124045-577x1024.jpg' src='https:\/\/siye.com.ar\/wp-content\/uploads\/2023\/06\/20211224_124045-577x1024.jpg' width='577' height='1024' \/><\/a><div class='ftg-social'><\/div><\/div><div  class='tile ftg-preload  '><a title=\"\" data-lightbox='ftg-3838' rel='ftg-3838'  class=' tile-inner  ftg-lightbox' href='https:\/\/siye.com.ar\/wp-content\/uploads\/2023\/06\/20211224_124101-2-577x1024.jpg' ><img alt='' class='item skip-lazy' data-class='item' data-ftg-source='https:\/\/siye.com.ar\/wp-content\/uploads\/2023\/06\/20211224_124101-2-577x1024.jpg' src='https:\/\/siye.com.ar\/wp-content\/uploads\/2023\/06\/20211224_124101-2-577x1024.jpg' width='577' height='1024' \/><\/a><div class='ftg-social'><\/div><\/div><div  class='tile ftg-preload  '><a title=\"\" data-lightbox='ftg-3838' rel='ftg-3838'  class=' tile-inner  ftg-lightbox' href='https:\/\/siye.com.ar\/wp-content\/uploads\/2023\/06\/20211224_124523-2-577x1024.png' ><img alt='' class='item skip-lazy' data-class='item' data-ftg-source='https:\/\/siye.com.ar\/wp-content\/uploads\/2023\/06\/20211224_124523-2-577x1024.png' src='https:\/\/siye.com.ar\/wp-content\/uploads\/2023\/06\/20211224_124523-2-577x1024.png' width='577' height='1024' \/><\/a><div class='ftg-social'><\/div><\/div><\/div><\/div><script type='text\/javascript'>jQuery('#ftg-3838 img.item').removeAttr('src');jQuery(document).ready(function () {setTimeout(function () {jQuery('#ftg-3838').finalTilesGallery({minTileWidth: 250,margin: 10,loadMethod: 'sequential',nonce: '970cd7b497',galleryId: '38',setupFilters: true,layout: 'columns',debug: false,gridSize: 25,disableGridSizeBelow:800,allowEnlargement: true,columns: [[4000, 2],[1024, 2],[800, 2],[480, 2],[320, 2]],selectedFilter: 'n-a'});jQuery(function () {(function () {var rel = '';jQuery('#ftg-3838 .ftg-lightbox').click(function (e) {rel = jQuery(this).attr('rel');jQuery('#ftg-3838 .ftg-current').removeClass('ftg-current');jQuery('#ftg-3838 [rel=\"'+rel+'\"]').addClass('ftg-current');});})();});}, 0);});<\/script><\/div>\n\t\t\t\t<\/div>\n\t\t\t\t<\/div>\n\t\t\t\t\t<\/div>\n\t\t<\/div>\n\t\t\t\t\t<\/div>\n\t\t<\/section>\n\t\t\t\t<section class=\"elementor-section elementor-top-section elementor-element elementor-element-54bab54 elementor-section-boxed elementor-section-height-default elementor-section-height-default\" data-id=\"54bab54\" data-element_type=\"section\">\n\t\t\t\t\t\t<div class=\"elementor-container elementor-column-gap-default\">\n\t\t\t\t\t<div class=\"elementor-column elementor-col-50 elementor-top-column elementor-element elementor-element-155c24e4\" data-id=\"155c24e4\" data-element_type=\"column\">\n\t\t\t<div class=\"elementor-widget-wrap elementor-element-populated\">\n\t\t\t\t\t\t<div class=\"elementor-element elementor-element-41131e33 elementor-view-default elementor-widget elementor-widget-icon\" data-id=\"41131e33\" data-element_type=\"widget\" data-widget_type=\"icon.default\">\n\t\t\t\t<div class=\"elementor-widget-container\">\n\t\t\t\t\t<div class=\"elementor-icon-wrapper\">\n\t\t\t<a class=\"elementor-icon\" href=\"https:\/\/siye.com.ar\/index.php\/unifamiliar\/\">\n\t\t\t<i aria-hidden=\"true\" class=\"fas fa-chevron-left\"><\/i>\t\t\t<\/a>\n\t\t<\/div>\n\t\t\t\t<\/div>\n\t\t\t\t<\/div>\n\t\t\t\t\t<\/div>\n\t\t<\/div>\n\t\t\t\t<div class=\"elementor-column elementor-col-50 elementor-top-column elementor-element elementor-element-6609cea9\" data-id=\"6609cea9\" data-element_type=\"column\">\n\t\t\t<div class=\"elementor-widget-wrap elementor-element-populated\">\n\t\t\t\t\t\t<div class=\"elementor-element elementor-element-44a51718 elementor-widget elementor-widget-heading\" data-id=\"44a51718\" data-element_type=\"widget\" data-widget_type=\"heading.default\">\n\t\t\t\t<div class=\"elementor-widget-container\">\n\t\t\t<h5 class=\"elementor-heading-title elementor-size-default\"><a href=\"https:\/\/siye.com.ar\/index.php\/unifamiliar\/\">volver<\/a><\/h5>\t\t<\/div>\n\t\t\t\t<\/div>\n\t\t\t\t\t<\/div>\n\t\t<\/div>\n\t\t\t\t\t<\/div>\n\t\t<\/section>\n\t\t\t\t<section class=\"elementor-section elementor-top-section elementor-element elementor-element-1b38e6c9 elementor-section-boxed elementor-section-height-default elementor-section-height-default\" data-id=\"1b38e6c9\" data-element_type=\"section\">\n\t\t\t\t\t\t<div class=\"elementor-container elementor-column-gap-default\">\n\t\t\t\t\t<div class=\"elementor-column elementor-col-100 elementor-top-column elementor-element elementor-element-735e3179\" data-id=\"735e3179\" data-element_type=\"column\">\n\t\t\t<div class=\"elementor-widget-wrap elementor-element-populated\">\n\t\t\t\t\t\t<div class=\"elementor-element elementor-element-6404189a elementor-widget elementor-widget-spacer\" data-id=\"6404189a\" data-element_type=\"widget\" data-widget_type=\"spacer.default\">\n\t\t\t\t<div class=\"elementor-widget-container\">\n\t\t\t\t\t<div class=\"elementor-spacer\">\n\t\t\t<div class=\"elementor-spacer-inner\"><\/div>\n\t\t<\/div>\n\t\t\t\t<\/div>\n\t\t\t\t<\/div>\n\t\t\t\t\t<\/div>\n\t\t<\/div>\n\t\t\t\t\t<\/div>\n\t\t<\/section>\n\t\t\t\t<\/div>\n\t\t","protected":false},"excerpt":{"rendered":"<p>&#8211; DEPARTAMENTO CBLL &#8211; Proyecto, construcci\u00f3n y direcci\u00f3n de obra: Slepoy estudio + SIYE S.A. Ubicaci\u00f3n: Palermo, C.A.B.A. A\u00f1o de [&hellip;]<\/p>\n","protected":false},"author":1,"featured_media":0,"parent":0,"menu_order":0,"comment_status":"closed","ping_status":"closed","template":"page-templates\/template_page-builder.php","meta":{"_joinchat":[]},"_links":{"self":[{"href":"https:\/\/siye.com.ar\/index.php\/wp-json\/wp\/v2\/pages\/1936"}],"collection":[{"href":"https:\/\/siye.com.ar\/index.php\/wp-json\/wp\/v2\/pages"}],"about":[{"href":"https:\/\/siye.com.ar\/index.php\/wp-json\/wp\/v2\/types\/page"}],"author":[{"embeddable":true,"href":"https:\/\/siye.com.ar\/index.php\/wp-json\/wp\/v2\/users\/1"}],"replies":[{"embeddable":true,"href":"https:\/\/siye.com.ar\/index.php\/wp-json\/wp\/v2\/comments?post=1936"}],"version-history":[{"count":0,"href":"https:\/\/siye.com.ar\/index.php\/wp-json\/wp\/v2\/pages\/1936\/revisions"}],"wp:attachment":[{"href":"https:\/\/siye.com.ar\/index.php\/wp-json\/wp\/v2\/media?parent=1936"}],"curies":[{"name":"wp","href":"https:\/\/api.w.org\/{rel}","templated":true}]}}