{"id":2151,"date":"2023-06-27T17:57:49","date_gmt":"2023-06-27T20:57:49","guid":{"rendered":"https:\/\/siye.com.ar\/?page_id=2151"},"modified":"2023-07-04T16:51:40","modified_gmt":"2023-07-04T19:51:40","slug":"oficinas-tcba","status":"publish","type":"page","link":"https:\/\/siye.com.ar\/index.php\/oficinas-tcba\/","title":{"rendered":"Oficinas TCba"},"content":{"rendered":"\t\t<div data-elementor-type=\"wp-page\" data-elementor-id=\"2151\" class=\"elementor elementor-2151\">\n\t\t\t\t\t\t<section class=\"elementor-section elementor-top-section elementor-element elementor-element-502e346b elementor-section-boxed elementor-section-height-default elementor-section-height-default\" data-id=\"502e346b\" data-element_type=\"section\">\n\t\t\t\t\t\t<div class=\"elementor-container elementor-column-gap-default\">\n\t\t\t\t\t<div class=\"elementor-column elementor-col-100 elementor-top-column elementor-element elementor-element-636b0102\" data-id=\"636b0102\" data-element_type=\"column\">\n\t\t\t<div class=\"elementor-widget-wrap elementor-element-populated\">\n\t\t\t\t\t\t<div class=\"elementor-element elementor-element-380bec6e elementor-widget elementor-widget-heading\" data-id=\"380bec6e\" data-element_type=\"widget\" data-widget_type=\"heading.default\">\n\t\t\t\t<div class=\"elementor-widget-container\">\n\t\t\t<h2 class=\"elementor-heading-title elementor-size-default\">- TCBA -<\/h2>\t\t<\/div>\n\t\t\t\t<\/div>\n\t\t\t\t\t<\/div>\n\t\t<\/div>\n\t\t\t\t\t<\/div>\n\t\t<\/section>\n\t\t\t\t<section class=\"elementor-section elementor-top-section elementor-element elementor-element-4bfa54af elementor-section-boxed elementor-section-height-default elementor-section-height-default\" data-id=\"4bfa54af\" data-element_type=\"section\">\n\t\t\t\t\t\t<div class=\"elementor-container elementor-column-gap-default\">\n\t\t\t\t\t<div class=\"elementor-column elementor-col-100 elementor-top-column elementor-element elementor-element-7f2d0011\" data-id=\"7f2d0011\" data-element_type=\"column\">\n\t\t\t<div class=\"elementor-widget-wrap elementor-element-populated\">\n\t\t\t\t\t\t<div class=\"elementor-element elementor-element-2ab1bd09 elementor-widget-divider--view-line elementor-widget elementor-widget-divider\" data-id=\"2ab1bd09\" data-element_type=\"widget\" data-widget_type=\"divider.default\">\n\t\t\t\t<div class=\"elementor-widget-container\">\n\t\t\t\t\t<div class=\"elementor-divider\">\n\t\t\t<span class=\"elementor-divider-separator\">\n\t\t\t\t\t\t<\/span>\n\t\t<\/div>\n\t\t\t\t<\/div>\n\t\t\t\t<\/div>\n\t\t\t\t<div class=\"elementor-element elementor-element-ec2a069 elementor-widget__width-initial elementor-widget elementor-widget-text-editor\" data-id=\"ec2a069\" data-element_type=\"widget\" data-widget_type=\"text-editor.default\">\n\t\t\t\t<div class=\"elementor-widget-container\">\n\t\t\t\t\t\t\t<ul><li>Proyecto, construcci\u00f3n y direcci\u00f3n de obra: <strong>Slepoy estudio + SIYE S.A.<\/strong><\/li><li>Ubicaci\u00f3n: <strong>Almagro,<\/strong>\u00a0<strong>C.A.B.A.<\/strong><\/li><li>A\u00f1o de finalizaci\u00f3n: <strong>2020.<\/strong><\/li><li>Categor\u00eda: <strong>Remodelaci\u00f3n y obra nueva.<\/strong><\/li><\/ul>\t\t\t\t\t\t<\/div>\n\t\t\t\t<\/div>\n\t\t\t\t\t<\/div>\n\t\t<\/div>\n\t\t\t\t\t<\/div>\n\t\t<\/section>\n\t\t\t\t<section class=\"elementor-section elementor-top-section elementor-element elementor-element-59553a63 elementor-section-boxed elementor-section-height-default elementor-section-height-default\" data-id=\"59553a63\" data-element_type=\"section\">\n\t\t\t\t\t\t<div class=\"elementor-container elementor-column-gap-custom\">\n\t\t\t\t\t<div class=\"elementor-column elementor-col-100 elementor-top-column elementor-element elementor-element-1916d65c\" data-id=\"1916d65c\" data-element_type=\"column\">\n\t\t\t<div class=\"elementor-widget-wrap elementor-element-populated\">\n\t\t\t\t\t\t<div class=\"elementor-element elementor-element-10071e8a elementor-widget elementor-widget-shortcode\" data-id=\"10071e8a\" data-element_type=\"widget\" data-widget_type=\"shortcode.default\">\n\t\t\t\t<div class=\"elementor-widget-container\">\n\t\t\t\t\t<div class=\"elementor-shortcode\"><!-- Final Tiles Grid Gallery for WordPress v3.5.8 free --><style>#ftg-3434 .tile .icon { color:#ffffff; }#ftg-3434 .ftg-items .loading-bar i { background:#666; }#ftg-3434 .ftg-items .loading-bar { background:#fff; }#ftg-3434 .tile .icon { font-size:12px; }#ftg-3434 .tile .icon { margin: -6px 0 0 -6px; }#ftg-3434 .tile .caption-block .text-wrapper span.text { font-size:12px; }#ftg-3434 .tile .caption-outside .text-wrapper span.text { font-size:12px; }#ftg-3434 .tile .caption-block .text-wrapper span.title { font-size:14px; }#ftg-3434 .tile .caption-outside .text-wrapper span.title { font-size:14px; }#ftg-3434 .tile { background-color: transparent; }#ftg-3434 .tile .caption-block .text-wrapper span.text { color: #ffffff; }#ftg-3434 .tile .caption-block .text-wrapper span.title { color: #ffffff; }#ftg-3434 .tile .caption-outside .text-wrapper span.text { color: #ffffff; }#ftg-3434 .tile .caption-outside .text-wrapper span.title { color: #ffffff; }#ftg-3434 .tile .ftg-social a { color: #ffffff; }#ftg-3434 .tile .caption-block { transition-duration:0.25s; }#ftg-3434 .tile .tile-inner:before { background-color: #000000; }#ftg-3434 .tile .tile-inner:before { background-color: rgba(0, 0, 0, 0.8); }#ftg-3434 .tile:hover img {-moz-transform: -moz-rotate(0deg) -moz-scale(0) ;-webkit-transform: -webkit-rotate(0deg) -webkit-scale(0) ;-o-transform: -o-rotate(0deg) -o-scale(0) ;-ms-transform: -ms-rotate(0deg) -ms-scale(0) ;transform: rotate(0deg) scale(0) ;}<\/style><a name='34'><\/a><div class='final-tiles-gallery  ftg-hover-enabled caption-inside  caption-none caption-middle caption-center' id='ftg-3434' style='width:100%'><div class='ftg-items'><div class='loading-bar'><i><\/i><\/div><div  class='tile ftg-preload  '><a title=\"\" data-lightbox='ftg-3434' rel='ftg-3434'  class=' tile-inner  ftg-lightbox' href='https:\/\/siye.com.ar\/wp-content\/uploads\/2023\/06\/1-Oficinas-TCBA_4-1024x789.jpg' ><img alt='' class='item skip-lazy' data-class='item' data-ftg-source='https:\/\/siye.com.ar\/wp-content\/uploads\/2023\/06\/1-Oficinas-TCBA_4-1024x789.jpg' src='https:\/\/siye.com.ar\/wp-content\/uploads\/2023\/06\/1-Oficinas-TCBA_4-1024x789.jpg' width='1024' height='789' \/><\/a><div class='ftg-social'><\/div><\/div><div  class='tile ftg-preload  '><a title=\"\" data-lightbox='ftg-3434' rel='ftg-3434'  class=' tile-inner  ftg-lightbox' href='https:\/\/siye.com.ar\/wp-content\/uploads\/2023\/06\/2-Oficinas-TCBA_1-1024x703.jpg' ><img alt='' class='item skip-lazy' data-class='item' data-ftg-source='https:\/\/siye.com.ar\/wp-content\/uploads\/2023\/06\/2-Oficinas-TCBA_1-1024x703.jpg' src='https:\/\/siye.com.ar\/wp-content\/uploads\/2023\/06\/2-Oficinas-TCBA_1-1024x703.jpg' width='1024' height='703' \/><\/a><div class='ftg-social'><\/div><\/div><div  class='tile ftg-preload  '><a title=\"\" data-lightbox='ftg-3434' rel='ftg-3434'  class=' tile-inner  ftg-lightbox' href='https:\/\/siye.com.ar\/wp-content\/uploads\/2023\/06\/3-Oficinas-TCBA_59-1024x678.jpg' ><img alt='' class='item skip-lazy' data-class='item' data-ftg-source='https:\/\/siye.com.ar\/wp-content\/uploads\/2023\/06\/3-Oficinas-TCBA_59-1024x678.jpg' src='https:\/\/siye.com.ar\/wp-content\/uploads\/2023\/06\/3-Oficinas-TCBA_59-1024x678.jpg' width='1024' height='678' \/><\/a><div class='ftg-social'><\/div><\/div><div  class='tile ftg-preload  '><a title=\"\" data-lightbox='ftg-3434' rel='ftg-3434'  class=' tile-inner  ftg-lightbox' href='https:\/\/siye.com.ar\/wp-content\/uploads\/2023\/06\/4-Oficinas-TCBA_5-1024x704.jpg' ><img alt='' class='item skip-lazy' data-class='item' data-ftg-source='https:\/\/siye.com.ar\/wp-content\/uploads\/2023\/06\/4-Oficinas-TCBA_5-1024x704.jpg' src='https:\/\/siye.com.ar\/wp-content\/uploads\/2023\/06\/4-Oficinas-TCBA_5-1024x704.jpg' width='1024' height='704' \/><\/a><div class='ftg-social'><\/div><\/div><div  class='tile ftg-preload  '><a title=\"\" data-lightbox='ftg-3434' rel='ftg-3434'  class=' tile-inner  ftg-lightbox' href='https:\/\/siye.com.ar\/wp-content\/uploads\/2023\/06\/5-Oficinas-TCBA_6-1024x682.jpg' ><img alt='' class='item skip-lazy' data-class='item' data-ftg-source='https:\/\/siye.com.ar\/wp-content\/uploads\/2023\/06\/5-Oficinas-TCBA_6-1024x682.jpg' src='https:\/\/siye.com.ar\/wp-content\/uploads\/2023\/06\/5-Oficinas-TCBA_6-1024x682.jpg' width='1024' height='682' \/><\/a><div class='ftg-social'><\/div><\/div><div  class='tile ftg-preload  '><a title=\"\" data-lightbox='ftg-3434' rel='ftg-3434'  class=' tile-inner  ftg-lightbox' href='https:\/\/siye.com.ar\/wp-content\/uploads\/2023\/06\/6-Oficinas-TCBA_10-1024x678.jpg' ><img alt='' class='item skip-lazy' data-class='item' data-ftg-source='https:\/\/siye.com.ar\/wp-content\/uploads\/2023\/06\/6-Oficinas-TCBA_10-1024x678.jpg' src='https:\/\/siye.com.ar\/wp-content\/uploads\/2023\/06\/6-Oficinas-TCBA_10-1024x678.jpg' width='1024' height='678' \/><\/a><div class='ftg-social'><\/div><\/div><div  class='tile ftg-preload  '><a title=\"\" data-lightbox='ftg-3434' rel='ftg-3434'  class=' tile-inner  ftg-lightbox' href='https:\/\/siye.com.ar\/wp-content\/uploads\/2023\/06\/6-Oficinas-TCBA_42-1024x682.jpg' ><img alt='' class='item skip-lazy' data-class='item' data-ftg-source='https:\/\/siye.com.ar\/wp-content\/uploads\/2023\/06\/6-Oficinas-TCBA_42-1024x682.jpg' src='https:\/\/siye.com.ar\/wp-content\/uploads\/2023\/06\/6-Oficinas-TCBA_42-1024x682.jpg' width='1024' height='682' \/><\/a><div class='ftg-social'><\/div><\/div><div  class='tile ftg-preload  '><a title=\"\" data-lightbox='ftg-3434' rel='ftg-3434'  class=' tile-inner  ftg-lightbox' href='https:\/\/siye.com.ar\/wp-content\/uploads\/2023\/06\/7-Oficinas-TCBA_16-1024x768.jpg' ><img alt='' class='item skip-lazy' data-class='item' data-ftg-source='https:\/\/siye.com.ar\/wp-content\/uploads\/2023\/06\/7-Oficinas-TCBA_16-1024x768.jpg' src='https:\/\/siye.com.ar\/wp-content\/uploads\/2023\/06\/7-Oficinas-TCBA_16-1024x768.jpg' width='1024' height='768' \/><\/a><div class='ftg-social'><\/div><\/div><div  class='tile ftg-preload  '><a title=\"\" data-lightbox='ftg-3434' rel='ftg-3434'  class=' tile-inner  ftg-lightbox' href='https:\/\/siye.com.ar\/wp-content\/uploads\/2023\/06\/8-Oficinas-TCBA_17-1024x768.jpg' ><img alt='' class='item skip-lazy' data-class='item' data-ftg-source='https:\/\/siye.com.ar\/wp-content\/uploads\/2023\/06\/8-Oficinas-TCBA_17-1024x768.jpg' src='https:\/\/siye.com.ar\/wp-content\/uploads\/2023\/06\/8-Oficinas-TCBA_17-1024x768.jpg' width='1024' height='768' \/><\/a><div class='ftg-social'><\/div><\/div><div  class='tile ftg-preload  '><a title=\"\" data-lightbox='ftg-3434' rel='ftg-3434'  class=' tile-inner  ftg-lightbox' href='https:\/\/siye.com.ar\/wp-content\/uploads\/2023\/06\/9-Oficinas-TCBA_22-1024x682.jpg' ><img alt='' class='item skip-lazy' data-class='item' data-ftg-source='https:\/\/siye.com.ar\/wp-content\/uploads\/2023\/06\/9-Oficinas-TCBA_22-1024x682.jpg' src='https:\/\/siye.com.ar\/wp-content\/uploads\/2023\/06\/9-Oficinas-TCBA_22-1024x682.jpg' width='1024' height='682' \/><\/a><div class='ftg-social'><\/div><\/div><div  class='tile ftg-preload  '><a title=\"\" data-lightbox='ftg-3434' rel='ftg-3434'  class=' tile-inner  ftg-lightbox' href='https:\/\/siye.com.ar\/wp-content\/uploads\/2023\/06\/10-Oficinas-TCBA_12-1024x1024.jpg' ><img alt='' class='item skip-lazy' data-class='item' data-ftg-source='https:\/\/siye.com.ar\/wp-content\/uploads\/2023\/06\/10-Oficinas-TCBA_12-1024x1024.jpg' src='https:\/\/siye.com.ar\/wp-content\/uploads\/2023\/06\/10-Oficinas-TCBA_12-1024x1024.jpg' width='1024' height='1024' \/><\/a><div class='ftg-social'><\/div><\/div><div  class='tile ftg-preload  '><a title=\"\" data-lightbox='ftg-3434' rel='ftg-3434'  class=' tile-inner  ftg-lightbox' href='https:\/\/siye.com.ar\/wp-content\/uploads\/2023\/06\/11-Oficinas-TCBA_60-1024x682.jpg' ><img alt='' class='item skip-lazy' data-class='item' data-ftg-source='https:\/\/siye.com.ar\/wp-content\/uploads\/2023\/06\/11-Oficinas-TCBA_60-1024x682.jpg' src='https:\/\/siye.com.ar\/wp-content\/uploads\/2023\/06\/11-Oficinas-TCBA_60-1024x682.jpg' width='1024' height='682' \/><\/a><div class='ftg-social'><\/div><\/div><div  class='tile ftg-preload  '><a title=\"\" data-lightbox='ftg-3434' rel='ftg-3434'  class=' tile-inner  ftg-lightbox' href='https:\/\/siye.com.ar\/wp-content\/uploads\/2023\/06\/Oficinas-TCBA_58-1024x768.jpg' ><img alt='' class='item skip-lazy' data-class='item' data-ftg-source='https:\/\/siye.com.ar\/wp-content\/uploads\/2023\/06\/Oficinas-TCBA_58-1024x768.jpg' src='https:\/\/siye.com.ar\/wp-content\/uploads\/2023\/06\/Oficinas-TCBA_58-1024x768.jpg' width='1024' height='768' \/><\/a><div class='ftg-social'><\/div><\/div><\/div><\/div><script type='text\/javascript'>jQuery('#ftg-3434 img.item').removeAttr('src');jQuery(document).ready(function () {setTimeout(function () {jQuery('#ftg-3434').finalTilesGallery({minTileWidth: 250,margin: 10,loadMethod: 'sequential',nonce: '991bd4bf0e',galleryId: '34',setupFilters: true,layout: 'columns',debug: false,gridSize: 25,disableGridSizeBelow:800,allowEnlargement: true,columns: [[4000, 2],[1024, 4],[800, 3],[480, 3],[320, 2]],selectedFilter: 'n-a'});jQuery(function () {(function () {var rel = '';jQuery('#ftg-3434 .ftg-lightbox').click(function (e) {rel = jQuery(this).attr('rel');jQuery('#ftg-3434 .ftg-current').removeClass('ftg-current');jQuery('#ftg-3434 [rel=\"'+rel+'\"]').addClass('ftg-current');});})();});}, 0);});<\/script><\/div>\n\t\t\t\t<\/div>\n\t\t\t\t<\/div>\n\t\t\t\t\t<\/div>\n\t\t<\/div>\n\t\t\t\t\t<\/div>\n\t\t<\/section>\n\t\t\t\t<section class=\"elementor-section elementor-top-section elementor-element elementor-element-36370481 elementor-section-boxed elementor-section-height-default elementor-section-height-default\" data-id=\"36370481\" data-element_type=\"section\">\n\t\t\t\t\t\t<div class=\"elementor-container elementor-column-gap-default\">\n\t\t\t\t\t<div class=\"elementor-column elementor-col-50 elementor-top-column elementor-element elementor-element-ac4e53c\" data-id=\"ac4e53c\" data-element_type=\"column\">\n\t\t\t<div class=\"elementor-widget-wrap elementor-element-populated\">\n\t\t\t\t\t\t<div class=\"elementor-element elementor-element-4a8a1722 elementor-view-default elementor-widget elementor-widget-icon\" data-id=\"4a8a1722\" data-element_type=\"widget\" data-widget_type=\"icon.default\">\n\t\t\t\t<div class=\"elementor-widget-container\">\n\t\t\t\t\t<div class=\"elementor-icon-wrapper\">\n\t\t\t<a class=\"elementor-icon\" href=\"https:\/\/siye.com.ar\/index.php\/arquitectura-medica-obra\/\">\n\t\t\t<i aria-hidden=\"true\" class=\"fas fa-chevron-left\"><\/i>\t\t\t<\/a>\n\t\t<\/div>\n\t\t\t\t<\/div>\n\t\t\t\t<\/div>\n\t\t\t\t\t<\/div>\n\t\t<\/div>\n\t\t\t\t<div class=\"elementor-column elementor-col-50 elementor-top-column elementor-element elementor-element-6ca729cc\" data-id=\"6ca729cc\" data-element_type=\"column\">\n\t\t\t<div class=\"elementor-widget-wrap elementor-element-populated\">\n\t\t\t\t\t\t<div class=\"elementor-element elementor-element-5186ff1f elementor-widget elementor-widget-heading\" data-id=\"5186ff1f\" data-element_type=\"widget\" data-widget_type=\"heading.default\">\n\t\t\t\t<div class=\"elementor-widget-container\">\n\t\t\t<h5 class=\"elementor-heading-title elementor-size-default\"><a href=\"https:\/\/siye.com.ar\/index.php\/arquitectura-medica-obra\/\">volver<\/a><\/h5>\t\t<\/div>\n\t\t\t\t<\/div>\n\t\t\t\t\t<\/div>\n\t\t<\/div>\n\t\t\t\t\t<\/div>\n\t\t<\/section>\n\t\t\t\t<section class=\"elementor-section elementor-top-section elementor-element elementor-element-60b33209 elementor-section-boxed elementor-section-height-default elementor-section-height-default\" data-id=\"60b33209\" data-element_type=\"section\">\n\t\t\t\t\t\t<div class=\"elementor-container elementor-column-gap-default\">\n\t\t\t\t\t<div class=\"elementor-column elementor-col-100 elementor-top-column elementor-element elementor-element-49ac7c43\" data-id=\"49ac7c43\" data-element_type=\"column\">\n\t\t\t<div class=\"elementor-widget-wrap elementor-element-populated\">\n\t\t\t\t\t\t<div class=\"elementor-element elementor-element-3e3afb54 elementor-widget elementor-widget-spacer\" data-id=\"3e3afb54\" data-element_type=\"widget\" data-widget_type=\"spacer.default\">\n\t\t\t\t<div class=\"elementor-widget-container\">\n\t\t\t\t\t<div class=\"elementor-spacer\">\n\t\t\t<div class=\"elementor-spacer-inner\"><\/div>\n\t\t<\/div>\n\t\t\t\t<\/div>\n\t\t\t\t<\/div>\n\t\t\t\t\t<\/div>\n\t\t<\/div>\n\t\t\t\t\t<\/div>\n\t\t<\/section>\n\t\t\t\t<\/div>\n\t\t","protected":false},"excerpt":{"rendered":"<p>&#8211; TCBA &#8211; Proyecto, construcci\u00f3n y direcci\u00f3n de obra: Slepoy estudio + SIYE S.A. Ubicaci\u00f3n: Almagro,\u00a0C.A.B.A. A\u00f1o de finalizaci\u00f3n: 2020. [&hellip;]<\/p>\n","protected":false},"author":1,"featured_media":0,"parent":0,"menu_order":0,"comment_status":"closed","ping_status":"closed","template":"page-templates\/template_page-builder.php","meta":{"_joinchat":[]},"_links":{"self":[{"href":"https:\/\/siye.com.ar\/index.php\/wp-json\/wp\/v2\/pages\/2151"}],"collection":[{"href":"https:\/\/siye.com.ar\/index.php\/wp-json\/wp\/v2\/pages"}],"about":[{"href":"https:\/\/siye.com.ar\/index.php\/wp-json\/wp\/v2\/types\/page"}],"author":[{"embeddable":true,"href":"https:\/\/siye.com.ar\/index.php\/wp-json\/wp\/v2\/users\/1"}],"replies":[{"embeddable":true,"href":"https:\/\/siye.com.ar\/index.php\/wp-json\/wp\/v2\/comments?post=2151"}],"version-history":[{"count":0,"href":"https:\/\/siye.com.ar\/index.php\/wp-json\/wp\/v2\/pages\/2151\/revisions"}],"wp:attachment":[{"href":"https:\/\/siye.com.ar\/index.php\/wp-json\/wp\/v2\/media?parent=2151"}],"curies":[{"name":"wp","href":"https:\/\/api.w.org\/{rel}","templated":true}]}}