{"id":2415,"date":"2024-02-01T17:09:22","date_gmt":"2024-02-01T20:09:22","guid":{"rendered":"https:\/\/siye.com.ar\/?page_id=2415"},"modified":"2024-02-01T18:04:18","modified_gmt":"2024-02-01T21:04:18","slug":"oficinas-gemed","status":"publish","type":"page","link":"https:\/\/siye.com.ar\/index.php\/oficinas-gemed\/","title":{"rendered":"Oficinas Gemed"},"content":{"rendered":"\t\t<div data-elementor-type=\"wp-post\" data-elementor-id=\"2415\" class=\"elementor elementor-2415\">\n\t\t\t\t\t\t<section class=\"elementor-section elementor-top-section elementor-element elementor-element-470acb7 elementor-section-boxed elementor-section-height-default elementor-section-height-default\" data-id=\"470acb7\" data-element_type=\"section\">\n\t\t\t\t\t\t<div class=\"elementor-container elementor-column-gap-default\">\n\t\t\t\t\t<div class=\"elementor-column elementor-col-100 elementor-top-column elementor-element elementor-element-97d8c5f\" data-id=\"97d8c5f\" data-element_type=\"column\">\n\t\t\t<div class=\"elementor-widget-wrap elementor-element-populated\">\n\t\t\t\t\t\t<div class=\"elementor-element elementor-element-8d94aeb elementor-widget elementor-widget-heading\" data-id=\"8d94aeb\" data-element_type=\"widget\" data-widget_type=\"heading.default\">\n\t\t\t\t<div class=\"elementor-widget-container\">\n\t\t\t<h2 class=\"elementor-heading-title elementor-size-default\">- Oficinas Gemed -<\/h2>\t\t<\/div>\n\t\t\t\t<\/div>\n\t\t\t\t\t<\/div>\n\t\t<\/div>\n\t\t\t\t\t<\/div>\n\t\t<\/section>\n\t\t\t\t<section class=\"elementor-section elementor-top-section elementor-element elementor-element-4c126b9 elementor-section-boxed elementor-section-height-default elementor-section-height-default\" data-id=\"4c126b9\" data-element_type=\"section\">\n\t\t\t\t\t\t<div class=\"elementor-container elementor-column-gap-default\">\n\t\t\t\t\t<div class=\"elementor-column elementor-col-100 elementor-top-column elementor-element elementor-element-b8303bf\" data-id=\"b8303bf\" data-element_type=\"column\">\n\t\t\t<div class=\"elementor-widget-wrap elementor-element-populated\">\n\t\t\t\t\t\t<div class=\"elementor-element elementor-element-21174da elementor-widget-divider--view-line elementor-widget elementor-widget-divider\" data-id=\"21174da\" data-element_type=\"widget\" data-widget_type=\"divider.default\">\n\t\t\t\t<div class=\"elementor-widget-container\">\n\t\t\t\t\t<div class=\"elementor-divider\">\n\t\t\t<span class=\"elementor-divider-separator\">\n\t\t\t\t\t\t<\/span>\n\t\t<\/div>\n\t\t\t\t<\/div>\n\t\t\t\t<\/div>\n\t\t\t\t<div class=\"elementor-element elementor-element-cc4c98a elementor-widget elementor-widget-text-editor\" data-id=\"cc4c98a\" data-element_type=\"widget\" data-widget_type=\"text-editor.default\">\n\t\t\t\t<div class=\"elementor-widget-container\">\n\t\t\t\t\t\t\t<ul><li>Proyecto, construcci\u00f3n y direcci\u00f3n de obra: <strong>Slepoy estudio + SIYE S.A.<\/strong><\/li><li>Ubicaci\u00f3n: <b>Buenos Aires.<\/b><\/li><li>A\u00f1o de finalizaci\u00f3n: <strong>2023.<\/strong><\/li><li>Categor\u00eda: <strong>remodelaci\u00f3n, reciclaje y arquitectura interior.<\/strong><\/li><\/ul>\t\t\t\t\t\t<\/div>\n\t\t\t\t<\/div>\n\t\t\t\t\t<\/div>\n\t\t<\/div>\n\t\t\t\t\t<\/div>\n\t\t<\/section>\n\t\t\t\t<section class=\"elementor-section elementor-top-section elementor-element elementor-element-d5ab871 elementor-section-boxed elementor-section-height-default elementor-section-height-default\" data-id=\"d5ab871\" data-element_type=\"section\">\n\t\t\t\t\t\t<div class=\"elementor-container elementor-column-gap-default\">\n\t\t\t\t\t<div class=\"elementor-column elementor-col-100 elementor-top-column elementor-element elementor-element-fb77e26\" data-id=\"fb77e26\" data-element_type=\"column\">\n\t\t\t<div class=\"elementor-widget-wrap elementor-element-populated\">\n\t\t\t\t\t\t<div class=\"elementor-element elementor-element-357c443 elementor-widget elementor-widget-shortcode\" data-id=\"357c443\" data-element_type=\"widget\" data-widget_type=\"shortcode.default\">\n\t\t\t\t<div class=\"elementor-widget-container\">\n\t\t\t\t\t<div class=\"elementor-shortcode\"><!-- Final Tiles Grid Gallery for WordPress v3.5.8 free --><style>#ftg-4040 .tile .icon { color:#ffffff; }#ftg-4040 .ftg-items .loading-bar i { background:#666; }#ftg-4040 .ftg-items .loading-bar { background:#fff; }#ftg-4040 .tile .icon { font-size:12px; }#ftg-4040 .tile .icon { margin: -6px 0 0 -6px; }#ftg-4040 .tile .caption-block .text-wrapper span.text { font-size:12px; }#ftg-4040 .tile .caption-outside .text-wrapper span.text { font-size:12px; }#ftg-4040 .tile .caption-block .text-wrapper span.title { font-size:14px; }#ftg-4040 .tile .caption-outside .text-wrapper span.title { font-size:14px; }#ftg-4040 .tile { background-color: transparent; }#ftg-4040 .tile .caption-block .text-wrapper span.text { color: #ffffff; }#ftg-4040 .tile .caption-block .text-wrapper span.title { color: #ffffff; }#ftg-4040 .tile .caption-outside .text-wrapper span.text { color: #ffffff; }#ftg-4040 .tile .caption-outside .text-wrapper span.title { color: #ffffff; }#ftg-4040 .tile .ftg-social a { color: #ffffff; }#ftg-4040 .tile .caption-block { transition-duration:0.25s; }#ftg-4040 .tile .tile-inner:before { background-color: #000000; }#ftg-4040 .tile .tile-inner:before { background-color: rgba(0, 0, 0, 0.8); }#ftg-4040 .tile:hover img {-moz-transform: -moz-rotate(0deg) -moz-scale(0) ;-webkit-transform: -webkit-rotate(0deg) -webkit-scale(0) ;-o-transform: -o-rotate(0deg) -o-scale(0) ;-ms-transform: -ms-rotate(0deg) -ms-scale(0) ;transform: rotate(0deg) scale(0) ;}<\/style><a name='40'><\/a><div class='final-tiles-gallery  ftg-hover-enabled caption-inside  caption-none caption-middle caption-center' id='ftg-4040' style='width:100%'><div class='ftg-items'><div class='loading-bar'><i><\/i><\/div><div  class='tile ftg-preload  '><a title=\"\" data-lightbox='ftg-4040' rel='ftg-4040'  class=' tile-inner  ftg-lightbox' href='https:\/\/siye.com.ar\/wp-content\/uploads\/2024\/02\/1.1-1024x768.jpg' ><img alt='' class='item skip-lazy' data-class='item' data-ftg-source='https:\/\/siye.com.ar\/wp-content\/uploads\/2024\/02\/1.1-1024x768.jpg' src='https:\/\/siye.com.ar\/wp-content\/uploads\/2024\/02\/1.1-1024x768.jpg' width='1024' height='768' \/><\/a><div class='ftg-social'><\/div><\/div><div  class='tile ftg-preload  '><a title=\"\" data-lightbox='ftg-4040' rel='ftg-4040'  class=' tile-inner  ftg-lightbox' href='https:\/\/siye.com.ar\/wp-content\/uploads\/2024\/02\/2-768x1024.jpg' ><img alt='' class='item skip-lazy' data-class='item' data-ftg-source='https:\/\/siye.com.ar\/wp-content\/uploads\/2024\/02\/2-768x1024.jpg' src='https:\/\/siye.com.ar\/wp-content\/uploads\/2024\/02\/2-768x1024.jpg' width='768' height='1024' \/><\/a><div class='ftg-social'><\/div><\/div><div  class='tile ftg-preload  '><a title=\"\" data-lightbox='ftg-4040' rel='ftg-4040'  class=' tile-inner  ftg-lightbox' href='https:\/\/siye.com.ar\/wp-content\/uploads\/2024\/02\/3-1024x768.jpg' ><img alt='' class='item skip-lazy' data-class='item' data-ftg-source='https:\/\/siye.com.ar\/wp-content\/uploads\/2024\/02\/3-1024x768.jpg' src='https:\/\/siye.com.ar\/wp-content\/uploads\/2024\/02\/3-1024x768.jpg' width='1024' height='768' \/><\/a><div class='ftg-social'><\/div><\/div><div  class='tile ftg-preload  '><a title=\"\" data-lightbox='ftg-4040' rel='ftg-4040'  class=' tile-inner  ftg-lightbox' href='https:\/\/siye.com.ar\/wp-content\/uploads\/2024\/02\/4-768x1024.jpg' ><img alt='' class='item skip-lazy' data-class='item' data-ftg-source='https:\/\/siye.com.ar\/wp-content\/uploads\/2024\/02\/4-768x1024.jpg' src='https:\/\/siye.com.ar\/wp-content\/uploads\/2024\/02\/4-768x1024.jpg' width='768' height='1024' \/><\/a><div class='ftg-social'><\/div><\/div><\/div><\/div><script type='text\/javascript'>jQuery('#ftg-4040 img.item').removeAttr('src');jQuery(document).ready(function () {setTimeout(function () {jQuery('#ftg-4040').finalTilesGallery({minTileWidth: 250,margin: 10,loadMethod: 'sequential',nonce: '970cd7b497',galleryId: '40',setupFilters: true,layout: 'columns',debug: false,gridSize: 25,disableGridSizeBelow:800,allowEnlargement: true,columns: [[4000, 2],[1024, 2],[800, 2],[480, 2],[320, 2]],selectedFilter: 'n-a'});jQuery(function () {(function () {var rel = '';jQuery('#ftg-4040 .ftg-lightbox').click(function (e) {rel = jQuery(this).attr('rel');jQuery('#ftg-4040 .ftg-current').removeClass('ftg-current');jQuery('#ftg-4040 [rel=\"'+rel+'\"]').addClass('ftg-current');});})();});}, 0);});<\/script><\/div>\n\t\t\t\t<\/div>\n\t\t\t\t<\/div>\n\t\t\t\t\t<\/div>\n\t\t<\/div>\n\t\t\t\t\t<\/div>\n\t\t<\/section>\n\t\t\t\t<section class=\"elementor-section elementor-top-section elementor-element elementor-element-6851c75 elementor-section-boxed elementor-section-height-default elementor-section-height-default\" data-id=\"6851c75\" data-element_type=\"section\">\n\t\t\t\t\t\t<div class=\"elementor-container elementor-column-gap-default\">\n\t\t\t\t\t<div class=\"elementor-column elementor-col-50 elementor-top-column elementor-element elementor-element-774316f\" data-id=\"774316f\" data-element_type=\"column\">\n\t\t\t<div class=\"elementor-widget-wrap elementor-element-populated\">\n\t\t\t\t\t\t<div class=\"elementor-element elementor-element-f78d4dd elementor-view-default elementor-widget elementor-widget-icon\" data-id=\"f78d4dd\" data-element_type=\"widget\" data-widget_type=\"icon.default\">\n\t\t\t\t<div class=\"elementor-widget-container\">\n\t\t\t\t\t<div class=\"elementor-icon-wrapper\">\n\t\t\t<a class=\"elementor-icon\" href=\"http:\/\/siye.com.ar\/index.php\/espacios-de-trabajo\/\">\n\t\t\t\t\t\t\t<i class=\"fa fa-chevron-left\" aria-hidden=\"true\"><\/i>\n\t\t\t\t\t\t<\/a>\n\t\t<\/div>\n\t\t\t\t<\/div>\n\t\t\t\t<\/div>\n\t\t\t\t\t<\/div>\n\t\t<\/div>\n\t\t\t\t<div class=\"elementor-column elementor-col-50 elementor-top-column elementor-element elementor-element-cbb62c9\" data-id=\"cbb62c9\" data-element_type=\"column\">\n\t\t\t<div class=\"elementor-widget-wrap elementor-element-populated\">\n\t\t\t\t\t\t<div class=\"elementor-element elementor-element-57d904d elementor-widget elementor-widget-heading\" data-id=\"57d904d\" data-element_type=\"widget\" data-widget_type=\"heading.default\">\n\t\t\t\t<div class=\"elementor-widget-container\">\n\t\t\t<h5 class=\"elementor-heading-title elementor-size-default\"><a href=\"http:\/\/siye.com.ar\/index.php\/espacios-de-trabajo\/\">volver<\/a><\/h5>\t\t<\/div>\n\t\t\t\t<\/div>\n\t\t\t\t\t<\/div>\n\t\t<\/div>\n\t\t\t\t\t<\/div>\n\t\t<\/section>\n\t\t\t\t<section class=\"elementor-section elementor-top-section elementor-element elementor-element-99e9e7c elementor-section-boxed elementor-section-height-default elementor-section-height-default\" data-id=\"99e9e7c\" data-element_type=\"section\">\n\t\t\t\t\t\t<div class=\"elementor-container elementor-column-gap-default\">\n\t\t\t\t\t<div class=\"elementor-column elementor-col-100 elementor-top-column elementor-element elementor-element-1b4fd81\" data-id=\"1b4fd81\" data-element_type=\"column\">\n\t\t\t<div class=\"elementor-widget-wrap elementor-element-populated\">\n\t\t\t\t\t\t<div class=\"elementor-element elementor-element-6a26bfd elementor-widget elementor-widget-spacer\" data-id=\"6a26bfd\" data-element_type=\"widget\" data-widget_type=\"spacer.default\">\n\t\t\t\t<div class=\"elementor-widget-container\">\n\t\t\t\t\t<div class=\"elementor-spacer\">\n\t\t\t<div class=\"elementor-spacer-inner\"><\/div>\n\t\t<\/div>\n\t\t\t\t<\/div>\n\t\t\t\t<\/div>\n\t\t\t\t\t<\/div>\n\t\t<\/div>\n\t\t\t\t\t<\/div>\n\t\t<\/section>\n\t\t\t\t<\/div>\n\t\t","protected":false},"excerpt":{"rendered":"<p>&#8211; Oficinas Gemed &#8211; Proyecto, construcci\u00f3n y direcci\u00f3n de obra: Slepoy estudio + SIYE S.A. Ubicaci\u00f3n: Buenos Aires. A\u00f1o de [&hellip;]<\/p>\n","protected":false},"author":1,"featured_media":0,"parent":0,"menu_order":0,"comment_status":"closed","ping_status":"closed","template":"page-templates\/template_page-builder.php","meta":{"_joinchat":[]},"_links":{"self":[{"href":"https:\/\/siye.com.ar\/index.php\/wp-json\/wp\/v2\/pages\/2415"}],"collection":[{"href":"https:\/\/siye.com.ar\/index.php\/wp-json\/wp\/v2\/pages"}],"about":[{"href":"https:\/\/siye.com.ar\/index.php\/wp-json\/wp\/v2\/types\/page"}],"author":[{"embeddable":true,"href":"https:\/\/siye.com.ar\/index.php\/wp-json\/wp\/v2\/users\/1"}],"replies":[{"embeddable":true,"href":"https:\/\/siye.com.ar\/index.php\/wp-json\/wp\/v2\/comments?post=2415"}],"version-history":[{"count":11,"href":"https:\/\/siye.com.ar\/index.php\/wp-json\/wp\/v2\/pages\/2415\/revisions"}],"predecessor-version":[{"id":2435,"href":"https:\/\/siye.com.ar\/index.php\/wp-json\/wp\/v2\/pages\/2415\/revisions\/2435"}],"wp:attachment":[{"href":"https:\/\/siye.com.ar\/index.php\/wp-json\/wp\/v2\/media?parent=2415"}],"curies":[{"name":"wp","href":"https:\/\/api.w.org\/{rel}","templated":true}]}}