{"id":718,"date":"2019-08-08T01:16:08","date_gmt":"2019-08-08T04:16:08","guid":{"rendered":"http:\/\/siye.com.ar\/?page_id=718"},"modified":"2023-07-06T09:24:57","modified_gmt":"2023-07-06T12:24:57","slug":"nosotros","status":"publish","type":"page","link":"https:\/\/siye.com.ar\/index.php\/nosotros\/","title":{"rendered":"Nosotros"},"content":{"rendered":"\t\t<div data-elementor-type=\"wp-post\" data-elementor-id=\"718\" class=\"elementor elementor-718\">\n\t\t\t\t\t\t<section class=\"elementor-section elementor-top-section elementor-element elementor-element-b868492 elementor-section-boxed elementor-section-height-default elementor-section-height-default\" data-id=\"b868492\" data-element_type=\"section\">\n\t\t\t\t\t\t<div class=\"elementor-container elementor-column-gap-default\">\n\t\t\t\t\t<div class=\"elementor-column elementor-col-100 elementor-top-column elementor-element elementor-element-38f2028\" data-id=\"38f2028\" data-element_type=\"column\">\n\t\t\t<div class=\"elementor-widget-wrap elementor-element-populated\">\n\t\t\t\t\t\t<div class=\"elementor-element elementor-element-4ca0db9 elementor-widget elementor-widget-heading\" data-id=\"4ca0db9\" data-element_type=\"widget\" data-widget_type=\"heading.default\">\n\t\t\t\t<div class=\"elementor-widget-container\">\n\t\t\t<h2 class=\"elementor-heading-title elementor-size-default\">Nosotros<\/h2>\t\t<\/div>\n\t\t\t\t<\/div>\n\t\t\t\t\t<\/div>\n\t\t<\/div>\n\t\t\t\t\t<\/div>\n\t\t<\/section>\n\t\t\t\t<section class=\"elementor-section elementor-top-section elementor-element elementor-element-c3dc336 elementor-section-boxed elementor-section-height-default elementor-section-height-default\" data-id=\"c3dc336\" data-element_type=\"section\">\n\t\t\t\t\t\t<div class=\"elementor-container elementor-column-gap-default\">\n\t\t\t\t\t<div class=\"elementor-column elementor-col-100 elementor-top-column elementor-element elementor-element-5f9f136\" data-id=\"5f9f136\" data-element_type=\"column\">\n\t\t\t<div class=\"elementor-widget-wrap elementor-element-populated\">\n\t\t\t\t\t\t<div class=\"elementor-element elementor-element-3d6811a elementor-widget elementor-widget-text-editor\" data-id=\"3d6811a\" data-element_type=\"widget\" data-widget_type=\"text-editor.default\">\n\t\t\t\t<div class=\"elementor-widget-container\">\n\t\t\t\t\t\t\t<p style=\"font-weight: 400; text-align: center;\">Luego de varios a\u00f1os de trayectoria en el \u00e1mbito de la arquitectura desarrollando proyectos y direcci\u00f3n de obras, en particular en el \u00e1rea de salud; <strong>el Arq. Marcelo Slepoy, titular de Slepoy estudio, funda en 2001 junto con el Dr. Alberto S.\u00a0Slepoy SIYE S.A.<\/strong>, en busca de optimizar las soluciones constructivas de emprendimientos propios y de sus clientes.<\/p><p style=\"font-weight: 400; text-align: center;\">En 2012 se inicia\u00a0<strong>&#8220;Espacio 87&#8221;,<\/strong> un sitio de<strong>\u00a0co-working<\/strong>\u00a0orientado a profesionales y empresas de las \u00e1reas de dise\u00f1o, comunicaci\u00f3n y construcci\u00f3n para potenciar la sinergia con SIYE S.A. y Slepoy estudio, proporcionando puestos de trabajo, oficinas, sectores independientes y sala de reuniones.<\/p>\t\t\t\t\t\t<\/div>\n\t\t\t\t<\/div>\n\t\t\t\t\t<\/div>\n\t\t<\/div>\n\t\t\t\t\t<\/div>\n\t\t<\/section>\n\t\t\t\t<section class=\"elementor-section elementor-top-section elementor-element elementor-element-b0d6cd2 elementor-section-boxed elementor-section-height-default elementor-section-height-default\" data-id=\"b0d6cd2\" data-element_type=\"section\">\n\t\t\t\t\t\t<div class=\"elementor-container elementor-column-gap-default\">\n\t\t\t\t\t<div class=\"elementor-column elementor-col-100 elementor-top-column elementor-element elementor-element-876b1d3\" data-id=\"876b1d3\" data-element_type=\"column\">\n\t\t\t<div class=\"elementor-widget-wrap elementor-element-populated\">\n\t\t\t\t\t\t<div class=\"elementor-element elementor-element-1dfbc85 elementor-widget elementor-widget-spacer\" data-id=\"1dfbc85\" data-element_type=\"widget\" data-widget_type=\"spacer.default\">\n\t\t\t\t<div class=\"elementor-widget-container\">\n\t\t\t\t\t<div class=\"elementor-spacer\">\n\t\t\t<div class=\"elementor-spacer-inner\"><\/div>\n\t\t<\/div>\n\t\t\t\t<\/div>\n\t\t\t\t<\/div>\n\t\t\t\t\t<\/div>\n\t\t<\/div>\n\t\t\t\t\t<\/div>\n\t\t<\/section>\n\t\t\t\t<section class=\"elementor-section elementor-top-section elementor-element elementor-element-2edc035 elementor-section-boxed elementor-section-height-default elementor-section-height-default\" data-id=\"2edc035\" data-element_type=\"section\">\n\t\t\t\t\t\t<div class=\"elementor-container elementor-column-gap-default\">\n\t\t\t\t\t<div class=\"elementor-column elementor-col-33 elementor-top-column elementor-element elementor-element-8a2ff5f\" data-id=\"8a2ff5f\" data-element_type=\"column\">\n\t\t\t<div class=\"elementor-widget-wrap elementor-element-populated\">\n\t\t\t\t\t\t<div class=\"elementor-element elementor-element-fafd389 elementor-widget elementor-widget-text-editor\" data-id=\"fafd389\" data-element_type=\"widget\" data-widget_type=\"text-editor.default\">\n\t\t\t\t<div class=\"elementor-widget-container\">\n\t\t\t\t\t\t\t<h4><strong>Misi\u00f3n<\/strong><\/h4><p>Proporcionar soluciones a las necesidades espaciales, constructivas, comunicativas y organizacionales con capacidad t\u00e9cnica, efectividad, versatilidad, flexibilidad e innovaci\u00f3n para el desarrollo de las actividades de clientes y de la comunidad.<\/p>\t\t\t\t\t\t<\/div>\n\t\t\t\t<\/div>\n\t\t\t\t\t<\/div>\n\t\t<\/div>\n\t\t\t\t<div class=\"elementor-column elementor-col-33 elementor-top-column elementor-element elementor-element-d1396f8\" data-id=\"d1396f8\" data-element_type=\"column\">\n\t\t\t<div class=\"elementor-widget-wrap elementor-element-populated\">\n\t\t\t\t\t\t<div class=\"elementor-element elementor-element-d71bd9e elementor-widget elementor-widget-text-editor\" data-id=\"d71bd9e\" data-element_type=\"widget\" data-widget_type=\"text-editor.default\">\n\t\t\t\t<div class=\"elementor-widget-container\">\n\t\t\t\t\t\t\t<h4><strong>Visi\u00f3n<\/strong><\/h4><p>Ser referentes en el campo de los servicios de arquitectura y construcci\u00f3n de alta complejidad, especialmente en el campo de la salud y la vivienda. Nuestra meta es conseguir un nivel de alta calidad y prestaciones para nuestros productos, atendiendo a los nuevos paradigmas y tecnolog\u00edas.<\/p>\t\t\t\t\t\t<\/div>\n\t\t\t\t<\/div>\n\t\t\t\t\t<\/div>\n\t\t<\/div>\n\t\t\t\t<div class=\"elementor-column elementor-col-33 elementor-top-column elementor-element elementor-element-9cf1d00\" data-id=\"9cf1d00\" data-element_type=\"column\">\n\t\t\t<div class=\"elementor-widget-wrap elementor-element-populated\">\n\t\t\t\t\t\t<div class=\"elementor-element elementor-element-e7f90ec elementor-widget elementor-widget-text-editor\" data-id=\"e7f90ec\" data-element_type=\"widget\" data-widget_type=\"text-editor.default\">\n\t\t\t\t<div class=\"elementor-widget-container\">\n\t\t\t\t\t\t\t<h4><strong>Valores<\/strong><\/h4><p>Realizamos nuestros objetivos con el foco en un uso \u00e9tico y responsable de los recursos, con la mayor precisi\u00f3n posible y procurando la mejora continua para el beneficio de nuestros clientes, la comunidad y nosotros mismos.<\/p>\t\t\t\t\t\t<\/div>\n\t\t\t\t<\/div>\n\t\t\t\t\t<\/div>\n\t\t<\/div>\n\t\t\t\t\t<\/div>\n\t\t<\/section>\n\t\t\t\t<section class=\"elementor-section elementor-top-section elementor-element elementor-element-631d12b elementor-section-boxed elementor-section-height-default elementor-section-height-default\" data-id=\"631d12b\" data-element_type=\"section\">\n\t\t\t\t\t\t<div class=\"elementor-container elementor-column-gap-default\">\n\t\t\t\t\t<div class=\"elementor-column elementor-col-100 elementor-top-column elementor-element elementor-element-e30a5b8\" data-id=\"e30a5b8\" data-element_type=\"column\">\n\t\t\t<div class=\"elementor-widget-wrap elementor-element-populated\">\n\t\t\t\t\t\t<div class=\"elementor-element elementor-element-145d792 elementor-widget elementor-widget-spacer\" data-id=\"145d792\" data-element_type=\"widget\" data-widget_type=\"spacer.default\">\n\t\t\t\t<div class=\"elementor-widget-container\">\n\t\t\t\t\t<div class=\"elementor-spacer\">\n\t\t\t<div class=\"elementor-spacer-inner\"><\/div>\n\t\t<\/div>\n\t\t\t\t<\/div>\n\t\t\t\t<\/div>\n\t\t\t\t\t<\/div>\n\t\t<\/div>\n\t\t\t\t\t<\/div>\n\t\t<\/section>\n\t\t\t\t<\/div>\n\t\t","protected":false},"excerpt":{"rendered":"<p>Nosotros Luego de varios a\u00f1os de trayectoria en el \u00e1mbito de la arquitectura desarrollando proyectos y direcci\u00f3n de obras, en [&hellip;]<\/p>\n","protected":false},"author":1,"featured_media":0,"parent":0,"menu_order":0,"comment_status":"closed","ping_status":"closed","template":"page-templates\/template_page-builder.php","meta":{"_joinchat":[]},"_links":{"self":[{"href":"https:\/\/siye.com.ar\/index.php\/wp-json\/wp\/v2\/pages\/718"}],"collection":[{"href":"https:\/\/siye.com.ar\/index.php\/wp-json\/wp\/v2\/pages"}],"about":[{"href":"https:\/\/siye.com.ar\/index.php\/wp-json\/wp\/v2\/types\/page"}],"author":[{"embeddable":true,"href":"https:\/\/siye.com.ar\/index.php\/wp-json\/wp\/v2\/users\/1"}],"replies":[{"embeddable":true,"href":"https:\/\/siye.com.ar\/index.php\/wp-json\/wp\/v2\/comments?post=718"}],"version-history":[{"count":0,"href":"https:\/\/siye.com.ar\/index.php\/wp-json\/wp\/v2\/pages\/718\/revisions"}],"wp:attachment":[{"href":"https:\/\/siye.com.ar\/index.php\/wp-json\/wp\/v2\/media?parent=718"}],"curies":[{"name":"wp","href":"https:\/\/api.w.org\/{rel}","templated":true}]}}