{"id":823,"date":"2019-08-12T18:36:51","date_gmt":"2019-08-12T21:36:51","guid":{"rendered":"http:\/\/siye.com.ar\/?page_id=823"},"modified":"2023-07-06T10:03:46","modified_gmt":"2023-07-06T13:03:46","slug":"hospital-marie-curie","status":"publish","type":"page","link":"https:\/\/siye.com.ar\/index.php\/hospital-marie-curie\/","title":{"rendered":"Hospital Marie Curie"},"content":{"rendered":"\t\t<div data-elementor-type=\"wp-post\" data-elementor-id=\"823\" class=\"elementor elementor-823\">\n\t\t\t\t\t\t<section class=\"elementor-section elementor-top-section elementor-element elementor-element-a026d87 elementor-section-boxed elementor-section-height-default elementor-section-height-default\" data-id=\"a026d87\" data-element_type=\"section\">\n\t\t\t\t\t\t<div class=\"elementor-container elementor-column-gap-default\">\n\t\t\t\t\t<div class=\"elementor-column elementor-col-100 elementor-top-column elementor-element elementor-element-e7b74e8\" data-id=\"e7b74e8\" data-element_type=\"column\">\n\t\t\t<div class=\"elementor-widget-wrap elementor-element-populated\">\n\t\t\t\t\t\t<div class=\"elementor-element elementor-element-a5da93c elementor-widget elementor-widget-heading\" data-id=\"a5da93c\" data-element_type=\"widget\" data-widget_type=\"heading.default\">\n\t\t\t\t<div class=\"elementor-widget-container\">\n\t\t\t<h2 class=\"elementor-heading-title elementor-size-default\">- HOSPITAL MARIE CURIE -<\/h2>\t\t<\/div>\n\t\t\t\t<\/div>\n\t\t\t\t\t<\/div>\n\t\t<\/div>\n\t\t\t\t\t<\/div>\n\t\t<\/section>\n\t\t\t\t<section class=\"elementor-section elementor-top-section elementor-element elementor-element-0ac8e0c elementor-section-boxed elementor-section-height-default elementor-section-height-default\" data-id=\"0ac8e0c\" data-element_type=\"section\">\n\t\t\t\t\t\t<div class=\"elementor-container elementor-column-gap-default\">\n\t\t\t\t\t<div class=\"elementor-column elementor-col-100 elementor-top-column elementor-element elementor-element-2c60bdd\" data-id=\"2c60bdd\" data-element_type=\"column\">\n\t\t\t<div class=\"elementor-widget-wrap elementor-element-populated\">\n\t\t\t\t\t\t<div class=\"elementor-element elementor-element-816b734 elementor-widget-divider--view-line elementor-widget elementor-widget-divider\" data-id=\"816b734\" data-element_type=\"widget\" data-widget_type=\"divider.default\">\n\t\t\t\t<div class=\"elementor-widget-container\">\n\t\t\t\t\t<div class=\"elementor-divider\">\n\t\t\t<span class=\"elementor-divider-separator\">\n\t\t\t\t\t\t<\/span>\n\t\t<\/div>\n\t\t\t\t<\/div>\n\t\t\t\t<\/div>\n\t\t\t\t<div class=\"elementor-element elementor-element-99290df elementor-widget elementor-widget-heading\" data-id=\"99290df\" data-element_type=\"widget\" data-widget_type=\"heading.default\">\n\t\t\t\t<div class=\"elementor-widget-container\">\n\t\t\t<h2 class=\"elementor-heading-title elementor-size-default\">C\u00e1mara Gamma<\/h2>\t\t<\/div>\n\t\t\t\t<\/div>\n\t\t\t\t<div class=\"elementor-element elementor-element-5b03a3e elementor-widget elementor-widget-text-editor\" data-id=\"5b03a3e\" data-element_type=\"widget\" data-widget_type=\"text-editor.default\">\n\t\t\t\t<div class=\"elementor-widget-container\">\n\t\t\t\t\t\t\t<ul><li>Construcci\u00f3n, direcci\u00f3n ejecutiva y c\u00e1lculo estructural: <strong>SIYE S.A.<\/strong><\/li><li>Ubicaci\u00f3n: <strong>C.A.B.A<\/strong>.<\/li><li>A\u00f1o de finalizaci\u00f3n: <strong>2018.<\/strong><\/li><li>Categor\u00eda: <strong>adecuaci\u00f3n y<\/strong> <strong>remodelaci\u00f3n<\/strong>.<\/li><\/ul>\t\t\t\t\t\t<\/div>\n\t\t\t\t<\/div>\n\t\t\t\t\t<\/div>\n\t\t<\/div>\n\t\t\t\t\t<\/div>\n\t\t<\/section>\n\t\t\t\t<section class=\"elementor-section elementor-top-section elementor-element elementor-element-ccd2a14 elementor-section-boxed elementor-section-height-default elementor-section-height-default\" data-id=\"ccd2a14\" data-element_type=\"section\">\n\t\t\t\t\t\t<div class=\"elementor-container elementor-column-gap-default\">\n\t\t\t\t\t<div class=\"elementor-column elementor-col-100 elementor-top-column elementor-element elementor-element-07bcfd4\" data-id=\"07bcfd4\" data-element_type=\"column\">\n\t\t\t<div class=\"elementor-widget-wrap elementor-element-populated\">\n\t\t\t\t\t\t<div class=\"elementor-element elementor-element-c9351c0 elementor-widget elementor-widget-shortcode\" data-id=\"c9351c0\" data-element_type=\"widget\" data-widget_type=\"shortcode.default\">\n\t\t\t\t<div class=\"elementor-widget-container\">\n\t\t\t\t\t<div class=\"elementor-shortcode\"><!-- Final Tiles Grid Gallery for WordPress v3.5.8 free --><style>#ftg-3333 .tile .icon { color:#ffffff; }#ftg-3333 .ftg-items .loading-bar i { background:#666; }#ftg-3333 .ftg-items .loading-bar { background:#fff; }#ftg-3333 .tile .icon { font-size:12px; }#ftg-3333 .tile .icon { margin: -6px 0 0 -6px; }#ftg-3333 .tile .caption-block .text-wrapper span.text { font-size:12px; }#ftg-3333 .tile .caption-outside .text-wrapper span.text { font-size:12px; }#ftg-3333 .tile .caption-block .text-wrapper span.title { font-size:14px; }#ftg-3333 .tile .caption-outside .text-wrapper span.title { font-size:14px; }#ftg-3333 .tile { background-color: transparent; }#ftg-3333 .tile .caption-block .text-wrapper span.text { color: #ffffff; }#ftg-3333 .tile .caption-block .text-wrapper span.title { color: #ffffff; }#ftg-3333 .tile .caption-outside .text-wrapper span.text { color: #ffffff; }#ftg-3333 .tile .caption-outside .text-wrapper span.title { color: #ffffff; }#ftg-3333 .tile .ftg-social a { color: #ffffff; }#ftg-3333 .tile .caption-block { transition-duration:0.25s; }#ftg-3333 .tile .tile-inner:before { background-color: #000000; }#ftg-3333 .tile .tile-inner:before { background-color: rgba(0, 0, 0, 0.8); }#ftg-3333 .tile:hover img {-moz-transform: -moz-rotate(0deg) -moz-scale(0) ;-webkit-transform: -webkit-rotate(0deg) -webkit-scale(0) ;-o-transform: -o-rotate(0deg) -o-scale(0) ;-ms-transform: -ms-rotate(0deg) -ms-scale(0) ;transform: rotate(0deg) scale(0) ;}<\/style><a name='33'><\/a><div class='final-tiles-gallery  ftg-hover-enabled caption-inside  caption-none caption-middle caption-center' id='ftg-3333' style='width:100%'><div class='ftg-items'><div class='loading-bar'><i><\/i><\/div><div  class='tile ftg-preload  '><a title=\"\" data-lightbox='ftg-3333' rel='ftg-3333'  class=' tile-inner  ftg-lightbox' href='https:\/\/siye.com.ar\/wp-content\/uploads\/2019\/08\/Siye-arquitectura-arquitectura-medica-hospital-Marie-Curi-foto-1.jpg' ><img alt='' class='item skip-lazy' data-class='item' data-ftg-source='http:\/\/siye.com.ar\/wp-content\/uploads\/2019\/08\/Siye-arquitectura-arquitectura-medica-hospital-Marie-Curi-foto-1.jpg' src='http:\/\/siye.com.ar\/wp-content\/uploads\/2019\/08\/Siye-arquitectura-arquitectura-medica-hospital-Marie-Curi-foto-1.jpg' width='800' height='600' \/><\/a><div class='ftg-social'><\/div><\/div><div  class='tile ftg-preload  '><a title=\"\" data-lightbox='ftg-3333' rel='ftg-3333'  class=' tile-inner  ftg-lightbox' href='https:\/\/siye.com.ar\/wp-content\/uploads\/2019\/08\/Siye-arquitectura-arquitectura-medica-hospital-Marie-Curi-foto-2.jpg' ><img alt='' class='item skip-lazy' data-class='item' data-ftg-source='http:\/\/siye.com.ar\/wp-content\/uploads\/2019\/08\/Siye-arquitectura-arquitectura-medica-hospital-Marie-Curi-foto-2.jpg' src='http:\/\/siye.com.ar\/wp-content\/uploads\/2019\/08\/Siye-arquitectura-arquitectura-medica-hospital-Marie-Curi-foto-2.jpg' width='800' height='600' \/><\/a><div class='ftg-social'><\/div><\/div><\/div><\/div><script type='text\/javascript'>jQuery('#ftg-3333 img.item').removeAttr('src');jQuery(document).ready(function () {setTimeout(function () {jQuery('#ftg-3333').finalTilesGallery({minTileWidth: 250,margin: 10,loadMethod: 'sequential',nonce: '45c2b80d9f',galleryId: '33',setupFilters: true,layout: 'columns',debug: false,gridSize: 25,disableGridSizeBelow:800,allowEnlargement: true,columns: [[4000, 2],[1024, 2],[800, 2],[480, 2],[320, 2]],selectedFilter: 'n-a'});jQuery(function () {(function () {var rel = '';jQuery('#ftg-3333 .ftg-lightbox').click(function (e) {rel = jQuery(this).attr('rel');jQuery('#ftg-3333 .ftg-current').removeClass('ftg-current');jQuery('#ftg-3333 [rel=\"'+rel+'\"]').addClass('ftg-current');});})();});}, 0);});<\/script><\/div>\n\t\t\t\t<\/div>\n\t\t\t\t<\/div>\n\t\t\t\t\t<\/div>\n\t\t<\/div>\n\t\t\t\t\t<\/div>\n\t\t<\/section>\n\t\t\t\t<section class=\"elementor-section elementor-top-section elementor-element elementor-element-a72d99a elementor-section-boxed elementor-section-height-default elementor-section-height-default\" data-id=\"a72d99a\" data-element_type=\"section\">\n\t\t\t\t\t\t<div class=\"elementor-container elementor-column-gap-default\">\n\t\t\t\t\t<div class=\"elementor-column elementor-col-50 elementor-top-column elementor-element elementor-element-1f97c0e\" data-id=\"1f97c0e\" data-element_type=\"column\">\n\t\t\t<div class=\"elementor-widget-wrap elementor-element-populated\">\n\t\t\t\t\t\t<div class=\"elementor-element elementor-element-61641fb elementor-view-default elementor-widget elementor-widget-icon\" data-id=\"61641fb\" data-element_type=\"widget\" data-widget_type=\"icon.default\">\n\t\t\t\t<div class=\"elementor-widget-container\">\n\t\t\t\t\t<div class=\"elementor-icon-wrapper\">\n\t\t\t<a class=\"elementor-icon\" href=\"http:\/\/siye.com.ar\/index.php\/arquitectura-medica-obra\/\">\n\t\t\t\t\t\t\t<i class=\"fa fa-chevron-left\" aria-hidden=\"true\"><\/i>\n\t\t\t\t\t\t<\/a>\n\t\t<\/div>\n\t\t\t\t<\/div>\n\t\t\t\t<\/div>\n\t\t\t\t\t<\/div>\n\t\t<\/div>\n\t\t\t\t<div class=\"elementor-column elementor-col-50 elementor-top-column elementor-element elementor-element-7ae1620\" data-id=\"7ae1620\" data-element_type=\"column\">\n\t\t\t<div class=\"elementor-widget-wrap elementor-element-populated\">\n\t\t\t\t\t\t<div class=\"elementor-element elementor-element-b7759d5 elementor-widget elementor-widget-heading\" data-id=\"b7759d5\" data-element_type=\"widget\" data-widget_type=\"heading.default\">\n\t\t\t\t<div class=\"elementor-widget-container\">\n\t\t\t<h5 class=\"elementor-heading-title elementor-size-default\"><a href=\"http:\/\/siye.com.ar\/index.php\/arquitectura-medica-obra\/\">volver<\/a><\/h5>\t\t<\/div>\n\t\t\t\t<\/div>\n\t\t\t\t\t<\/div>\n\t\t<\/div>\n\t\t\t\t\t<\/div>\n\t\t<\/section>\n\t\t\t\t<section class=\"elementor-section elementor-top-section elementor-element elementor-element-a824cf2 elementor-section-boxed elementor-section-height-default elementor-section-height-default\" data-id=\"a824cf2\" data-element_type=\"section\">\n\t\t\t\t\t\t<div class=\"elementor-container elementor-column-gap-default\">\n\t\t\t\t\t<div class=\"elementor-column elementor-col-100 elementor-top-column elementor-element elementor-element-8b76288\" data-id=\"8b76288\" data-element_type=\"column\">\n\t\t\t<div class=\"elementor-widget-wrap elementor-element-populated\">\n\t\t\t\t\t\t<div class=\"elementor-element elementor-element-efe2b39 elementor-widget elementor-widget-spacer\" data-id=\"efe2b39\" data-element_type=\"widget\" data-widget_type=\"spacer.default\">\n\t\t\t\t<div class=\"elementor-widget-container\">\n\t\t\t\t\t<div class=\"elementor-spacer\">\n\t\t\t<div class=\"elementor-spacer-inner\"><\/div>\n\t\t<\/div>\n\t\t\t\t<\/div>\n\t\t\t\t<\/div>\n\t\t\t\t\t<\/div>\n\t\t<\/div>\n\t\t\t\t\t<\/div>\n\t\t<\/section>\n\t\t\t\t<\/div>\n\t\t","protected":false},"excerpt":{"rendered":"<p>&#8211; HOSPITAL MARIE CURIE &#8211; C\u00e1mara Gamma Construcci\u00f3n, direcci\u00f3n ejecutiva y c\u00e1lculo estructural: SIYE S.A. Ubicaci\u00f3n: C.A.B.A. A\u00f1o de finalizaci\u00f3n: [&hellip;]<\/p>\n","protected":false},"author":1,"featured_media":0,"parent":0,"menu_order":0,"comment_status":"closed","ping_status":"closed","template":"page-templates\/template_page-builder.php","meta":{"_joinchat":[]},"_links":{"self":[{"href":"https:\/\/siye.com.ar\/index.php\/wp-json\/wp\/v2\/pages\/823"}],"collection":[{"href":"https:\/\/siye.com.ar\/index.php\/wp-json\/wp\/v2\/pages"}],"about":[{"href":"https:\/\/siye.com.ar\/index.php\/wp-json\/wp\/v2\/types\/page"}],"author":[{"embeddable":true,"href":"https:\/\/siye.com.ar\/index.php\/wp-json\/wp\/v2\/users\/1"}],"replies":[{"embeddable":true,"href":"https:\/\/siye.com.ar\/index.php\/wp-json\/wp\/v2\/comments?post=823"}],"version-history":[{"count":0,"href":"https:\/\/siye.com.ar\/index.php\/wp-json\/wp\/v2\/pages\/823\/revisions"}],"wp:attachment":[{"href":"https:\/\/siye.com.ar\/index.php\/wp-json\/wp\/v2\/media?parent=823"}],"curies":[{"name":"wp","href":"https:\/\/api.w.org\/{rel}","templated":true}]}}