{"id":924,"date":"2019-08-13T15:26:43","date_gmt":"2019-08-13T18:26:43","guid":{"rendered":"http:\/\/siye.com.ar\/?page_id=924"},"modified":"2019-08-28T17:23:35","modified_gmt":"2019-08-28T20:23:35","slug":"doctores-trovato","status":"publish","type":"page","link":"https:\/\/siye.com.ar\/index.php\/doctores-trovato\/","title":{"rendered":"Doctores Trovato"},"content":{"rendered":"\t\t<div data-elementor-type=\"wp-post\" data-elementor-id=\"924\" class=\"elementor elementor-924\">\n\t\t\t\t\t\t<section class=\"elementor-section elementor-top-section elementor-element elementor-element-c4fc1f8 elementor-section-boxed elementor-section-height-default elementor-section-height-default\" data-id=\"c4fc1f8\" data-element_type=\"section\">\n\t\t\t\t\t\t<div class=\"elementor-container elementor-column-gap-default\">\n\t\t\t\t\t<div class=\"elementor-column elementor-col-100 elementor-top-column elementor-element elementor-element-792c99b\" data-id=\"792c99b\" data-element_type=\"column\">\n\t\t\t<div class=\"elementor-widget-wrap elementor-element-populated\">\n\t\t\t\t\t\t<div class=\"elementor-element elementor-element-6a0661a elementor-widget elementor-widget-heading\" data-id=\"6a0661a\" data-element_type=\"widget\" data-widget_type=\"heading.default\">\n\t\t\t\t<div class=\"elementor-widget-container\">\n\t\t\t<h2 class=\"elementor-heading-title elementor-size-default\">- DOCTORES TROVATO -<\/h2>\t\t<\/div>\n\t\t\t\t<\/div>\n\t\t\t\t\t<\/div>\n\t\t<\/div>\n\t\t\t\t\t<\/div>\n\t\t<\/section>\n\t\t\t\t<section class=\"elementor-section elementor-top-section elementor-element elementor-element-e2cbab2 elementor-section-boxed elementor-section-height-default elementor-section-height-default\" data-id=\"e2cbab2\" data-element_type=\"section\">\n\t\t\t\t\t\t<div class=\"elementor-container elementor-column-gap-default\">\n\t\t\t\t\t<div class=\"elementor-column elementor-col-100 elementor-top-column elementor-element elementor-element-82896ef\" data-id=\"82896ef\" data-element_type=\"column\">\n\t\t\t<div class=\"elementor-widget-wrap elementor-element-populated\">\n\t\t\t\t\t\t<div class=\"elementor-element elementor-element-fca9a73 elementor-widget-divider--view-line elementor-widget elementor-widget-divider\" data-id=\"fca9a73\" data-element_type=\"widget\" data-widget_type=\"divider.default\">\n\t\t\t\t<div class=\"elementor-widget-container\">\n\t\t\t\t\t<div class=\"elementor-divider\">\n\t\t\t<span class=\"elementor-divider-separator\">\n\t\t\t\t\t\t<\/span>\n\t\t<\/div>\n\t\t\t\t<\/div>\n\t\t\t\t<\/div>\n\t\t\t\t<div class=\"elementor-element elementor-element-c3e0bcb elementor-widget elementor-widget-heading\" data-id=\"c3e0bcb\" data-element_type=\"widget\" data-widget_type=\"heading.default\">\n\t\t\t\t<div class=\"elementor-widget-container\">\n\t\t\t<h2 class=\"elementor-heading-title elementor-size-default\">Servicio de diagn\u00f3stico por im\u00e1genes<\/h2>\t\t<\/div>\n\t\t\t\t<\/div>\n\t\t\t\t<div class=\"elementor-element elementor-element-876419f elementor-widget elementor-widget-text-editor\" data-id=\"876419f\" data-element_type=\"widget\" data-widget_type=\"text-editor.default\">\n\t\t\t\t<div class=\"elementor-widget-container\">\n\t\t\t\t\t\t\t<ul><li>Proyecto, construcci\u00f3n y direcci\u00f3n ejecutiva: Slepoy estudio + <strong>SIYE S.A.<\/strong><\/li><li>Ubicaci\u00f3n: <strong>Ramos Mej\u00eda, Pcia de Buenos Aires.<\/strong><\/li><li>A\u00f1o de finalizaci\u00f3n: <strong>2017.<\/strong><\/li><li>Categor\u00eda: <strong>adecuaci\u00f3n y remodelaci\u00f3n.<\/strong><\/li><\/ul>\t\t\t\t\t\t<\/div>\n\t\t\t\t<\/div>\n\t\t\t\t\t<\/div>\n\t\t<\/div>\n\t\t\t\t\t<\/div>\n\t\t<\/section>\n\t\t\t\t<section class=\"elementor-section elementor-top-section elementor-element elementor-element-a25322f elementor-section-boxed elementor-section-height-default elementor-section-height-default\" data-id=\"a25322f\" data-element_type=\"section\">\n\t\t\t\t\t\t<div class=\"elementor-container elementor-column-gap-default\">\n\t\t\t\t\t<div class=\"elementor-column elementor-col-100 elementor-top-column elementor-element elementor-element-2d532f1\" data-id=\"2d532f1\" data-element_type=\"column\">\n\t\t\t<div class=\"elementor-widget-wrap elementor-element-populated\">\n\t\t\t\t\t\t<div class=\"elementor-element elementor-element-d20084b elementor-widget elementor-widget-shortcode\" data-id=\"d20084b\" data-element_type=\"widget\" data-widget_type=\"shortcode.default\">\n\t\t\t\t<div class=\"elementor-widget-container\">\n\t\t\t\t\t<div class=\"elementor-shortcode\"><!-- Final Tiles Grid Gallery for WordPress v3.5.8 free --><style>#ftg-2323 .tile .icon { color:#ffffff; }#ftg-2323 .ftg-items .loading-bar i { background:#666; }#ftg-2323 .ftg-items .loading-bar { background:#fff; }#ftg-2323 .tile .icon { font-size:12px; }#ftg-2323 .tile .icon { margin: -6px 0 0 -6px; }#ftg-2323 .tile .caption-block .text-wrapper span.text { font-size:12px; }#ftg-2323 .tile .caption-outside .text-wrapper span.text { font-size:12px; }#ftg-2323 .tile .caption-block .text-wrapper span.title { font-size:14px; }#ftg-2323 .tile .caption-outside .text-wrapper span.title { font-size:14px; }#ftg-2323 .tile { background-color: transparent; }#ftg-2323 .tile .caption-block .text-wrapper span.text { color: #ffffff; }#ftg-2323 .tile .caption-block .text-wrapper span.title { color: #ffffff; }#ftg-2323 .tile .caption-outside .text-wrapper span.text { color: #ffffff; }#ftg-2323 .tile .caption-outside .text-wrapper span.title { color: #ffffff; }#ftg-2323 .tile .ftg-social a { color: #ffffff; }#ftg-2323 .tile .caption-block { transition-duration:0.25s; }#ftg-2323 .tile .tile-inner:before { background-color: #000000; }#ftg-2323 .tile .tile-inner:before { background-color: rgba(0, 0, 0, 0.8); }#ftg-2323 .tile:hover img {-moz-transform: -moz-rotate(0deg) -moz-scale(0) ;-webkit-transform: -webkit-rotate(0deg) -webkit-scale(0) ;-o-transform: -o-rotate(0deg) -o-scale(0) ;-ms-transform: -ms-rotate(0deg) -ms-scale(0) ;transform: rotate(0deg) scale(0) ;}<\/style><a name='23'><\/a><div class='final-tiles-gallery  ftg-hover-enabled caption-inside  caption-none caption-middle caption-center' id='ftg-2323' style='width:100%'><div class='ftg-items'><div class='loading-bar'><i><\/i><\/div><div  class='tile ftg-preload  '><a title=\"\" data-lightbox='ftg-2323' rel='ftg-2323'  class=' tile-inner  ftg-lightbox' href='https:\/\/siye.com.ar\/wp-content\/uploads\/2019\/08\/Siye-arquitectura-arquitectura-medica-hospital-Doctores-Trovato-foto-1-1.jpg' ><img alt='' class='item skip-lazy' data-class='item' data-ftg-source='http:\/\/siye.com.ar\/wp-content\/uploads\/2019\/08\/Siye-arquitectura-arquitectura-medica-hospital-Doctores-Trovato-foto-1-1.jpg' src='http:\/\/siye.com.ar\/wp-content\/uploads\/2019\/08\/Siye-arquitectura-arquitectura-medica-hospital-Doctores-Trovato-foto-1-1.jpg' width='600' height='900' \/><\/a><div class='ftg-social'><\/div><\/div><div  class='tile ftg-preload  '><a title=\"\" data-lightbox='ftg-2323' rel='ftg-2323'  class=' tile-inner  ftg-lightbox' href='https:\/\/siye.com.ar\/wp-content\/uploads\/2019\/08\/Siye-arquitectura-arquitectura-medica-hospital-Doctores-Trovato-foto-2-1.jpg' ><img alt='' class='item skip-lazy' data-class='item' data-ftg-source='http:\/\/siye.com.ar\/wp-content\/uploads\/2019\/08\/Siye-arquitectura-arquitectura-medica-hospital-Doctores-Trovato-foto-2-1.jpg' src='http:\/\/siye.com.ar\/wp-content\/uploads\/2019\/08\/Siye-arquitectura-arquitectura-medica-hospital-Doctores-Trovato-foto-2-1.jpg' width='600' height='900' \/><\/a><div class='ftg-social'><\/div><\/div><div  class='tile ftg-preload  '><a title=\"\" data-lightbox='ftg-2323' rel='ftg-2323'  class=' tile-inner  ftg-lightbox' href='https:\/\/siye.com.ar\/wp-content\/uploads\/2019\/08\/Siye-arquitectura-arquitectura-medica-hospital-Doctores-Trovato-foto-3-1.jpg' ><img alt='' class='item skip-lazy' data-class='item' data-ftg-source='http:\/\/siye.com.ar\/wp-content\/uploads\/2019\/08\/Siye-arquitectura-arquitectura-medica-hospital-Doctores-Trovato-foto-3-1.jpg' src='http:\/\/siye.com.ar\/wp-content\/uploads\/2019\/08\/Siye-arquitectura-arquitectura-medica-hospital-Doctores-Trovato-foto-3-1.jpg' width='600' height='900' \/><\/a><div class='ftg-social'><\/div><\/div><div  class='tile ftg-preload  '><a title=\"\" data-lightbox='ftg-2323' rel='ftg-2323'  class=' tile-inner  ftg-lightbox' href='https:\/\/siye.com.ar\/wp-content\/uploads\/2019\/08\/Siye-arquitectura-arquitectura-medica-hospital-Doctores-Trovato-foto-4-1.jpg' ><img alt='' class='item skip-lazy' data-class='item' data-ftg-source='http:\/\/siye.com.ar\/wp-content\/uploads\/2019\/08\/Siye-arquitectura-arquitectura-medica-hospital-Doctores-Trovato-foto-4-1.jpg' src='http:\/\/siye.com.ar\/wp-content\/uploads\/2019\/08\/Siye-arquitectura-arquitectura-medica-hospital-Doctores-Trovato-foto-4-1.jpg' width='600' height='900' \/><\/a><div class='ftg-social'><\/div><\/div><div  class='tile ftg-preload  '><a title=\"\" data-lightbox='ftg-2323' rel='ftg-2323'  class=' tile-inner  ftg-lightbox' href='https:\/\/siye.com.ar\/wp-content\/uploads\/2019\/08\/Siye-arquitectura-arquitectura-medica-hospital-Doctores-Trovato-foto-5-1.jpg' ><img alt='' class='item skip-lazy' data-class='item' data-ftg-source='http:\/\/siye.com.ar\/wp-content\/uploads\/2019\/08\/Siye-arquitectura-arquitectura-medica-hospital-Doctores-Trovato-foto-5-1.jpg' src='http:\/\/siye.com.ar\/wp-content\/uploads\/2019\/08\/Siye-arquitectura-arquitectura-medica-hospital-Doctores-Trovato-foto-5-1.jpg' width='600' height='900' \/><\/a><div class='ftg-social'><\/div><\/div><div  class='tile ftg-preload  '><a title=\"\" data-lightbox='ftg-2323' rel='ftg-2323'  class=' tile-inner  ftg-lightbox' href='https:\/\/siye.com.ar\/wp-content\/uploads\/2019\/08\/Siye-arquitectura-arquitectura-medica-hospital-Doctores-Trovato-foto-6-1.jpg' ><img alt='' class='item skip-lazy' data-class='item' data-ftg-source='http:\/\/siye.com.ar\/wp-content\/uploads\/2019\/08\/Siye-arquitectura-arquitectura-medica-hospital-Doctores-Trovato-foto-6-1.jpg' src='http:\/\/siye.com.ar\/wp-content\/uploads\/2019\/08\/Siye-arquitectura-arquitectura-medica-hospital-Doctores-Trovato-foto-6-1.jpg' width='600' height='900' \/><\/a><div class='ftg-social'><\/div><\/div><\/div><\/div><script type='text\/javascript'>jQuery('#ftg-2323 img.item').removeAttr('src');jQuery(document).ready(function () {setTimeout(function () {jQuery('#ftg-2323').finalTilesGallery({minTileWidth: 250,margin: 10,loadMethod: 'sequential',nonce: '696c95ece2',galleryId: '23',setupFilters: true,layout: 'columns',debug: false,gridSize: 25,disableGridSizeBelow:800,allowEnlargement: true,columns: [[4000, 2],[1024, 2],[800, 2],[480, 2],[320, 2]],selectedFilter: 'n-a'});jQuery(function () {(function () {var rel = '';jQuery('#ftg-2323 .ftg-lightbox').click(function (e) {rel = jQuery(this).attr('rel');jQuery('#ftg-2323 .ftg-current').removeClass('ftg-current');jQuery('#ftg-2323 [rel=\"'+rel+'\"]').addClass('ftg-current');});})();});}, 0);});<\/script><\/div>\n\t\t\t\t<\/div>\n\t\t\t\t<\/div>\n\t\t\t\t\t<\/div>\n\t\t<\/div>\n\t\t\t\t\t<\/div>\n\t\t<\/section>\n\t\t\t\t<section class=\"elementor-section elementor-top-section elementor-element elementor-element-622a360 elementor-section-boxed elementor-section-height-default elementor-section-height-default\" data-id=\"622a360\" data-element_type=\"section\">\n\t\t\t\t\t\t<div class=\"elementor-container elementor-column-gap-default\">\n\t\t\t\t\t<div class=\"elementor-column elementor-col-50 elementor-top-column elementor-element elementor-element-5cefb2d\" data-id=\"5cefb2d\" data-element_type=\"column\">\n\t\t\t<div class=\"elementor-widget-wrap elementor-element-populated\">\n\t\t\t\t\t\t<div class=\"elementor-element elementor-element-a496333 elementor-view-default elementor-widget elementor-widget-icon\" data-id=\"a496333\" data-element_type=\"widget\" data-widget_type=\"icon.default\">\n\t\t\t\t<div class=\"elementor-widget-container\">\n\t\t\t\t\t<div class=\"elementor-icon-wrapper\">\n\t\t\t<a class=\"elementor-icon\" href=\"http:\/\/siye.com.ar\/index.php\/arquitectura-medica-obra\/\">\n\t\t\t\t\t\t\t<i class=\"fa fa-chevron-left\" aria-hidden=\"true\"><\/i>\n\t\t\t\t\t\t<\/a>\n\t\t<\/div>\n\t\t\t\t<\/div>\n\t\t\t\t<\/div>\n\t\t\t\t\t<\/div>\n\t\t<\/div>\n\t\t\t\t<div class=\"elementor-column elementor-col-50 elementor-top-column elementor-element elementor-element-29427ba\" data-id=\"29427ba\" data-element_type=\"column\">\n\t\t\t<div class=\"elementor-widget-wrap elementor-element-populated\">\n\t\t\t\t\t\t<div class=\"elementor-element elementor-element-bae0326 elementor-widget elementor-widget-heading\" data-id=\"bae0326\" data-element_type=\"widget\" data-widget_type=\"heading.default\">\n\t\t\t\t<div class=\"elementor-widget-container\">\n\t\t\t<h5 class=\"elementor-heading-title elementor-size-default\"><a href=\"http:\/\/siye.com.ar\/index.php\/arquitectura-medica-obra\/\">volver<\/a><\/h5>\t\t<\/div>\n\t\t\t\t<\/div>\n\t\t\t\t\t<\/div>\n\t\t<\/div>\n\t\t\t\t\t<\/div>\n\t\t<\/section>\n\t\t\t\t<section class=\"elementor-section elementor-top-section elementor-element elementor-element-293e22d elementor-section-boxed elementor-section-height-default elementor-section-height-default\" data-id=\"293e22d\" data-element_type=\"section\">\n\t\t\t\t\t\t<div class=\"elementor-container elementor-column-gap-default\">\n\t\t\t\t\t<div class=\"elementor-column elementor-col-100 elementor-top-column elementor-element elementor-element-fd32b0d\" data-id=\"fd32b0d\" data-element_type=\"column\">\n\t\t\t<div class=\"elementor-widget-wrap elementor-element-populated\">\n\t\t\t\t\t\t<div class=\"elementor-element elementor-element-cdcc8c3 elementor-widget elementor-widget-spacer\" data-id=\"cdcc8c3\" data-element_type=\"widget\" data-widget_type=\"spacer.default\">\n\t\t\t\t<div class=\"elementor-widget-container\">\n\t\t\t\t\t<div class=\"elementor-spacer\">\n\t\t\t<div class=\"elementor-spacer-inner\"><\/div>\n\t\t<\/div>\n\t\t\t\t<\/div>\n\t\t\t\t<\/div>\n\t\t\t\t\t<\/div>\n\t\t<\/div>\n\t\t\t\t\t<\/div>\n\t\t<\/section>\n\t\t\t\t<\/div>\n\t\t","protected":false},"excerpt":{"rendered":"<p>&#8211; DOCTORES TROVATO &#8211; Servicio de diagn\u00f3stico por im\u00e1genes Proyecto, construcci\u00f3n y direcci\u00f3n ejecutiva: Slepoy estudio + SIYE S.A. Ubicaci\u00f3n: [&hellip;]<\/p>\n","protected":false},"author":1,"featured_media":0,"parent":0,"menu_order":0,"comment_status":"closed","ping_status":"closed","template":"page-templates\/template_page-builder.php","meta":{"_joinchat":[]},"_links":{"self":[{"href":"https:\/\/siye.com.ar\/index.php\/wp-json\/wp\/v2\/pages\/924"}],"collection":[{"href":"https:\/\/siye.com.ar\/index.php\/wp-json\/wp\/v2\/pages"}],"about":[{"href":"https:\/\/siye.com.ar\/index.php\/wp-json\/wp\/v2\/types\/page"}],"author":[{"embeddable":true,"href":"https:\/\/siye.com.ar\/index.php\/wp-json\/wp\/v2\/users\/1"}],"replies":[{"embeddable":true,"href":"https:\/\/siye.com.ar\/index.php\/wp-json\/wp\/v2\/comments?post=924"}],"version-history":[{"count":0,"href":"https:\/\/siye.com.ar\/index.php\/wp-json\/wp\/v2\/pages\/924\/revisions"}],"wp:attachment":[{"href":"https:\/\/siye.com.ar\/index.php\/wp-json\/wp\/v2\/media?parent=924"}],"curies":[{"name":"wp","href":"https:\/\/api.w.org\/{rel}","templated":true}]}}