{"id":930,"date":"2019-08-13T15:32:08","date_gmt":"2019-08-13T18:32:08","guid":{"rendered":"http:\/\/siye.com.ar\/?page_id=930"},"modified":"2023-07-04T16:43:42","modified_gmt":"2023-07-04T19:43:42","slug":"edificio-l1120","status":"publish","type":"page","link":"https:\/\/siye.com.ar\/index.php\/edificio-l1120\/","title":{"rendered":"Edificio L1120"},"content":{"rendered":"\t\t<div data-elementor-type=\"wp-post\" data-elementor-id=\"930\" class=\"elementor elementor-930\">\n\t\t\t\t\t\t<section class=\"elementor-section elementor-top-section elementor-element elementor-element-d7fcb20 elementor-section-boxed elementor-section-height-default elementor-section-height-default\" data-id=\"d7fcb20\" data-element_type=\"section\">\n\t\t\t\t\t\t<div class=\"elementor-container elementor-column-gap-default\">\n\t\t\t\t\t<div class=\"elementor-column elementor-col-100 elementor-top-column elementor-element elementor-element-ba56b20\" data-id=\"ba56b20\" data-element_type=\"column\">\n\t\t\t<div class=\"elementor-widget-wrap elementor-element-populated\">\n\t\t\t\t\t\t<div class=\"elementor-element elementor-element-7eff042 elementor-widget elementor-widget-heading\" data-id=\"7eff042\" data-element_type=\"widget\" data-widget_type=\"heading.default\">\n\t\t\t\t<div class=\"elementor-widget-container\">\n\t\t\t<h2 class=\"elementor-heading-title elementor-size-default\">- EDIFICIO L1120 -<\/h2>\t\t<\/div>\n\t\t\t\t<\/div>\n\t\t\t\t\t<\/div>\n\t\t<\/div>\n\t\t\t\t\t<\/div>\n\t\t<\/section>\n\t\t\t\t<section class=\"elementor-section elementor-top-section elementor-element elementor-element-85a6f1f elementor-section-boxed elementor-section-height-default elementor-section-height-default\" data-id=\"85a6f1f\" data-element_type=\"section\">\n\t\t\t\t\t\t<div class=\"elementor-container elementor-column-gap-default\">\n\t\t\t\t\t<div class=\"elementor-column elementor-col-100 elementor-top-column elementor-element elementor-element-0b80777\" data-id=\"0b80777\" data-element_type=\"column\">\n\t\t\t<div class=\"elementor-widget-wrap elementor-element-populated\">\n\t\t\t\t\t\t<div class=\"elementor-element elementor-element-390bed6 elementor-widget-divider--view-line elementor-widget elementor-widget-divider\" data-id=\"390bed6\" data-element_type=\"widget\" data-widget_type=\"divider.default\">\n\t\t\t\t<div class=\"elementor-widget-container\">\n\t\t\t\t\t<div class=\"elementor-divider\">\n\t\t\t<span class=\"elementor-divider-separator\">\n\t\t\t\t\t\t<\/span>\n\t\t<\/div>\n\t\t\t\t<\/div>\n\t\t\t\t<\/div>\n\t\t\t\t<div class=\"elementor-element elementor-element-5ddfead elementor-widget elementor-widget-text-editor\" data-id=\"5ddfead\" data-element_type=\"widget\" data-widget_type=\"text-editor.default\">\n\t\t\t\t<div class=\"elementor-widget-container\">\n\t\t\t\t\t\t\t<ul><li>Proyecto, construcci\u00f3n y direcci\u00f3n de obra: <strong>Slepoy estudio + SIYE S.A.<\/strong><\/li><li>Ubicaci\u00f3n: <strong>C.A.B.A.<\/strong><\/li><li>A\u00f1o de finalizaci\u00f3n: <strong>2019.<\/strong><\/li><li>Categor\u00eda: <strong>obra nueva.<\/strong><\/li><\/ul>\t\t\t\t\t\t<\/div>\n\t\t\t\t<\/div>\n\t\t\t\t<div class=\"elementor-element elementor-element-61b596a elementor-widget elementor-widget-shortcode\" data-id=\"61b596a\" data-element_type=\"widget\" data-widget_type=\"shortcode.default\">\n\t\t\t\t<div class=\"elementor-widget-container\">\n\t\t\t\t\t<div class=\"elementor-shortcode\"><!-- Final Tiles Grid Gallery for WordPress v3.5.8 free --><style>#ftg-2424 .tile .icon { color:#ffffff; }#ftg-2424 .ftg-items .loading-bar i { background:#666; }#ftg-2424 .ftg-items .loading-bar { background:#fff; }#ftg-2424 .tile .icon { font-size:12px; }#ftg-2424 .tile .icon { margin: -6px 0 0 -6px; }#ftg-2424 .tile .caption-block .text-wrapper span.text { font-size:12px; }#ftg-2424 .tile .caption-outside .text-wrapper span.text { font-size:12px; }#ftg-2424 .tile .caption-block .text-wrapper span.title { font-size:14px; }#ftg-2424 .tile .caption-outside .text-wrapper span.title { font-size:14px; }#ftg-2424 .tile { background-color: transparent; }#ftg-2424 .tile .caption-block .text-wrapper span.text { color: #ffffff; }#ftg-2424 .tile .caption-block .text-wrapper span.title { color: #ffffff; }#ftg-2424 .tile .caption-outside .text-wrapper span.text { color: #ffffff; }#ftg-2424 .tile .caption-outside .text-wrapper span.title { color: #ffffff; }#ftg-2424 .tile .ftg-social a { color: #ffffff; }#ftg-2424 .tile .caption-block { transition-duration:0.25s; }#ftg-2424 .tile .tile-inner:before { background-color: #000000; }#ftg-2424 .tile .tile-inner:before { background-color: rgba(0, 0, 0, 0.8); }#ftg-2424 .tile:hover img {-moz-transform: -moz-rotate(0deg) -moz-scale(0) ;-webkit-transform: -webkit-rotate(0deg) -webkit-scale(0) ;-o-transform: -o-rotate(0deg) -o-scale(0) ;-ms-transform: -ms-rotate(0deg) -ms-scale(0) ;transform: rotate(0deg) scale(0) ;}<\/style><a name='24'><\/a><div class='final-tiles-gallery  ftg-hover-enabled caption-inside  caption-none caption-middle caption-center' id='ftg-2424' style='width:100%'><div class='ftg-items'><div class='loading-bar'><i><\/i><\/div><div  class='tile ftg-preload  '><a title=\"\" data-lightbox='ftg-2424' rel='ftg-2424'  class=' tile-inner  ftg-lightbox' href='https:\/\/siye.com.ar\/wp-content\/uploads\/2019\/08\/Siye-arquitectura-vivienda-mulitifamiliar-barrio-norte-foto-12.gif' ><img alt='' class='item skip-lazy' data-class='item' data-ftg-source='http:\/\/siye.com.ar\/wp-content\/uploads\/2019\/08\/Siye-arquitectura-vivienda-mulitifamiliar-barrio-norte-foto-12.gif' src='http:\/\/siye.com.ar\/wp-content\/uploads\/2019\/08\/Siye-arquitectura-vivienda-mulitifamiliar-barrio-norte-foto-12.gif' width='600' height='900' \/><\/a><div class='ftg-social'><\/div><\/div><div  class='tile ftg-preload  '><a title=\"\" data-lightbox='ftg-2424' rel='ftg-2424'  class=' tile-inner  ftg-lightbox' href='https:\/\/siye.com.ar\/wp-content\/uploads\/2019\/08\/Siye-arquitectura-vivienda-mulitifamiliar-barrio-norte-foto-11.gif' ><img alt='' class='item skip-lazy' data-class='item' data-ftg-source='http:\/\/siye.com.ar\/wp-content\/uploads\/2019\/08\/Siye-arquitectura-vivienda-mulitifamiliar-barrio-norte-foto-11.gif' src='http:\/\/siye.com.ar\/wp-content\/uploads\/2019\/08\/Siye-arquitectura-vivienda-mulitifamiliar-barrio-norte-foto-11.gif' width='600' height='900' \/><\/a><div class='ftg-social'><\/div><\/div><div  class='tile ftg-preload  '><a title=\"\" data-lightbox='ftg-2424' rel='ftg-2424'  class=' tile-inner  ftg-lightbox' href='https:\/\/siye.com.ar\/wp-content\/uploads\/2019\/08\/Siye-arquitectura-vivienda-mulitifamiliar-barrio-norte-foto-10.gif' ><img alt='' class='item skip-lazy' data-class='item' data-ftg-source='http:\/\/siye.com.ar\/wp-content\/uploads\/2019\/08\/Siye-arquitectura-vivienda-mulitifamiliar-barrio-norte-foto-10.gif' src='http:\/\/siye.com.ar\/wp-content\/uploads\/2019\/08\/Siye-arquitectura-vivienda-mulitifamiliar-barrio-norte-foto-10.gif' width='600' height='900' \/><\/a><div class='ftg-social'><\/div><\/div><div  class='tile ftg-preload  '><a title=\"\" data-lightbox='ftg-2424' rel='ftg-2424'  class=' tile-inner  ftg-lightbox' href='https:\/\/siye.com.ar\/wp-content\/uploads\/2019\/08\/Siye-arquitectura-vivienda-mulitifamiliar-barrio-norte-foto-9.gif' ><img alt='' class='item skip-lazy' data-class='item' data-ftg-source='http:\/\/siye.com.ar\/wp-content\/uploads\/2019\/08\/Siye-arquitectura-vivienda-mulitifamiliar-barrio-norte-foto-9.gif' src='http:\/\/siye.com.ar\/wp-content\/uploads\/2019\/08\/Siye-arquitectura-vivienda-mulitifamiliar-barrio-norte-foto-9.gif' width='600' height='900' \/><\/a><div class='ftg-social'><\/div><\/div><div  class='tile ftg-preload  '><a title=\"\" data-lightbox='ftg-2424' rel='ftg-2424'  class=' tile-inner  ftg-lightbox' href='https:\/\/siye.com.ar\/wp-content\/uploads\/2019\/08\/Siye-arquitectura-vivienda-mulitifamiliar-barrio-norte-foto-8.gif' ><img alt='' class='item skip-lazy' data-class='item' data-ftg-source='http:\/\/siye.com.ar\/wp-content\/uploads\/2019\/08\/Siye-arquitectura-vivienda-mulitifamiliar-barrio-norte-foto-8.gif' src='http:\/\/siye.com.ar\/wp-content\/uploads\/2019\/08\/Siye-arquitectura-vivienda-mulitifamiliar-barrio-norte-foto-8.gif' width='600' height='900' \/><\/a><div class='ftg-social'><\/div><\/div><div  class='tile ftg-preload  '><a title=\"\" data-lightbox='ftg-2424' rel='ftg-2424'  class=' tile-inner  ftg-lightbox' href='https:\/\/siye.com.ar\/wp-content\/uploads\/2019\/08\/Siye-arquitectura-vivienda-mulitifamiliar-barrio-norte-foto-7.gif' ><img alt='' class='item skip-lazy' data-class='item' data-ftg-source='http:\/\/siye.com.ar\/wp-content\/uploads\/2019\/08\/Siye-arquitectura-vivienda-mulitifamiliar-barrio-norte-foto-7.gif' src='http:\/\/siye.com.ar\/wp-content\/uploads\/2019\/08\/Siye-arquitectura-vivienda-mulitifamiliar-barrio-norte-foto-7.gif' width='600' height='900' \/><\/a><div class='ftg-social'><\/div><\/div><div  class='tile ftg-preload  '><a title=\"\" data-lightbox='ftg-2424' rel='ftg-2424'  class=' tile-inner  ftg-lightbox' href='https:\/\/siye.com.ar\/wp-content\/uploads\/2019\/08\/Siye-arquitectura-vivienda-mulitifamiliar-barrio-norte-foto-6.gif' ><img alt='' class='item skip-lazy' data-class='item' data-ftg-source='http:\/\/siye.com.ar\/wp-content\/uploads\/2019\/08\/Siye-arquitectura-vivienda-mulitifamiliar-barrio-norte-foto-6.gif' src='http:\/\/siye.com.ar\/wp-content\/uploads\/2019\/08\/Siye-arquitectura-vivienda-mulitifamiliar-barrio-norte-foto-6.gif' width='600' height='900' \/><\/a><div class='ftg-social'><\/div><\/div><div  class='tile ftg-preload  '><a title=\"\" data-lightbox='ftg-2424' rel='ftg-2424'  class=' tile-inner  ftg-lightbox' href='https:\/\/siye.com.ar\/wp-content\/uploads\/2019\/08\/Siye-arquitectura-vivienda-mulitifamiliar-barrio-norte-foto-5.gif' ><img alt='' class='item skip-lazy' data-class='item' data-ftg-source='http:\/\/siye.com.ar\/wp-content\/uploads\/2019\/08\/Siye-arquitectura-vivienda-mulitifamiliar-barrio-norte-foto-5.gif' src='http:\/\/siye.com.ar\/wp-content\/uploads\/2019\/08\/Siye-arquitectura-vivienda-mulitifamiliar-barrio-norte-foto-5.gif' width='600' height='900' \/><\/a><div class='ftg-social'><\/div><\/div><div  class='tile ftg-preload  '><a title=\"\" data-lightbox='ftg-2424' rel='ftg-2424'  class=' tile-inner  ftg-lightbox' href='https:\/\/siye.com.ar\/wp-content\/uploads\/2019\/08\/Siye-arquitectura-vivienda-mulitifamiliar-barrio-norte-foto-4.gif' ><img alt='' class='item skip-lazy' data-class='item' data-ftg-source='http:\/\/siye.com.ar\/wp-content\/uploads\/2019\/08\/Siye-arquitectura-vivienda-mulitifamiliar-barrio-norte-foto-4.gif' src='http:\/\/siye.com.ar\/wp-content\/uploads\/2019\/08\/Siye-arquitectura-vivienda-mulitifamiliar-barrio-norte-foto-4.gif' width='600' height='900' \/><\/a><div class='ftg-social'><\/div><\/div><div  class='tile ftg-preload  '><a title=\"\" data-lightbox='ftg-2424' rel='ftg-2424'  class=' tile-inner  ftg-lightbox' href='https:\/\/siye.com.ar\/wp-content\/uploads\/2019\/08\/Siye-arquitectura-vivienda-mulitifamiliar-barrio-norte-foto-3.gif' ><img alt='' class='item skip-lazy' data-class='item' data-ftg-source='http:\/\/siye.com.ar\/wp-content\/uploads\/2019\/08\/Siye-arquitectura-vivienda-mulitifamiliar-barrio-norte-foto-3.gif' src='http:\/\/siye.com.ar\/wp-content\/uploads\/2019\/08\/Siye-arquitectura-vivienda-mulitifamiliar-barrio-norte-foto-3.gif' width='600' height='900' \/><\/a><div class='ftg-social'><\/div><\/div><div  class='tile ftg-preload  '><a title=\"\" data-lightbox='ftg-2424' rel='ftg-2424'  class=' tile-inner  ftg-lightbox' href='https:\/\/siye.com.ar\/wp-content\/uploads\/2020\/09\/edificio-Laprida-Marce.jpg' ><img alt='' class='item skip-lazy' data-class='item' data-ftg-source='https:\/\/siye.com.ar\/wp-content\/uploads\/2020\/09\/edificio-Laprida-Marce.jpg' src='https:\/\/siye.com.ar\/wp-content\/uploads\/2020\/09\/edificio-Laprida-Marce.jpg' width='600' height='900' \/><\/a><div class='ftg-social'><\/div><\/div><div  class='tile ftg-preload  '><a title=\"\" data-lightbox='ftg-2424' rel='ftg-2424'  class=' tile-inner  ftg-lightbox' href='https:\/\/siye.com.ar\/wp-content\/uploads\/2019\/08\/Siye-arquitectura-vivienda-mulitifamiliar-barrio-norte-foto-1.gif' ><img alt='' class='item skip-lazy' data-class='item' data-ftg-source='http:\/\/siye.com.ar\/wp-content\/uploads\/2019\/08\/Siye-arquitectura-vivienda-mulitifamiliar-barrio-norte-foto-1.gif' src='http:\/\/siye.com.ar\/wp-content\/uploads\/2019\/08\/Siye-arquitectura-vivienda-mulitifamiliar-barrio-norte-foto-1.gif' width='600' height='900' \/><\/a><div class='ftg-social'><\/div><\/div><\/div><\/div><script type='text\/javascript'>jQuery('#ftg-2424 img.item').removeAttr('src');jQuery(document).ready(function () {setTimeout(function () {jQuery('#ftg-2424').finalTilesGallery({minTileWidth: 250,margin: 10,loadMethod: 'sequential',nonce: '970cd7b497',galleryId: '24',setupFilters: true,layout: 'columns',debug: false,gridSize: 25,disableGridSizeBelow:800,allowEnlargement: true,columns: [[4000, 2],[1024, 2],[800, 2],[480, 2],[320, 2]],selectedFilter: 'n-a'});jQuery(function () {(function () {var rel = '';jQuery('#ftg-2424 .ftg-lightbox').click(function (e) {rel = jQuery(this).attr('rel');jQuery('#ftg-2424 .ftg-current').removeClass('ftg-current');jQuery('#ftg-2424 [rel=\"'+rel+'\"]').addClass('ftg-current');});})();});}, 0);});<\/script><\/div>\n\t\t\t\t<\/div>\n\t\t\t\t<\/div>\n\t\t\t\t\t<\/div>\n\t\t<\/div>\n\t\t\t\t\t<\/div>\n\t\t<\/section>\n\t\t\t\t<section class=\"elementor-section elementor-top-section elementor-element elementor-element-597f625 elementor-section-boxed elementor-section-height-default elementor-section-height-default\" data-id=\"597f625\" data-element_type=\"section\">\n\t\t\t\t\t\t<div class=\"elementor-container elementor-column-gap-default\">\n\t\t\t\t\t<div class=\"elementor-column elementor-col-100 elementor-top-column elementor-element elementor-element-5b911c4\" data-id=\"5b911c4\" data-element_type=\"column\">\n\t\t\t<div class=\"elementor-widget-wrap elementor-element-populated\">\n\t\t\t\t\t\t<div class=\"elementor-element elementor-element-b07da76 elementor-widget elementor-widget-shortcode\" data-id=\"b07da76\" data-element_type=\"widget\" data-widget_type=\"shortcode.default\">\n\t\t\t\t<div class=\"elementor-widget-container\">\n\t\t\t\t\t<div class=\"elementor-shortcode\"><!-- Final Tiles Grid Gallery for WordPress v3.5.8 free --><style>#ftg-88 .tile .icon { color:#ffffff; }#ftg-88 .ftg-items .loading-bar i { background:#666; }#ftg-88 .ftg-items .loading-bar { background:#fff; }#ftg-88 .tile .icon { font-size:12px; }#ftg-88 .tile .icon { margin: -6px 0 0 -6px; }#ftg-88 .tile .caption-block .text-wrapper span.text { font-size:12px; }#ftg-88 .tile .caption-outside .text-wrapper span.text { font-size:12px; }#ftg-88 .tile .caption-block .text-wrapper span.title { font-size:14px; }#ftg-88 .tile .caption-outside .text-wrapper span.title { font-size:14px; }#ftg-88 .tile { background-color: transparent; }#ftg-88 .tile .caption-block .text-wrapper span.text { color: #ffffff; }#ftg-88 .tile .caption-block .text-wrapper span.title { color: #ffffff; }#ftg-88 .tile .caption-outside .text-wrapper span.text { color: #ffffff; }#ftg-88 .tile .caption-outside .text-wrapper span.title { color: #ffffff; }#ftg-88 .tile .ftg-social a { color: #ffffff; }#ftg-88 .tile .caption-block { transition-duration:0.25s; }#ftg-88 .tile .tile-inner:before { background-color: #000000; }#ftg-88 .tile .tile-inner:before { background-color: rgba(0, 0, 0, 0.8); }#ftg-88 .tile:hover img {-moz-transform: -moz-rotate(0deg) -moz-scale(0) ;-webkit-transform: -webkit-rotate(0deg) -webkit-scale(0) ;-o-transform: -o-rotate(0deg) -o-scale(0) ;-ms-transform: -ms-rotate(0deg) -ms-scale(0) ;transform: rotate(0deg) scale(0) ;}<\/style><a name='8'><\/a><div class='final-tiles-gallery  ftg-hover-enabled caption-inside  caption-none caption-middle caption-center' id='ftg-88' style='width:100%'><div class='ftg-items'><div class='loading-bar'><i><\/i><\/div><div  class='tile ftg-preload  '><a title=\"\" data-lightbox='ftg-88' rel='ftg-88'  class=' tile-inner  ftg-lightbox' href='https:\/\/siye.com.ar\/wp-content\/uploads\/2020\/09\/siye_arquitectura_laprida.jpg' ><img alt='' class='item skip-lazy' data-class='item' data-ftg-source='https:\/\/siye.com.ar\/wp-content\/uploads\/2020\/09\/siye_arquitectura_laprida.jpg' src='https:\/\/siye.com.ar\/wp-content\/uploads\/2020\/09\/siye_arquitectura_laprida.jpg' width='1024' height='874' \/><\/a><div class='ftg-social'><\/div><\/div><div  class='tile ftg-preload  '><a title=\"\" data-lightbox='ftg-88' rel='ftg-88'  class=' tile-inner  ftg-lightbox' href='https:\/\/siye.com.ar\/wp-content\/uploads\/2019\/08\/Siye-arquitectura-vivienda-departamenteo-Barrio-Norte-laprida-foto-13.jpg' ><img alt='' class='item skip-lazy' data-class='item' data-ftg-source='http:\/\/siye.com.ar\/wp-content\/uploads\/2019\/08\/Siye-arquitectura-vivienda-departamenteo-Barrio-Norte-laprida-foto-13.jpg' src='http:\/\/siye.com.ar\/wp-content\/uploads\/2019\/08\/Siye-arquitectura-vivienda-departamenteo-Barrio-Norte-laprida-foto-13.jpg' width='800' height='600' \/><\/a><div class='ftg-social'><\/div><\/div><div  class='tile ftg-preload  '><a title=\"\" data-lightbox='ftg-88' rel='ftg-88'  class=' tile-inner  ftg-lightbox' href='https:\/\/siye.com.ar\/wp-content\/uploads\/2019\/08\/Siye-arquitectura-vivienda-departamenteo-Barrio-Norte-laprida-foto-12.jpg' ><img alt='' class='item skip-lazy' data-class='item' data-ftg-source='http:\/\/siye.com.ar\/wp-content\/uploads\/2019\/08\/Siye-arquitectura-vivienda-departamenteo-Barrio-Norte-laprida-foto-12.jpg' src='http:\/\/siye.com.ar\/wp-content\/uploads\/2019\/08\/Siye-arquitectura-vivienda-departamenteo-Barrio-Norte-laprida-foto-12.jpg' width='800' height='600' \/><\/a><div class='ftg-social'><\/div><\/div><div  class='tile ftg-preload  '><a title=\"\" data-lightbox='ftg-88' rel='ftg-88'  class=' tile-inner  ftg-lightbox' href='https:\/\/siye.com.ar\/wp-content\/uploads\/2019\/08\/Siye-arquitectura-vivienda-departamenteo-Barrio-Norte-laprida-foto-11.jpg' ><img alt='' class='item skip-lazy' data-class='item' data-ftg-source='http:\/\/siye.com.ar\/wp-content\/uploads\/2019\/08\/Siye-arquitectura-vivienda-departamenteo-Barrio-Norte-laprida-foto-11.jpg' src='http:\/\/siye.com.ar\/wp-content\/uploads\/2019\/08\/Siye-arquitectura-vivienda-departamenteo-Barrio-Norte-laprida-foto-11.jpg' width='800' height='600' \/><\/a><div class='ftg-social'><\/div><\/div><div  class='tile ftg-preload  '><a title=\"\" data-lightbox='ftg-88' rel='ftg-88'  class=' tile-inner  ftg-lightbox' href='https:\/\/siye.com.ar\/wp-content\/uploads\/2019\/08\/Siye-arquitectura-vivienda-departamenteo-Barrio-Norte-laprida-foto-1-1.jpg' ><img alt='' class='item skip-lazy' data-class='item' data-ftg-source='http:\/\/siye.com.ar\/wp-content\/uploads\/2019\/08\/Siye-arquitectura-vivienda-departamenteo-Barrio-Norte-laprida-foto-1-1.jpg' src='http:\/\/siye.com.ar\/wp-content\/uploads\/2019\/08\/Siye-arquitectura-vivienda-departamenteo-Barrio-Norte-laprida-foto-1-1.jpg' width='800' height='600' \/><\/a><div class='ftg-social'><\/div><\/div><div  class='tile ftg-preload  '><a title=\"\" data-lightbox='ftg-88' rel='ftg-88'  class=' tile-inner  ftg-lightbox' href='https:\/\/siye.com.ar\/wp-content\/uploads\/2019\/08\/Siye-arquitectura-vivienda-departamenteo-Barrio-Norte-laprida-foto-17.jpg' ><img alt='' class='item skip-lazy' data-class='item' data-ftg-source='http:\/\/siye.com.ar\/wp-content\/uploads\/2019\/08\/Siye-arquitectura-vivienda-departamenteo-Barrio-Norte-laprida-foto-17.jpg' src='http:\/\/siye.com.ar\/wp-content\/uploads\/2019\/08\/Siye-arquitectura-vivienda-departamenteo-Barrio-Norte-laprida-foto-17.jpg' width='800' height='600' \/><\/a><div class='ftg-social'><\/div><\/div><div  class='tile ftg-preload  '><a title=\"\" data-lightbox='ftg-88' rel='ftg-88'  class=' tile-inner  ftg-lightbox' href='https:\/\/siye.com.ar\/wp-content\/uploads\/2019\/08\/Siye-arquitectura-vivienda-departamenteo-Barrio-Norte-laprida-foto-2.jpg' ><img alt='' class='item skip-lazy' data-class='item' data-ftg-source='http:\/\/siye.com.ar\/wp-content\/uploads\/2019\/08\/Siye-arquitectura-vivienda-departamenteo-Barrio-Norte-laprida-foto-2.jpg' src='http:\/\/siye.com.ar\/wp-content\/uploads\/2019\/08\/Siye-arquitectura-vivienda-departamenteo-Barrio-Norte-laprida-foto-2.jpg' width='800' height='600' \/><\/a><div class='ftg-social'><\/div><\/div><div  class='tile ftg-preload  '><a title=\"\" data-lightbox='ftg-88' rel='ftg-88'  class=' tile-inner  ftg-lightbox' href='https:\/\/siye.com.ar\/wp-content\/uploads\/2019\/08\/Siye-arquitectura-vivienda-departamenteo-Barrio-Norte-laprida-foto-10.jpg' ><img alt='' class='item skip-lazy' data-class='item' data-ftg-source='http:\/\/siye.com.ar\/wp-content\/uploads\/2019\/08\/Siye-arquitectura-vivienda-departamenteo-Barrio-Norte-laprida-foto-10.jpg' src='http:\/\/siye.com.ar\/wp-content\/uploads\/2019\/08\/Siye-arquitectura-vivienda-departamenteo-Barrio-Norte-laprida-foto-10.jpg' width='800' height='600' \/><\/a><div class='ftg-social'><\/div><\/div><div  class='tile ftg-preload  '><a title=\"\" data-lightbox='ftg-88' rel='ftg-88'  class=' tile-inner  ftg-lightbox' href='https:\/\/siye.com.ar\/wp-content\/uploads\/2019\/08\/Siye-arquitectura-vivienda-departamenteo-Barrio-Norte-laprida-foto-4.jpg' ><img alt='' class='item skip-lazy' data-class='item' data-ftg-source='http:\/\/siye.com.ar\/wp-content\/uploads\/2019\/08\/Siye-arquitectura-vivienda-departamenteo-Barrio-Norte-laprida-foto-4.jpg' src='http:\/\/siye.com.ar\/wp-content\/uploads\/2019\/08\/Siye-arquitectura-vivienda-departamenteo-Barrio-Norte-laprida-foto-4.jpg' width='800' height='600' \/><\/a><div class='ftg-social'><\/div><\/div><\/div><\/div><script type='text\/javascript'>jQuery('#ftg-88 img.item').removeAttr('src');jQuery(document).ready(function () {setTimeout(function () {jQuery('#ftg-88').finalTilesGallery({minTileWidth: 250,margin: 10,loadMethod: 'sequential',nonce: '970cd7b497',galleryId: '8',setupFilters: true,layout: 'columns',debug: false,gridSize: 25,disableGridSizeBelow:800,allowEnlargement: true,columns: [[4000, 2],[1024, 2],[800, 2],[480, 2],[320, 2]],selectedFilter: 'n-a'});jQuery(function () {(function () {var rel = '';jQuery('#ftg-88 .ftg-lightbox').click(function (e) {rel = jQuery(this).attr('rel');jQuery('#ftg-88 .ftg-current').removeClass('ftg-current');jQuery('#ftg-88 [rel=\"'+rel+'\"]').addClass('ftg-current');});})();});}, 0);});<\/script><\/div>\n\t\t\t\t<\/div>\n\t\t\t\t<\/div>\n\t\t\t\t\t<\/div>\n\t\t<\/div>\n\t\t\t\t\t<\/div>\n\t\t<\/section>\n\t\t\t\t<section class=\"elementor-section elementor-top-section elementor-element elementor-element-f81a211 elementor-section-boxed elementor-section-height-default elementor-section-height-default\" data-id=\"f81a211\" data-element_type=\"section\">\n\t\t\t\t\t\t<div class=\"elementor-container elementor-column-gap-default\">\n\t\t\t\t\t<div class=\"elementor-column elementor-col-50 elementor-top-column elementor-element elementor-element-e035902\" data-id=\"e035902\" data-element_type=\"column\">\n\t\t\t<div class=\"elementor-widget-wrap elementor-element-populated\">\n\t\t\t\t\t\t<div class=\"elementor-element elementor-element-1db9000 elementor-view-default elementor-widget elementor-widget-icon\" data-id=\"1db9000\" data-element_type=\"widget\" data-widget_type=\"icon.default\">\n\t\t\t\t<div class=\"elementor-widget-container\">\n\t\t\t\t\t<div class=\"elementor-icon-wrapper\">\n\t\t\t<a class=\"elementor-icon\" href=\"https:\/\/siye.com.ar\/index.php\/unifamiliar\/\">\n\t\t\t<i aria-hidden=\"true\" class=\"fas fa-chevron-left\"><\/i>\t\t\t<\/a>\n\t\t<\/div>\n\t\t\t\t<\/div>\n\t\t\t\t<\/div>\n\t\t\t\t\t<\/div>\n\t\t<\/div>\n\t\t\t\t<div class=\"elementor-column elementor-col-50 elementor-top-column elementor-element elementor-element-e982ce2\" data-id=\"e982ce2\" data-element_type=\"column\">\n\t\t\t<div class=\"elementor-widget-wrap elementor-element-populated\">\n\t\t\t\t\t\t<div class=\"elementor-element elementor-element-6e94b13 elementor-widget elementor-widget-heading\" data-id=\"6e94b13\" data-element_type=\"widget\" data-widget_type=\"heading.default\">\n\t\t\t\t<div class=\"elementor-widget-container\">\n\t\t\t<h5 class=\"elementor-heading-title elementor-size-default\"><a href=\"https:\/\/siye.com.ar\/index.php\/unifamiliar\/\">volver<\/a><\/h5>\t\t<\/div>\n\t\t\t\t<\/div>\n\t\t\t\t\t<\/div>\n\t\t<\/div>\n\t\t\t\t\t<\/div>\n\t\t<\/section>\n\t\t\t\t<section class=\"elementor-section elementor-top-section elementor-element elementor-element-3554fb9 elementor-section-boxed elementor-section-height-default elementor-section-height-default\" data-id=\"3554fb9\" data-element_type=\"section\">\n\t\t\t\t\t\t<div class=\"elementor-container elementor-column-gap-default\">\n\t\t\t\t\t<div class=\"elementor-column elementor-col-100 elementor-top-column elementor-element elementor-element-91e56c2\" data-id=\"91e56c2\" data-element_type=\"column\">\n\t\t\t<div class=\"elementor-widget-wrap elementor-element-populated\">\n\t\t\t\t\t\t<div class=\"elementor-element elementor-element-b0a1282 elementor-widget elementor-widget-spacer\" data-id=\"b0a1282\" data-element_type=\"widget\" data-widget_type=\"spacer.default\">\n\t\t\t\t<div class=\"elementor-widget-container\">\n\t\t\t\t\t<div class=\"elementor-spacer\">\n\t\t\t<div class=\"elementor-spacer-inner\"><\/div>\n\t\t<\/div>\n\t\t\t\t<\/div>\n\t\t\t\t<\/div>\n\t\t\t\t\t<\/div>\n\t\t<\/div>\n\t\t\t\t\t<\/div>\n\t\t<\/section>\n\t\t\t\t<\/div>\n\t\t","protected":false},"excerpt":{"rendered":"<p>&#8211; EDIFICIO L1120 &#8211; Proyecto, construcci\u00f3n y direcci\u00f3n de obra: Slepoy estudio + SIYE S.A. Ubicaci\u00f3n: C.A.B.A. A\u00f1o de finalizaci\u00f3n: [&hellip;]<\/p>\n","protected":false},"author":1,"featured_media":0,"parent":0,"menu_order":0,"comment_status":"closed","ping_status":"closed","template":"page-templates\/template_page-builder.php","meta":{"_joinchat":[]},"_links":{"self":[{"href":"https:\/\/siye.com.ar\/index.php\/wp-json\/wp\/v2\/pages\/930"}],"collection":[{"href":"https:\/\/siye.com.ar\/index.php\/wp-json\/wp\/v2\/pages"}],"about":[{"href":"https:\/\/siye.com.ar\/index.php\/wp-json\/wp\/v2\/types\/page"}],"author":[{"embeddable":true,"href":"https:\/\/siye.com.ar\/index.php\/wp-json\/wp\/v2\/users\/1"}],"replies":[{"embeddable":true,"href":"https:\/\/siye.com.ar\/index.php\/wp-json\/wp\/v2\/comments?post=930"}],"version-history":[{"count":0,"href":"https:\/\/siye.com.ar\/index.php\/wp-json\/wp\/v2\/pages\/930\/revisions"}],"wp:attachment":[{"href":"https:\/\/siye.com.ar\/index.php\/wp-json\/wp\/v2\/media?parent=930"}],"curies":[{"name":"wp","href":"https:\/\/api.w.org\/{rel}","templated":true}]}}