{"id":936,"date":"2019-08-13T15:36:55","date_gmt":"2019-08-13T18:36:55","guid":{"rendered":"http:\/\/siye.com.ar\/?page_id=936"},"modified":"2023-07-04T16:45:16","modified_gmt":"2023-07-04T19:45:16","slug":"casas-king","status":"publish","type":"page","link":"https:\/\/siye.com.ar\/index.php\/casas-king\/","title":{"rendered":"Casas King"},"content":{"rendered":"\t\t<div data-elementor-type=\"wp-post\" data-elementor-id=\"936\" class=\"elementor elementor-936\">\n\t\t\t\t\t\t<section class=\"elementor-section elementor-top-section elementor-element elementor-element-4876443 elementor-section-boxed elementor-section-height-default elementor-section-height-default\" data-id=\"4876443\" data-element_type=\"section\">\n\t\t\t\t\t\t<div class=\"elementor-container elementor-column-gap-default\">\n\t\t\t\t\t<div class=\"elementor-column elementor-col-100 elementor-top-column elementor-element elementor-element-6e5e234\" data-id=\"6e5e234\" data-element_type=\"column\">\n\t\t\t<div class=\"elementor-widget-wrap elementor-element-populated\">\n\t\t\t\t\t\t<div class=\"elementor-element elementor-element-a45e970 elementor-widget elementor-widget-heading\" data-id=\"a45e970\" data-element_type=\"widget\" data-widget_type=\"heading.default\">\n\t\t\t\t<div class=\"elementor-widget-container\">\n\t\t\t<h2 class=\"elementor-heading-title elementor-size-default\">- CASAS KING -<\/h2>\t\t<\/div>\n\t\t\t\t<\/div>\n\t\t\t\t\t<\/div>\n\t\t<\/div>\n\t\t\t\t\t<\/div>\n\t\t<\/section>\n\t\t\t\t<section class=\"elementor-section elementor-top-section elementor-element elementor-element-c61e287 elementor-section-boxed elementor-section-height-default elementor-section-height-default\" data-id=\"c61e287\" data-element_type=\"section\">\n\t\t\t\t\t\t<div class=\"elementor-container elementor-column-gap-default\">\n\t\t\t\t\t<div class=\"elementor-column elementor-col-100 elementor-top-column elementor-element elementor-element-582a878\" data-id=\"582a878\" data-element_type=\"column\">\n\t\t\t<div class=\"elementor-widget-wrap elementor-element-populated\">\n\t\t\t\t\t\t<div class=\"elementor-element elementor-element-ccb02ca elementor-widget-divider--view-line elementor-widget elementor-widget-divider\" data-id=\"ccb02ca\" data-element_type=\"widget\" data-widget_type=\"divider.default\">\n\t\t\t\t<div class=\"elementor-widget-container\">\n\t\t\t\t\t<div class=\"elementor-divider\">\n\t\t\t<span class=\"elementor-divider-separator\">\n\t\t\t\t\t\t<\/span>\n\t\t<\/div>\n\t\t\t\t<\/div>\n\t\t\t\t<\/div>\n\t\t\t\t<div class=\"elementor-element elementor-element-cb28ccb elementor-widget elementor-widget-text-editor\" data-id=\"cb28ccb\" data-element_type=\"widget\" data-widget_type=\"text-editor.default\">\n\t\t\t\t<div class=\"elementor-widget-container\">\n\t\t\t\t\t\t\t<ul><li>Proyecto, construcci\u00f3n y direcci\u00f3n de obra: <strong>Slepoy estudio + SIYE S.A.<\/strong><\/li><li>Ubicaci\u00f3n: <strong>C.A.B.A.<\/strong><\/li><li>A\u00f1o de finalizaci\u00f3n: <strong>2013.<\/strong><\/li><li>Categor\u00eda: <strong>obra nueva.<\/strong><\/li><\/ul>\t\t\t\t\t\t<\/div>\n\t\t\t\t<\/div>\n\t\t\t\t\t<\/div>\n\t\t<\/div>\n\t\t\t\t\t<\/div>\n\t\t<\/section>\n\t\t\t\t<section class=\"elementor-section elementor-top-section elementor-element elementor-element-c0bb2a1 elementor-section-boxed elementor-section-height-default elementor-section-height-default\" data-id=\"c0bb2a1\" data-element_type=\"section\">\n\t\t\t\t\t\t<div class=\"elementor-container elementor-column-gap-default\">\n\t\t\t\t\t<div class=\"elementor-column elementor-col-100 elementor-top-column elementor-element elementor-element-b8418ff\" data-id=\"b8418ff\" data-element_type=\"column\">\n\t\t\t<div class=\"elementor-widget-wrap elementor-element-populated\">\n\t\t\t\t\t\t<div class=\"elementor-element elementor-element-2ddb60a elementor-widget elementor-widget-shortcode\" data-id=\"2ddb60a\" data-element_type=\"widget\" data-widget_type=\"shortcode.default\">\n\t\t\t\t<div class=\"elementor-widget-container\">\n\t\t\t\t\t<div class=\"elementor-shortcode\"><!-- Final Tiles Grid Gallery for WordPress v3.5.8 free --><style>#ftg-99 .tile .icon { color:#ffffff; }#ftg-99 .ftg-items .loading-bar i { background:#666; }#ftg-99 .ftg-items .loading-bar { background:#fff; }#ftg-99 .tile .icon { font-size:12px; }#ftg-99 .tile .icon { margin: -6px 0 0 -6px; }#ftg-99 .tile .caption-block .text-wrapper span.text { font-size:12px; }#ftg-99 .tile .caption-outside .text-wrapper span.text { font-size:12px; }#ftg-99 .tile .caption-block .text-wrapper span.title { font-size:14px; }#ftg-99 .tile .caption-outside .text-wrapper span.title { font-size:14px; }#ftg-99 .tile { background-color: transparent; }#ftg-99 .tile .caption-block .text-wrapper span.text { color: #ffffff; }#ftg-99 .tile .caption-block .text-wrapper span.title { color: #ffffff; }#ftg-99 .tile .caption-outside .text-wrapper span.text { color: #ffffff; }#ftg-99 .tile .caption-outside .text-wrapper span.title { color: #ffffff; }#ftg-99 .tile .ftg-social a { color: #ffffff; }#ftg-99 .tile .caption-block { transition-duration:0.25s; }#ftg-99 .tile .tile-inner:before { background-color: #000000; }#ftg-99 .tile .tile-inner:before { background-color: rgba(0, 0, 0, 0.8); }#ftg-99 .tile:hover img {-moz-transform: -moz-rotate(0deg) -moz-scale(0) ;-webkit-transform: -webkit-rotate(0deg) -webkit-scale(0) ;-o-transform: -o-rotate(0deg) -o-scale(0) ;-ms-transform: -ms-rotate(0deg) -ms-scale(0) ;transform: rotate(0deg) scale(0) ;}<\/style><a name='9'><\/a><div class='final-tiles-gallery  ftg-hover-enabled caption-inside  caption-none caption-middle caption-center' id='ftg-99' style='width:100%'><div class='ftg-items'><div class='loading-bar'><i><\/i><\/div><div  class='tile ftg-preload  '><a title=\"\" data-lightbox='ftg-99' rel='ftg-99'  class=' tile-inner  ftg-lightbox' href='https:\/\/siye.com.ar\/wp-content\/uploads\/2019\/08\/Siye-arquitectura-vivienda-ph-urbano-almagro-laprida-foto-1.jpg' ><img alt='' class='item skip-lazy' data-class='item' data-ftg-source='http:\/\/siye.com.ar\/wp-content\/uploads\/2019\/08\/Siye-arquitectura-vivienda-ph-urbano-almagro-laprida-foto-1.jpg' src='http:\/\/siye.com.ar\/wp-content\/uploads\/2019\/08\/Siye-arquitectura-vivienda-ph-urbano-almagro-laprida-foto-1.jpg' width='800' height='600' \/><\/a><div class='ftg-social'><\/div><\/div><div  class='tile ftg-preload  '><a title=\"\" data-lightbox='ftg-99' rel='ftg-99'  class=' tile-inner  ftg-lightbox' href='https:\/\/siye.com.ar\/wp-content\/uploads\/2019\/08\/Siye-arquitectura-vivienda-ph-urbano-almagro-laprida-foto-3.jpg' ><img alt='' class='item skip-lazy' data-class='item' data-ftg-source='http:\/\/siye.com.ar\/wp-content\/uploads\/2019\/08\/Siye-arquitectura-vivienda-ph-urbano-almagro-laprida-foto-3.jpg' src='http:\/\/siye.com.ar\/wp-content\/uploads\/2019\/08\/Siye-arquitectura-vivienda-ph-urbano-almagro-laprida-foto-3.jpg' width='800' height='600' \/><\/a><div class='ftg-social'><\/div><\/div><div  class='tile ftg-preload  '><a title=\"\" data-lightbox='ftg-99' rel='ftg-99'  class=' tile-inner  ftg-lightbox' href='https:\/\/siye.com.ar\/wp-content\/uploads\/2019\/08\/Siye-arquitectura-vivienda-ph-urbano-almagro-laprida-foto-4.jpg' ><img alt='' class='item skip-lazy' data-class='item' data-ftg-source='http:\/\/siye.com.ar\/wp-content\/uploads\/2019\/08\/Siye-arquitectura-vivienda-ph-urbano-almagro-laprida-foto-4.jpg' src='http:\/\/siye.com.ar\/wp-content\/uploads\/2019\/08\/Siye-arquitectura-vivienda-ph-urbano-almagro-laprida-foto-4.jpg' width='800' height='600' \/><\/a><div class='ftg-social'><\/div><\/div><div  class='tile ftg-preload  '><a title=\"\" data-lightbox='ftg-99' rel='ftg-99'  class=' tile-inner  ftg-lightbox' href='https:\/\/siye.com.ar\/wp-content\/uploads\/2019\/08\/Siye-arquitectura-vivienda-ph-urbano-almagro-laprida-foto-5.jpg' ><img alt='' class='item skip-lazy' data-class='item' data-ftg-source='http:\/\/siye.com.ar\/wp-content\/uploads\/2019\/08\/Siye-arquitectura-vivienda-ph-urbano-almagro-laprida-foto-5.jpg' src='http:\/\/siye.com.ar\/wp-content\/uploads\/2019\/08\/Siye-arquitectura-vivienda-ph-urbano-almagro-laprida-foto-5.jpg' width='800' height='600' \/><\/a><div class='ftg-social'><\/div><\/div><\/div><\/div><script type='text\/javascript'>jQuery('#ftg-99 img.item').removeAttr('src');jQuery(document).ready(function () {setTimeout(function () {jQuery('#ftg-99').finalTilesGallery({minTileWidth: 250,margin: 10,loadMethod: 'sequential',nonce: '970cd7b497',galleryId: '9',setupFilters: true,layout: 'columns',debug: false,gridSize: 25,disableGridSizeBelow:800,allowEnlargement: true,columns: [[4000, 2],[1024, 2],[800, 2],[480, 2],[320, 2]],selectedFilter: 'n-a'});jQuery(function () {(function () {var rel = '';jQuery('#ftg-99 .ftg-lightbox').click(function (e) {rel = jQuery(this).attr('rel');jQuery('#ftg-99 .ftg-current').removeClass('ftg-current');jQuery('#ftg-99 [rel=\"'+rel+'\"]').addClass('ftg-current');});})();});}, 0);});<\/script><\/div>\n\t\t\t\t<\/div>\n\t\t\t\t<\/div>\n\t\t\t\t\t<\/div>\n\t\t<\/div>\n\t\t\t\t\t<\/div>\n\t\t<\/section>\n\t\t\t\t<section class=\"elementor-section elementor-top-section elementor-element elementor-element-08ca1b7 elementor-section-boxed elementor-section-height-default elementor-section-height-default\" data-id=\"08ca1b7\" data-element_type=\"section\">\n\t\t\t\t\t\t<div class=\"elementor-container elementor-column-gap-default\">\n\t\t\t\t\t<div class=\"elementor-column elementor-col-100 elementor-top-column elementor-element elementor-element-7c783eb\" data-id=\"7c783eb\" data-element_type=\"column\">\n\t\t\t<div class=\"elementor-widget-wrap elementor-element-populated\">\n\t\t\t\t\t\t<div class=\"elementor-element elementor-element-1ad364d elementor-widget elementor-widget-shortcode\" data-id=\"1ad364d\" data-element_type=\"widget\" data-widget_type=\"shortcode.default\">\n\t\t\t\t<div class=\"elementor-widget-container\">\n\t\t\t\t\t<div class=\"elementor-shortcode\"><!-- Final Tiles Grid Gallery for WordPress v3.5.8 free --><style>#ftg-2626 .tile .icon { color:#ffffff; }#ftg-2626 .ftg-items .loading-bar i { background:#666; }#ftg-2626 .ftg-items .loading-bar { background:#fff; }#ftg-2626 .tile .icon { font-size:12px; }#ftg-2626 .tile .icon { margin: -6px 0 0 -6px; }#ftg-2626 .tile .caption-block .text-wrapper span.text { font-size:12px; }#ftg-2626 .tile .caption-outside .text-wrapper span.text { font-size:12px; }#ftg-2626 .tile .caption-block .text-wrapper span.title { font-size:14px; }#ftg-2626 .tile .caption-outside .text-wrapper span.title { font-size:14px; }#ftg-2626 .tile { background-color: transparent; }#ftg-2626 .tile .caption-block .text-wrapper span.text { color: #ffffff; }#ftg-2626 .tile .caption-block .text-wrapper span.title { color: #ffffff; }#ftg-2626 .tile .caption-outside .text-wrapper span.text { color: #ffffff; }#ftg-2626 .tile .caption-outside .text-wrapper span.title { color: #ffffff; }#ftg-2626 .tile .ftg-social a { color: #ffffff; }#ftg-2626 .tile .caption-block { transition-duration:0.25s; }#ftg-2626 .tile .tile-inner:before { background-color: #000000; }#ftg-2626 .tile .tile-inner:before { background-color: rgba(0, 0, 0, 0.8); }#ftg-2626 .tile:hover img {-moz-transform: -moz-rotate(0deg) -moz-scale(0) ;-webkit-transform: -webkit-rotate(0deg) -webkit-scale(0) ;-o-transform: -o-rotate(0deg) -o-scale(0) ;-ms-transform: -ms-rotate(0deg) -ms-scale(0) ;transform: rotate(0deg) scale(0) ;}<\/style><a name='26'><\/a><div class='final-tiles-gallery  ftg-hover-enabled caption-inside  caption-none caption-middle caption-center' id='ftg-2626' style='width:100%'><div class='ftg-items'><div class='loading-bar'><i><\/i><\/div><div  class='tile ftg-preload  '><a title=\"\" data-lightbox='ftg-2626' rel='ftg-2626'  class=' tile-inner  ftg-lightbox' href='https:\/\/siye.com.ar\/wp-content\/uploads\/2019\/08\/Siye-arquitectura-vivienda-mulitifamiliar-barrio-norte-foto-2-1.gif' ><img alt='' class='item skip-lazy' data-class='item' data-ftg-source='http:\/\/siye.com.ar\/wp-content\/uploads\/2019\/08\/Siye-arquitectura-vivienda-mulitifamiliar-barrio-norte-foto-2-1.gif' src='http:\/\/siye.com.ar\/wp-content\/uploads\/2019\/08\/Siye-arquitectura-vivienda-mulitifamiliar-barrio-norte-foto-2-1.gif' width='600' height='900' \/><\/a><div class='ftg-social'><\/div><\/div><div  class='tile ftg-preload  '><a title=\"\" data-lightbox='ftg-2626' rel='ftg-2626'  class=' tile-inner  ftg-lightbox' href='https:\/\/siye.com.ar\/wp-content\/uploads\/2019\/08\/Siye-arquitectura-vivienda-mulitifamiliar-barrio-norte-foto-3-1.gif' ><img alt='' class='item skip-lazy' data-class='item' data-ftg-source='http:\/\/siye.com.ar\/wp-content\/uploads\/2019\/08\/Siye-arquitectura-vivienda-mulitifamiliar-barrio-norte-foto-3-1.gif' src='http:\/\/siye.com.ar\/wp-content\/uploads\/2019\/08\/Siye-arquitectura-vivienda-mulitifamiliar-barrio-norte-foto-3-1.gif' width='600' height='900' \/><\/a><div class='ftg-social'><\/div><\/div><div  class='tile ftg-preload  '><a title=\"\" data-lightbox='ftg-2626' rel='ftg-2626'  class=' tile-inner  ftg-lightbox' href='https:\/\/siye.com.ar\/wp-content\/uploads\/2019\/08\/Siye-arquitectura-vivienda-mulitifamiliar-barrio-norte-foto-4-1.gif' ><img alt='' class='item skip-lazy' data-class='item' data-ftg-source='http:\/\/siye.com.ar\/wp-content\/uploads\/2019\/08\/Siye-arquitectura-vivienda-mulitifamiliar-barrio-norte-foto-4-1.gif' src='http:\/\/siye.com.ar\/wp-content\/uploads\/2019\/08\/Siye-arquitectura-vivienda-mulitifamiliar-barrio-norte-foto-4-1.gif' width='600' height='900' \/><\/a><div class='ftg-social'><\/div><\/div><div  class='tile ftg-preload  '><a title=\"\" data-lightbox='ftg-2626' rel='ftg-2626'  class=' tile-inner  ftg-lightbox' href='https:\/\/siye.com.ar\/wp-content\/uploads\/2019\/08\/Siye-arquitectura-vivienda-mulitifamiliar-barrio-norte-foto-5-1.gif' ><img alt='' class='item skip-lazy' data-class='item' data-ftg-source='http:\/\/siye.com.ar\/wp-content\/uploads\/2019\/08\/Siye-arquitectura-vivienda-mulitifamiliar-barrio-norte-foto-5-1.gif' src='http:\/\/siye.com.ar\/wp-content\/uploads\/2019\/08\/Siye-arquitectura-vivienda-mulitifamiliar-barrio-norte-foto-5-1.gif' width='600' height='900' \/><\/a><div class='ftg-social'><\/div><\/div><div  class='tile ftg-preload  '><a title=\"\" data-lightbox='ftg-2626' rel='ftg-2626'  class=' tile-inner  ftg-lightbox' href='https:\/\/siye.com.ar\/wp-content\/uploads\/2019\/08\/Siye-arquitectura-vivienda-mulitifamiliar-barrio-norte-foto-6-1.gif' ><img alt='' class='item skip-lazy' data-class='item' data-ftg-source='http:\/\/siye.com.ar\/wp-content\/uploads\/2019\/08\/Siye-arquitectura-vivienda-mulitifamiliar-barrio-norte-foto-6-1.gif' src='http:\/\/siye.com.ar\/wp-content\/uploads\/2019\/08\/Siye-arquitectura-vivienda-mulitifamiliar-barrio-norte-foto-6-1.gif' width='600' height='900' \/><\/a><div class='ftg-social'><\/div><\/div><div  class='tile ftg-preload  '><a title=\"\" data-lightbox='ftg-2626' rel='ftg-2626'  class=' tile-inner  ftg-lightbox' href='https:\/\/siye.com.ar\/wp-content\/uploads\/2019\/08\/Siye-arquitectura-vivienda-mulitifamiliar-ph-almagro-foto-1.gif' ><img alt='' class='item skip-lazy' data-class='item' data-ftg-source='http:\/\/siye.com.ar\/wp-content\/uploads\/2019\/08\/Siye-arquitectura-vivienda-mulitifamiliar-ph-almagro-foto-1.gif' src='http:\/\/siye.com.ar\/wp-content\/uploads\/2019\/08\/Siye-arquitectura-vivienda-mulitifamiliar-ph-almagro-foto-1.gif' width='600' height='900' \/><\/a><div class='ftg-social'><\/div><\/div><\/div><\/div><script type='text\/javascript'>jQuery('#ftg-2626 img.item').removeAttr('src');jQuery(document).ready(function () {setTimeout(function () {jQuery('#ftg-2626').finalTilesGallery({minTileWidth: 250,margin: 10,loadMethod: 'sequential',nonce: '970cd7b497',galleryId: '26',setupFilters: true,layout: 'columns',debug: false,gridSize: 25,disableGridSizeBelow:800,allowEnlargement: true,columns: [[4000, 2],[1024, 2],[800, 2],[480, 2],[320, 2]],selectedFilter: 'n-a'});jQuery(function () {(function () {var rel = '';jQuery('#ftg-2626 .ftg-lightbox').click(function (e) {rel = jQuery(this).attr('rel');jQuery('#ftg-2626 .ftg-current').removeClass('ftg-current');jQuery('#ftg-2626 [rel=\"'+rel+'\"]').addClass('ftg-current');});})();});}, 0);});<\/script><\/div>\n\t\t\t\t<\/div>\n\t\t\t\t<\/div>\n\t\t\t\t\t<\/div>\n\t\t<\/div>\n\t\t\t\t\t<\/div>\n\t\t<\/section>\n\t\t\t\t<section class=\"elementor-section elementor-top-section elementor-element elementor-element-72aca46 elementor-section-boxed elementor-section-height-default elementor-section-height-default\" data-id=\"72aca46\" data-element_type=\"section\">\n\t\t\t\t\t\t<div class=\"elementor-container elementor-column-gap-default\">\n\t\t\t\t\t<div class=\"elementor-column elementor-col-50 elementor-top-column elementor-element elementor-element-e1354ae\" data-id=\"e1354ae\" data-element_type=\"column\">\n\t\t\t<div class=\"elementor-widget-wrap elementor-element-populated\">\n\t\t\t\t\t\t<div class=\"elementor-element elementor-element-a5a91e6 elementor-view-default elementor-widget elementor-widget-icon\" data-id=\"a5a91e6\" data-element_type=\"widget\" data-widget_type=\"icon.default\">\n\t\t\t\t<div class=\"elementor-widget-container\">\n\t\t\t\t\t<div class=\"elementor-icon-wrapper\">\n\t\t\t<a class=\"elementor-icon\" href=\"https:\/\/siye.com.ar\/index.php\/unifamiliar\/\">\n\t\t\t<i aria-hidden=\"true\" class=\"fas fa-chevron-left\"><\/i>\t\t\t<\/a>\n\t\t<\/div>\n\t\t\t\t<\/div>\n\t\t\t\t<\/div>\n\t\t\t\t\t<\/div>\n\t\t<\/div>\n\t\t\t\t<div class=\"elementor-column elementor-col-50 elementor-top-column elementor-element elementor-element-c01ad90\" data-id=\"c01ad90\" data-element_type=\"column\">\n\t\t\t<div class=\"elementor-widget-wrap elementor-element-populated\">\n\t\t\t\t\t\t<div class=\"elementor-element elementor-element-de62db7 elementor-widget elementor-widget-heading\" data-id=\"de62db7\" data-element_type=\"widget\" data-widget_type=\"heading.default\">\n\t\t\t\t<div class=\"elementor-widget-container\">\n\t\t\t<h5 class=\"elementor-heading-title elementor-size-default\"><a href=\"https:\/\/siye.com.ar\/index.php\/unifamiliar\/\">volver<\/a><\/h5>\t\t<\/div>\n\t\t\t\t<\/div>\n\t\t\t\t\t<\/div>\n\t\t<\/div>\n\t\t\t\t\t<\/div>\n\t\t<\/section>\n\t\t\t\t<section class=\"elementor-section elementor-top-section elementor-element elementor-element-f606d82 elementor-section-boxed elementor-section-height-default elementor-section-height-default\" data-id=\"f606d82\" data-element_type=\"section\">\n\t\t\t\t\t\t<div class=\"elementor-container elementor-column-gap-default\">\n\t\t\t\t\t<div class=\"elementor-column elementor-col-100 elementor-top-column elementor-element elementor-element-395dca4\" data-id=\"395dca4\" data-element_type=\"column\">\n\t\t\t<div class=\"elementor-widget-wrap elementor-element-populated\">\n\t\t\t\t\t\t<div class=\"elementor-element elementor-element-eb88ec4 elementor-widget elementor-widget-spacer\" data-id=\"eb88ec4\" data-element_type=\"widget\" data-widget_type=\"spacer.default\">\n\t\t\t\t<div class=\"elementor-widget-container\">\n\t\t\t\t\t<div class=\"elementor-spacer\">\n\t\t\t<div class=\"elementor-spacer-inner\"><\/div>\n\t\t<\/div>\n\t\t\t\t<\/div>\n\t\t\t\t<\/div>\n\t\t\t\t\t<\/div>\n\t\t<\/div>\n\t\t\t\t\t<\/div>\n\t\t<\/section>\n\t\t\t\t<\/div>\n\t\t","protected":false},"excerpt":{"rendered":"<p>&#8211; CASAS KING &#8211; Proyecto, construcci\u00f3n y direcci\u00f3n de obra: Slepoy estudio + SIYE S.A. Ubicaci\u00f3n: C.A.B.A. A\u00f1o de finalizaci\u00f3n: [&hellip;]<\/p>\n","protected":false},"author":1,"featured_media":0,"parent":0,"menu_order":0,"comment_status":"closed","ping_status":"closed","template":"page-templates\/template_page-builder.php","meta":{"_joinchat":[]},"_links":{"self":[{"href":"https:\/\/siye.com.ar\/index.php\/wp-json\/wp\/v2\/pages\/936"}],"collection":[{"href":"https:\/\/siye.com.ar\/index.php\/wp-json\/wp\/v2\/pages"}],"about":[{"href":"https:\/\/siye.com.ar\/index.php\/wp-json\/wp\/v2\/types\/page"}],"author":[{"embeddable":true,"href":"https:\/\/siye.com.ar\/index.php\/wp-json\/wp\/v2\/users\/1"}],"replies":[{"embeddable":true,"href":"https:\/\/siye.com.ar\/index.php\/wp-json\/wp\/v2\/comments?post=936"}],"version-history":[{"count":0,"href":"https:\/\/siye.com.ar\/index.php\/wp-json\/wp\/v2\/pages\/936\/revisions"}],"wp:attachment":[{"href":"https:\/\/siye.com.ar\/index.php\/wp-json\/wp\/v2\/media?parent=936"}],"curies":[{"name":"wp","href":"https:\/\/api.w.org\/{rel}","templated":true}]}}