{"id":952,"date":"2019-08-13T15:53:56","date_gmt":"2019-08-13T18:53:56","guid":{"rendered":"http:\/\/siye.com.ar\/?page_id=952"},"modified":"2023-07-04T16:44:14","modified_gmt":"2023-07-04T19:44:14","slug":"casa-caballito","status":"publish","type":"page","link":"https:\/\/siye.com.ar\/index.php\/casa-caballito\/","title":{"rendered":"Casa CBL"},"content":{"rendered":"\t\t<div data-elementor-type=\"wp-post\" data-elementor-id=\"952\" class=\"elementor elementor-952\">\n\t\t\t\t\t\t<section class=\"elementor-section elementor-top-section elementor-element elementor-element-6ca5e8e elementor-section-boxed elementor-section-height-default elementor-section-height-default\" data-id=\"6ca5e8e\" data-element_type=\"section\">\n\t\t\t\t\t\t<div class=\"elementor-container elementor-column-gap-default\">\n\t\t\t\t\t<div class=\"elementor-column elementor-col-100 elementor-top-column elementor-element elementor-element-51d666a\" data-id=\"51d666a\" data-element_type=\"column\">\n\t\t\t<div class=\"elementor-widget-wrap elementor-element-populated\">\n\t\t\t\t\t\t<div class=\"elementor-element elementor-element-3e8bf40 elementor-widget elementor-widget-heading\" data-id=\"3e8bf40\" data-element_type=\"widget\" data-widget_type=\"heading.default\">\n\t\t\t\t<div class=\"elementor-widget-container\">\n\t\t\t<h2 class=\"elementor-heading-title elementor-size-default\">- CASA CBL -<\/h2>\t\t<\/div>\n\t\t\t\t<\/div>\n\t\t\t\t\t<\/div>\n\t\t<\/div>\n\t\t\t\t\t<\/div>\n\t\t<\/section>\n\t\t\t\t<section class=\"elementor-section elementor-top-section elementor-element elementor-element-f926879 elementor-section-boxed elementor-section-height-default elementor-section-height-default\" data-id=\"f926879\" data-element_type=\"section\">\n\t\t\t\t\t\t<div class=\"elementor-container elementor-column-gap-default\">\n\t\t\t\t\t<div class=\"elementor-column elementor-col-100 elementor-top-column elementor-element elementor-element-deffe45\" data-id=\"deffe45\" data-element_type=\"column\">\n\t\t\t<div class=\"elementor-widget-wrap elementor-element-populated\">\n\t\t\t\t\t\t<div class=\"elementor-element elementor-element-ccebf9d elementor-widget-divider--view-line elementor-widget elementor-widget-divider\" data-id=\"ccebf9d\" data-element_type=\"widget\" data-widget_type=\"divider.default\">\n\t\t\t\t<div class=\"elementor-widget-container\">\n\t\t\t\t\t<div class=\"elementor-divider\">\n\t\t\t<span class=\"elementor-divider-separator\">\n\t\t\t\t\t\t<\/span>\n\t\t<\/div>\n\t\t\t\t<\/div>\n\t\t\t\t<\/div>\n\t\t\t\t<div class=\"elementor-element elementor-element-fc86dfd elementor-widget elementor-widget-text-editor\" data-id=\"fc86dfd\" data-element_type=\"widget\" data-widget_type=\"text-editor.default\">\n\t\t\t\t<div class=\"elementor-widget-container\">\n\t\t\t\t\t\t\t<ul><li>Proyecto, construcci\u00f3n y direcci\u00f3n de obra: <strong>Slepoy estudio + SIYE S.A.<\/strong><\/li><li>Ubicaci\u00f3n: <strong>C.A.B.A.<\/strong><\/li><li>A\u00f1o de finalizaci\u00f3n: <strong>2002.<\/strong><\/li><li>Categor\u00eda: <strong>remodelaci\u00f3n y reciclaje.<\/strong><\/li><\/ul>\t\t\t\t\t\t<\/div>\n\t\t\t\t<\/div>\n\t\t\t\t\t<\/div>\n\t\t<\/div>\n\t\t\t\t\t<\/div>\n\t\t<\/section>\n\t\t\t\t<section class=\"elementor-section elementor-top-section elementor-element elementor-element-f204e5b elementor-section-boxed elementor-section-height-default elementor-section-height-default\" data-id=\"f204e5b\" data-element_type=\"section\">\n\t\t\t\t\t\t<div class=\"elementor-container elementor-column-gap-default\">\n\t\t\t\t\t<div class=\"elementor-column elementor-col-100 elementor-top-column elementor-element elementor-element-5526db5\" data-id=\"5526db5\" data-element_type=\"column\">\n\t\t\t<div class=\"elementor-widget-wrap elementor-element-populated\">\n\t\t\t\t\t\t<div class=\"elementor-element elementor-element-d802c0f elementor-widget elementor-widget-shortcode\" data-id=\"d802c0f\" data-element_type=\"widget\" data-widget_type=\"shortcode.default\">\n\t\t\t\t<div class=\"elementor-widget-container\">\n\t\t\t\t\t<div class=\"elementor-shortcode\"><!-- Final Tiles Grid Gallery for WordPress v3.5.8 free --><style>#ftg-1212 .tile .icon { color:#ffffff; }#ftg-1212 .ftg-items .loading-bar i { background:#666; }#ftg-1212 .ftg-items .loading-bar { background:#fff; }#ftg-1212 .tile .icon { font-size:12px; }#ftg-1212 .tile .icon { margin: -6px 0 0 -6px; }#ftg-1212 .tile .caption-block .text-wrapper span.text { font-size:12px; }#ftg-1212 .tile .caption-outside .text-wrapper span.text { font-size:12px; }#ftg-1212 .tile .caption-block .text-wrapper span.title { font-size:14px; }#ftg-1212 .tile .caption-outside .text-wrapper span.title { font-size:14px; }#ftg-1212 .tile { background-color: transparent; }#ftg-1212 .tile .caption-block .text-wrapper span.text { color: #ffffff; }#ftg-1212 .tile .caption-block .text-wrapper span.title { color: #ffffff; }#ftg-1212 .tile .caption-outside .text-wrapper span.text { color: #ffffff; }#ftg-1212 .tile .caption-outside .text-wrapper span.title { color: #ffffff; }#ftg-1212 .tile .ftg-social a { color: #ffffff; }#ftg-1212 .tile .caption-block { transition-duration:0.25s; }#ftg-1212 .tile .tile-inner:before { background-color: #000000; }#ftg-1212 .tile .tile-inner:before { background-color: rgba(0, 0, 0, 0.8); }#ftg-1212 .tile:hover img {-moz-transform: -moz-rotate(0deg) -moz-scale(0) ;-webkit-transform: -webkit-rotate(0deg) -webkit-scale(0) ;-o-transform: -o-rotate(0deg) -o-scale(0) ;-ms-transform: -ms-rotate(0deg) -ms-scale(0) ;transform: rotate(0deg) scale(0) ;}<\/style><a name='12'><\/a><div class='final-tiles-gallery  ftg-hover-enabled caption-inside  caption-none caption-middle caption-center' id='ftg-1212' style='width:100%'><div class='ftg-items'><div class='loading-bar'><i><\/i><\/div><div  class='tile ftg-preload  '><a title=\"\" data-lightbox='ftg-1212' rel='ftg-1212'  class=' tile-inner  ftg-lightbox' href='https:\/\/siye.com.ar\/wp-content\/uploads\/2019\/08\/Siye-arquitectura-vivienda-unifamiliar-casa-caballito-foto-1.jpg' ><img alt='' class='item skip-lazy' data-class='item' data-ftg-source='http:\/\/siye.com.ar\/wp-content\/uploads\/2019\/08\/Siye-arquitectura-vivienda-unifamiliar-casa-caballito-foto-1.jpg' src='http:\/\/siye.com.ar\/wp-content\/uploads\/2019\/08\/Siye-arquitectura-vivienda-unifamiliar-casa-caballito-foto-1.jpg' width='600' height='800' \/><\/a><div class='ftg-social'><\/div><\/div><div  class='tile ftg-preload  '><a title=\"\" data-lightbox='ftg-1212' rel='ftg-1212'  class=' tile-inner  ftg-lightbox' href='https:\/\/siye.com.ar\/wp-content\/uploads\/2019\/08\/Siye-arquitectura-vivienda-unifamiliar-casa-caballito-foto-2.jpg' ><img alt='' class='item skip-lazy' data-class='item' data-ftg-source='http:\/\/siye.com.ar\/wp-content\/uploads\/2019\/08\/Siye-arquitectura-vivienda-unifamiliar-casa-caballito-foto-2.jpg' src='http:\/\/siye.com.ar\/wp-content\/uploads\/2019\/08\/Siye-arquitectura-vivienda-unifamiliar-casa-caballito-foto-2.jpg' width='600' height='800' \/><\/a><div class='ftg-social'><\/div><\/div><div  class='tile ftg-preload  '><a title=\"\" data-lightbox='ftg-1212' rel='ftg-1212'  class=' tile-inner  ftg-lightbox' href='https:\/\/siye.com.ar\/wp-content\/uploads\/2019\/08\/Siye-arquitectura-vivienda-unifamiliar-casa-caballito-foto-3.jpg' ><img alt='' class='item skip-lazy' data-class='item' data-ftg-source='http:\/\/siye.com.ar\/wp-content\/uploads\/2019\/08\/Siye-arquitectura-vivienda-unifamiliar-casa-caballito-foto-3.jpg' src='http:\/\/siye.com.ar\/wp-content\/uploads\/2019\/08\/Siye-arquitectura-vivienda-unifamiliar-casa-caballito-foto-3.jpg' width='600' height='800' \/><\/a><div class='ftg-social'><\/div><\/div><div  class='tile ftg-preload  '><a title=\"\" data-lightbox='ftg-1212' rel='ftg-1212'  class=' tile-inner  ftg-lightbox' href='https:\/\/siye.com.ar\/wp-content\/uploads\/2019\/08\/Siye-arquitectura-vivienda-unifamiliar-casa-caballito-foto-4.jpg' ><img alt='' class='item skip-lazy' data-class='item' data-ftg-source='http:\/\/siye.com.ar\/wp-content\/uploads\/2019\/08\/Siye-arquitectura-vivienda-unifamiliar-casa-caballito-foto-4.jpg' src='http:\/\/siye.com.ar\/wp-content\/uploads\/2019\/08\/Siye-arquitectura-vivienda-unifamiliar-casa-caballito-foto-4.jpg' width='600' height='800' \/><\/a><div class='ftg-social'><\/div><\/div><div  class='tile ftg-preload  '><a title=\"\" data-lightbox='ftg-1212' rel='ftg-1212'  class=' tile-inner  ftg-lightbox' href='https:\/\/siye.com.ar\/wp-content\/uploads\/2019\/08\/Siye-arquitectura-vivienda-unifamiliar-casa-caballito-foto-5.jpg' ><img alt='' class='item skip-lazy' data-class='item' data-ftg-source='http:\/\/siye.com.ar\/wp-content\/uploads\/2019\/08\/Siye-arquitectura-vivienda-unifamiliar-casa-caballito-foto-5.jpg' src='http:\/\/siye.com.ar\/wp-content\/uploads\/2019\/08\/Siye-arquitectura-vivienda-unifamiliar-casa-caballito-foto-5.jpg' width='600' height='800' \/><\/a><div class='ftg-social'><\/div><\/div><div  class='tile ftg-preload  '><a title=\"\" data-lightbox='ftg-1212' rel='ftg-1212'  class=' tile-inner  ftg-lightbox' href='https:\/\/siye.com.ar\/wp-content\/uploads\/2019\/08\/Siye-arquitectura-vivienda-unifamiliar-casa-caballito-foto-6.jpg' ><img alt='' class='item skip-lazy' data-class='item' data-ftg-source='http:\/\/siye.com.ar\/wp-content\/uploads\/2019\/08\/Siye-arquitectura-vivienda-unifamiliar-casa-caballito-foto-6.jpg' src='http:\/\/siye.com.ar\/wp-content\/uploads\/2019\/08\/Siye-arquitectura-vivienda-unifamiliar-casa-caballito-foto-6.jpg' width='600' height='800' \/><\/a><div class='ftg-social'><\/div><\/div><div  class='tile ftg-preload  '><a title=\"\" data-lightbox='ftg-1212' rel='ftg-1212'  class=' tile-inner  ftg-lightbox' href='https:\/\/siye.com.ar\/wp-content\/uploads\/2019\/08\/Siye-arquitectura-vivienda-unifamiliar-casa-caballito-foto-7.jpg' ><img alt='' class='item skip-lazy' data-class='item' data-ftg-source='http:\/\/siye.com.ar\/wp-content\/uploads\/2019\/08\/Siye-arquitectura-vivienda-unifamiliar-casa-caballito-foto-7.jpg' src='http:\/\/siye.com.ar\/wp-content\/uploads\/2019\/08\/Siye-arquitectura-vivienda-unifamiliar-casa-caballito-foto-7.jpg' width='600' height='800' \/><\/a><div class='ftg-social'><\/div><\/div><div  class='tile ftg-preload  '><a title=\"\" data-lightbox='ftg-1212' rel='ftg-1212'  class=' tile-inner  ftg-lightbox' href='https:\/\/siye.com.ar\/wp-content\/uploads\/2019\/08\/Siye-arquitectura-vivienda-unifamiliar-casa-caballito-foto-9.jpg' ><img alt='' class='item skip-lazy' data-class='item' data-ftg-source='http:\/\/siye.com.ar\/wp-content\/uploads\/2019\/08\/Siye-arquitectura-vivienda-unifamiliar-casa-caballito-foto-9.jpg' src='http:\/\/siye.com.ar\/wp-content\/uploads\/2019\/08\/Siye-arquitectura-vivienda-unifamiliar-casa-caballito-foto-9.jpg' width='600' height='800' \/><\/a><div class='ftg-social'><\/div><\/div><div  class='tile ftg-preload  '><a title=\"\" data-lightbox='ftg-1212' rel='ftg-1212'  class=' tile-inner  ftg-lightbox' href='https:\/\/siye.com.ar\/wp-content\/uploads\/2019\/08\/Siye-arquitectura-vivienda-unifamiliar-casa-caballito-foto-18.jpg' ><img alt='' class='item skip-lazy' data-class='item' data-ftg-source='http:\/\/siye.com.ar\/wp-content\/uploads\/2019\/08\/Siye-arquitectura-vivienda-unifamiliar-casa-caballito-foto-18.jpg' src='http:\/\/siye.com.ar\/wp-content\/uploads\/2019\/08\/Siye-arquitectura-vivienda-unifamiliar-casa-caballito-foto-18.jpg' width='600' height='800' \/><\/a><div class='ftg-social'><\/div><\/div><\/div><\/div><script type='text\/javascript'>jQuery('#ftg-1212 img.item').removeAttr('src');jQuery(document).ready(function () {setTimeout(function () {jQuery('#ftg-1212').finalTilesGallery({minTileWidth: 250,margin: 10,loadMethod: 'sequential',nonce: '970cd7b497',galleryId: '12',setupFilters: true,layout: 'columns',debug: false,gridSize: 25,disableGridSizeBelow:800,allowEnlargement: true,columns: [[4000, 2],[1024, 2],[800, 2],[480, 2],[320, 2]],selectedFilter: 'n-a'});jQuery(function () {(function () {var rel = '';jQuery('#ftg-1212 .ftg-lightbox').click(function (e) {rel = jQuery(this).attr('rel');jQuery('#ftg-1212 .ftg-current').removeClass('ftg-current');jQuery('#ftg-1212 [rel=\"'+rel+'\"]').addClass('ftg-current');});})();});}, 0);});<\/script><\/div>\n\t\t\t\t<\/div>\n\t\t\t\t<\/div>\n\t\t\t\t\t<\/div>\n\t\t<\/div>\n\t\t\t\t\t<\/div>\n\t\t<\/section>\n\t\t\t\t<section class=\"elementor-section elementor-top-section elementor-element elementor-element-44cf537 elementor-section-boxed elementor-section-height-default elementor-section-height-default\" data-id=\"44cf537\" data-element_type=\"section\">\n\t\t\t\t\t\t<div class=\"elementor-container elementor-column-gap-default\">\n\t\t\t\t\t<div class=\"elementor-column elementor-col-100 elementor-top-column elementor-element elementor-element-063d4e3\" data-id=\"063d4e3\" data-element_type=\"column\">\n\t\t\t<div class=\"elementor-widget-wrap elementor-element-populated\">\n\t\t\t\t\t\t<div class=\"elementor-element elementor-element-ab3acfd elementor-widget elementor-widget-shortcode\" data-id=\"ab3acfd\" data-element_type=\"widget\" data-widget_type=\"shortcode.default\">\n\t\t\t\t<div class=\"elementor-widget-container\">\n\t\t\t\t\t<div class=\"elementor-shortcode\"><!-- Final Tiles Grid Gallery for WordPress v3.5.8 free --><style>#ftg-2929 .tile .icon { color:#ffffff; }#ftg-2929 .ftg-items .loading-bar i { background:#666; }#ftg-2929 .ftg-items .loading-bar { background:#fff; }#ftg-2929 .tile .icon { font-size:12px; }#ftg-2929 .tile .icon { margin: -6px 0 0 -6px; }#ftg-2929 .tile .caption-block .text-wrapper span.text { font-size:12px; }#ftg-2929 .tile .caption-outside .text-wrapper span.text { font-size:12px; }#ftg-2929 .tile .caption-block .text-wrapper span.title { font-size:14px; }#ftg-2929 .tile .caption-outside .text-wrapper span.title { font-size:14px; }#ftg-2929 .tile { background-color: transparent; }#ftg-2929 .tile .caption-block .text-wrapper span.text { color: #ffffff; }#ftg-2929 .tile .caption-block .text-wrapper span.title { color: #ffffff; }#ftg-2929 .tile .caption-outside .text-wrapper span.text { color: #ffffff; }#ftg-2929 .tile .caption-outside .text-wrapper span.title { color: #ffffff; }#ftg-2929 .tile .ftg-social a { color: #ffffff; }#ftg-2929 .tile .caption-block { transition-duration:0.25s; }#ftg-2929 .tile .tile-inner:before { background-color: #000000; }#ftg-2929 .tile .tile-inner:before { background-color: rgba(0, 0, 0, 0.8); }#ftg-2929 .tile:hover img {-moz-transform: -moz-rotate(0deg) -moz-scale(0) ;-webkit-transform: -webkit-rotate(0deg) -webkit-scale(0) ;-o-transform: -o-rotate(0deg) -o-scale(0) ;-ms-transform: -ms-rotate(0deg) -ms-scale(0) ;transform: rotate(0deg) scale(0) ;}<\/style><a name='29'><\/a><div class='final-tiles-gallery  ftg-hover-enabled caption-inside  caption-none caption-middle caption-center' id='ftg-2929' style='width:100%'><div class='ftg-items'><div class='loading-bar'><i><\/i><\/div><div  class='tile ftg-preload  '><a title=\"\" data-lightbox='ftg-2929' rel='ftg-2929'  class=' tile-inner  ftg-lightbox' href='https:\/\/siye.com.ar\/wp-content\/uploads\/2019\/08\/Siye-arquitectura-vivienda-unifamiliar-casa-caballito-foto-10.jpg' ><img alt='' class='item skip-lazy' data-class='item' data-ftg-source='http:\/\/siye.com.ar\/wp-content\/uploads\/2019\/08\/Siye-arquitectura-vivienda-unifamiliar-casa-caballito-foto-10.jpg' src='http:\/\/siye.com.ar\/wp-content\/uploads\/2019\/08\/Siye-arquitectura-vivienda-unifamiliar-casa-caballito-foto-10.jpg' width='600' height='400' \/><\/a><div class='ftg-social'><\/div><\/div><\/div><\/div><script type='text\/javascript'>jQuery('#ftg-2929 img.item').removeAttr('src');jQuery(document).ready(function () {setTimeout(function () {jQuery('#ftg-2929').finalTilesGallery({minTileWidth: 250,margin: 10,loadMethod: 'sequential',nonce: '970cd7b497',galleryId: '29',setupFilters: true,layout: 'columns',debug: false,gridSize: 25,disableGridSizeBelow:800,allowEnlargement: true,columns: [[4000, 1],[1024, 2],[800, 2],[480, 2],[320, 2]],selectedFilter: 'n-a'});jQuery(function () {(function () {var rel = '';jQuery('#ftg-2929 .ftg-lightbox').click(function (e) {rel = jQuery(this).attr('rel');jQuery('#ftg-2929 .ftg-current').removeClass('ftg-current');jQuery('#ftg-2929 [rel=\"'+rel+'\"]').addClass('ftg-current');});})();});}, 0);});<\/script><\/div>\n\t\t\t\t<\/div>\n\t\t\t\t<\/div>\n\t\t\t\t\t<\/div>\n\t\t<\/div>\n\t\t\t\t\t<\/div>\n\t\t<\/section>\n\t\t\t\t<section class=\"elementor-section elementor-top-section elementor-element elementor-element-5fbbd8f elementor-section-boxed elementor-section-height-default elementor-section-height-default\" data-id=\"5fbbd8f\" data-element_type=\"section\">\n\t\t\t\t\t\t<div class=\"elementor-container elementor-column-gap-default\">\n\t\t\t\t\t<div class=\"elementor-column elementor-col-50 elementor-top-column elementor-element elementor-element-3ce50e3\" data-id=\"3ce50e3\" data-element_type=\"column\">\n\t\t\t<div class=\"elementor-widget-wrap elementor-element-populated\">\n\t\t\t\t\t\t<div class=\"elementor-element elementor-element-40e1764 elementor-view-default elementor-widget elementor-widget-icon\" data-id=\"40e1764\" data-element_type=\"widget\" data-widget_type=\"icon.default\">\n\t\t\t\t<div class=\"elementor-widget-container\">\n\t\t\t\t\t<div class=\"elementor-icon-wrapper\">\n\t\t\t<a class=\"elementor-icon\" href=\"https:\/\/siye.com.ar\/index.php\/unifamiliar\/\" rel=\"nofollow\">\n\t\t\t<i aria-hidden=\"true\" class=\"fas fa-chevron-left\"><\/i>\t\t\t<\/a>\n\t\t<\/div>\n\t\t\t\t<\/div>\n\t\t\t\t<\/div>\n\t\t\t\t\t<\/div>\n\t\t<\/div>\n\t\t\t\t<div class=\"elementor-column elementor-col-50 elementor-top-column elementor-element elementor-element-7d67be0\" data-id=\"7d67be0\" data-element_type=\"column\">\n\t\t\t<div class=\"elementor-widget-wrap elementor-element-populated\">\n\t\t\t\t\t\t<div class=\"elementor-element elementor-element-0019ee7 elementor-widget elementor-widget-heading\" data-id=\"0019ee7\" data-element_type=\"widget\" data-widget_type=\"heading.default\">\n\t\t\t\t<div class=\"elementor-widget-container\">\n\t\t\t<h5 class=\"elementor-heading-title elementor-size-default\"><a href=\"https:\/\/siye.com.ar\/index.php\/unifamiliar\/\" rel=\"nofollow\">volver<\/a><\/h5>\t\t<\/div>\n\t\t\t\t<\/div>\n\t\t\t\t\t<\/div>\n\t\t<\/div>\n\t\t\t\t\t<\/div>\n\t\t<\/section>\n\t\t\t\t<section class=\"elementor-section elementor-top-section elementor-element elementor-element-38cb1d8 elementor-section-boxed elementor-section-height-default elementor-section-height-default\" data-id=\"38cb1d8\" data-element_type=\"section\">\n\t\t\t\t\t\t<div class=\"elementor-container elementor-column-gap-default\">\n\t\t\t\t\t<div class=\"elementor-column elementor-col-100 elementor-top-column elementor-element elementor-element-4d3007b\" data-id=\"4d3007b\" data-element_type=\"column\">\n\t\t\t<div class=\"elementor-widget-wrap elementor-element-populated\">\n\t\t\t\t\t\t<div class=\"elementor-element elementor-element-dfa563a elementor-widget elementor-widget-spacer\" data-id=\"dfa563a\" data-element_type=\"widget\" data-widget_type=\"spacer.default\">\n\t\t\t\t<div class=\"elementor-widget-container\">\n\t\t\t\t\t<div class=\"elementor-spacer\">\n\t\t\t<div class=\"elementor-spacer-inner\"><\/div>\n\t\t<\/div>\n\t\t\t\t<\/div>\n\t\t\t\t<\/div>\n\t\t\t\t\t<\/div>\n\t\t<\/div>\n\t\t\t\t\t<\/div>\n\t\t<\/section>\n\t\t\t\t<\/div>\n\t\t","protected":false},"excerpt":{"rendered":"<p>&#8211; CASA CBL &#8211; Proyecto, construcci\u00f3n y direcci\u00f3n de obra: Slepoy estudio + SIYE S.A. Ubicaci\u00f3n: C.A.B.A. A\u00f1o de finalizaci\u00f3n: [&hellip;]<\/p>\n","protected":false},"author":1,"featured_media":0,"parent":0,"menu_order":0,"comment_status":"closed","ping_status":"closed","template":"page-templates\/template_page-builder.php","meta":{"_joinchat":[]},"_links":{"self":[{"href":"https:\/\/siye.com.ar\/index.php\/wp-json\/wp\/v2\/pages\/952"}],"collection":[{"href":"https:\/\/siye.com.ar\/index.php\/wp-json\/wp\/v2\/pages"}],"about":[{"href":"https:\/\/siye.com.ar\/index.php\/wp-json\/wp\/v2\/types\/page"}],"author":[{"embeddable":true,"href":"https:\/\/siye.com.ar\/index.php\/wp-json\/wp\/v2\/users\/1"}],"replies":[{"embeddable":true,"href":"https:\/\/siye.com.ar\/index.php\/wp-json\/wp\/v2\/comments?post=952"}],"version-history":[{"count":0,"href":"https:\/\/siye.com.ar\/index.php\/wp-json\/wp\/v2\/pages\/952\/revisions"}],"wp:attachment":[{"href":"https:\/\/siye.com.ar\/index.php\/wp-json\/wp\/v2\/media?parent=952"}],"curies":[{"name":"wp","href":"https:\/\/api.w.org\/{rel}","templated":true}]}}